{"id":3564,"date":"2022-07-19T18:42:31","date_gmt":"2022-07-19T16:42:31","guid":{"rendered":"https:\/\/www.alfen.pl\/balustrady\/"},"modified":"2024-08-14T09:09:46","modified_gmt":"2024-08-14T07:09:46","slug":"balustrady","status":"publish","type":"page","link":"https:\/\/www.alfen.pl\/cs\/balustrady\/","title":{"rendered":"Z\u00e1bradl\u00ed"},"content":{"rendered":"<div class=\"wp-block-advgb-container advgb-blocks-container\">\n<figure class=\"wp-block-image size-full\"><img loading=\"lazy\" decoding=\"async\" width=\"1920\" height=\"1080\" src=\"https:\/\/www.alfen.pl\/wp-content\/uploads\/2022\/07\/Alfen-B01.jpg\" alt=\"\" class=\"wp-image-3649\" srcset=\"https:\/\/www.alfen.pl\/wp-content\/uploads\/2022\/07\/Alfen-B01.jpg 1920w, https:\/\/www.alfen.pl\/wp-content\/uploads\/2022\/07\/Alfen-B01-500x281.jpg 500w, https:\/\/www.alfen.pl\/wp-content\/uploads\/2022\/07\/Alfen-B01-1024x576.jpg 1024w, https:\/\/www.alfen.pl\/wp-content\/uploads\/2022\/07\/Alfen-B01-768x432.jpg 768w, https:\/\/www.alfen.pl\/wp-content\/uploads\/2022\/07\/Alfen-B01-1536x864.jpg 1536w\" sizes=\"auto, (max-width: 1920px) 100vw, 1920px\" \/><\/figure>\n\n\n\n<div style=\"height:72px\" aria-hidden=\"true\" class=\"wp-block-spacer\"><\/div>\n\n\n\n<h2 class=\"wp-block-heading\" style=\"font-size:30px\">Balkonov\u00e9 z\u00e1bradl\u00ed - design a kvalita na dlouh\u00e1 l\u00e9ta<\/h2>\n\n\n\n<div style=\"height:9px\" aria-hidden=\"true\" class=\"wp-block-spacer\"><\/div>\n\n\n\n<p style=\"font-size:16px\">Ka\u017ed\u00fd m\u011bl za sv\u016fj \u017eivot mo\u017enost vid\u011bt tis\u00edce balkonov\u00fdch z\u00e1bradl\u00ed r\u016fzn\u00fdch styl\u016f. Sta\u010d\u00ed se pod\u00edvat do jak\u00e9hokoli panel\u00e1ku a uvid\u00edte des\u00edtky takov\u00fdch konstrukc\u00ed. Na jedn\u00e9 stran\u011b pln\u00ed praktickou funkci - ohrazuj\u00ed prostor balkonu - a na stran\u011b druh\u00e9 jsou v\u00fdraznou dekorac\u00ed. Skloubit tyto role nen\u00ed snadn\u00e9, ale je to mo\u017en\u00e9, pokud si vyberete hlin\u00edkov\u00e9 z\u00e1bradl\u00ed spr\u00e1vn\u00e9 kvality, navr\u017een\u00e9 a vyroben\u00e9 odborn\u00edky. Pr\u00e1v\u011b takov\u00e9 modely nab\u00edz\u00edme na\u0161im z\u00e1kazn\u00edk\u016fm.<\/p>\n\n\n\n<p style=\"font-size:16px\">Jsme p\u0159esv\u011bd\u010deni, \u017ee v\u00fdrobky nezklamou o\u010dek\u00e1v\u00e1n\u00ed ani t\u011bch nejn\u00e1ro\u010dn\u011bj\u0161\u00edch. Budou nejen zdobit vn\u011bj\u0161\u00ed konstrukci budovy, ale tak\u00e9 chr\u00e1nit prostor balkonu, kde se pohybuj\u00ed dosp\u011bl\u00ed i d\u011bti. Balkonov\u00e9 z\u00e1bradl\u00ed z na\u0161\u00ed nab\u00eddky si budete moci po\u0159\u00eddit na mnoho let. Z n\u00e1ro\u010dn\u00fdch \"souboj\u016f\" s po\u010das\u00edm, od extr\u00e9mn\u00edch teplot a\u017e po sn\u011b\u017een\u00ed nebo d\u00e9\u0161\u0165, vyjde v\u00edt\u011bzn\u011b. Pot\u0159ebujete podrobn\u00e9 informace? Sta\u010d\u00ed n\u00e1m zavolat.<\/p>\n\n\n\n<div style=\"height:15px\" aria-hidden=\"true\" class=\"wp-block-spacer\"><\/div>\n\n\n\n<h2 class=\"wp-block-heading\" style=\"font-size:30px\">Precizn\u011b vyroben\u00e9 z\u00e1bradl\u00ed z nejlep\u0161\u00edch materi\u00e1l\u016f<\/h2>\n\n\n\n<div style=\"height:9px\" aria-hidden=\"true\" class=\"wp-block-spacer\"><\/div>\n\n\n\n<p style=\"font-size:16px\">Jak zjist\u00edte, zda je balkonov\u00e9 z\u00e1bradl\u00ed kvalitn\u00ed? D\u016fle\u017eit\u00e9 jsou p\u0159edev\u0161\u00edm materi\u00e1ly pou\u017eit\u00e9 p\u0159i v\u00fdrob\u011b. Pouze ty nejlep\u0161\u00ed materi\u00e1ly dostate\u010dn\u011b odol\u00e1vaj\u00ed po\u0161kozen\u00ed nebo deformaci. Materi\u00e1l by m\u011bl b\u00fdt vhodn\u011b chr\u00e1n\u011bn, aby z\u016fstal necitliv\u00fd na pov\u011btrnostn\u00ed podm\u00ednky. Tyto po\u017eadavky spl\u0148uje ka\u017ed\u00e9 hlin\u00edkov\u00e9 z\u00e1bradl\u00ed z na\u0161\u00ed nab\u00eddky. V t\u00e9to v\u011bci n\u00e1m m\u016f\u017eete d\u016fv\u011b\u0159ovat, proto\u017ee ploty vyr\u00e1b\u00edme ji\u017e n\u011bkolik desetilet\u00ed. Jsme zku\u0161en\u00ed odborn\u00edci.<\/p>\n\n\n\n<p style=\"font-size:16px\">P\u0159i v\u00fdb\u011bru ide\u00e1ln\u00edho v\u00fdrobku je t\u0159eba v\u011bnovat pozornost konstruk\u010dn\u00edm detail\u016fm, jako jsou spoje prvk\u016f. Pouze precizn\u011b navr\u017een\u00e9 a n\u00e1sledn\u011b vyroben\u00e9 z\u00e1bradl\u00ed je dostate\u010dn\u011b stabiln\u00ed. Vzhledem ke zna\u010dn\u00fdm v\u00fd\u0161k\u00e1m, ve kter\u00fdch se hlin\u00edkov\u00e9 z\u00e1bradl\u00ed \u010dasto instaluje, je to velmi d\u016fle\u017eit\u00e9. Uspokojiv\u00e9 parametry jsme schopni zaru\u010dit, proto\u017ee jsme vyvinuli vlastn\u00ed syst\u00e9m hlin\u00edkov\u00fdch profil\u016f s nadpr\u016fm\u011brn\u00fdmi vlastnostmi. Zveme v\u00e1s k n\u00e1kupu nebo n\u00e1s kontaktujte!<\/p>\n<\/div>","protected":false},"excerpt":{"rendered":"<p>Modely t\u00e9to skupiny se vyzna\u010duj\u00ed horizont\u00e1ln\u00edm uspo\u0159\u00e1d\u00e1n\u00edm lamel. Jsou vyrobeny z obd\u00e9ln\u00edkov\u00fdch nebo rovnob\u011b\u017en\u00edkov\u00fdch profil\u016f. Velikost lamel se pohybuje od 50 mm do 200 mm. D\u00edky \u0161irok\u00e9 \u0161k\u00e1le mo\u017enost\u00ed konfigurace (velikost, tvar, uspo\u0159\u00e1d\u00e1n\u00ed a vzd\u00e1lenost mezi lamelami) lze modely t\u00e9to skupiny p\u0159izp\u016fsobit jak velmi modern\u00edm architektonick\u00fdm n\u00e1vrh\u016fm, tak klasick\u00fdm dom\u016fm.<\/p>","protected":false},"author":1,"featured_media":4393,"parent":0,"menu_order":0,"comment_status":"closed","ping_status":"closed","template":"","meta":{"inline_featured_image":false,"_uag_custom_page_level_css":"","advgb_blocks_editor_width":"","advgb_blocks_columns_visual_guide":"","footnotes":""},"class_list":["post-3564","page","type-page","status-publish","has-post-thumbnail","hentry"],"yoast_head":"<!-- This site is optimized with the Yoast SEO plugin v27.4 - https:\/\/yoast.com\/product\/yoast-seo-wordpress\/ -->\n<title>Balustrada balkonowa | Alfen<\/title>\n<meta name=\"description\" content=\"Odkryj estetyczne i trwa\u0142e balustrady Alfen. Stw\u00f3rz bezpieczn\u0105 przestrze\u0144 dla siebie i bliskich. Oferujemy wiele wzor\u00f3w i opcji dostosowania do Twoich potrzeb.\" \/>\n<meta name=\"robots\" content=\"index, follow, max-snippet:-1, max-image-preview:large, max-video-preview:-1\" \/>\n<link rel=\"canonical\" href=\"https:\/\/www.alfen.pl\/cs\/balustrady\/\" \/>\n<meta property=\"og:locale\" content=\"cs_CZ\" \/>\n<meta property=\"og:type\" content=\"article\" \/>\n<meta property=\"og:title\" content=\"Balustrada balkonowa | Alfen\" \/>\n<meta property=\"og:description\" content=\"Odkryj estetyczne i trwa\u0142e balustrady Alfen. Stw\u00f3rz bezpieczn\u0105 przestrze\u0144 dla siebie i bliskich. Oferujemy wiele wzor\u00f3w i opcji dostosowania do Twoich potrzeb.\" \/>\n<meta property=\"og:url\" content=\"https:\/\/www.alfen.pl\/cs\/balustrady\/\" \/>\n<meta property=\"og:site_name\" content=\"Alfen\" \/>\n<meta property=\"article:modified_time\" content=\"2024-08-14T07:09:46+00:00\" \/>\n<meta property=\"og:image\" content=\"https:\/\/www.alfen.pl\/wp-content\/uploads\/2023\/05\/r06-main.jpg\" \/>\n\t<meta property=\"og:image:width\" content=\"1920\" \/>\n\t<meta property=\"og:image:height\" content=\"1080\" \/>\n\t<meta property=\"og:image:type\" content=\"image\/jpeg\" \/>\n<meta name=\"twitter:card\" content=\"summary_large_image\" \/>\n<meta name=\"twitter:label1\" content=\"Odhadovan\u00e1 doba \u010dten\u00ed\" \/>\n\t<meta name=\"twitter:data1\" content=\"2 minuty\" \/>\n<script type=\"application\/ld+json\" class=\"yoast-schema-graph\">{\"@context\":\"https:\\\/\\\/schema.org\",\"@graph\":[{\"@type\":\"WebPage\",\"@id\":\"https:\\\/\\\/www.alfen.pl\\\/balustrady\\\/\",\"url\":\"https:\\\/\\\/www.alfen.pl\\\/balustrady\\\/\",\"name\":\"Balustrada balkonowa | Alfen\",\"isPartOf\":{\"@id\":\"https:\\\/\\\/www.alfen.pl\\\/#website\"},\"primaryImageOfPage\":{\"@id\":\"https:\\\/\\\/www.alfen.pl\\\/balustrady\\\/#primaryimage\"},\"image\":{\"@id\":\"https:\\\/\\\/www.alfen.pl\\\/balustrady\\\/#primaryimage\"},\"thumbnailUrl\":\"https:\\\/\\\/www.alfen.pl\\\/wp-content\\\/uploads\\\/2023\\\/05\\\/r06-main.jpg\",\"datePublished\":\"2022-07-19T16:42:31+00:00\",\"dateModified\":\"2024-08-14T07:09:46+00:00\",\"description\":\"Odkryj estetyczne i trwa\u0142e balustrady Alfen. Stw\u00f3rz bezpieczn\u0105 przestrze\u0144 dla siebie i bliskich. Oferujemy wiele wzor\u00f3w i opcji dostosowania do Twoich potrzeb.\",\"breadcrumb\":{\"@id\":\"https:\\\/\\\/www.alfen.pl\\\/balustrady\\\/#breadcrumb\"},\"inLanguage\":\"cs\",\"potentialAction\":[{\"@type\":\"ReadAction\",\"target\":[\"https:\\\/\\\/www.alfen.pl\\\/balustrady\\\/\"]}]},{\"@type\":\"ImageObject\",\"inLanguage\":\"cs\",\"@id\":\"https:\\\/\\\/www.alfen.pl\\\/balustrady\\\/#primaryimage\",\"url\":\"https:\\\/\\\/www.alfen.pl\\\/wp-content\\\/uploads\\\/2023\\\/05\\\/r06-main.jpg\",\"contentUrl\":\"https:\\\/\\\/www.alfen.pl\\\/wp-content\\\/uploads\\\/2023\\\/05\\\/r06-main.jpg\",\"width\":1920,\"height\":1080},{\"@type\":\"BreadcrumbList\",\"@id\":\"https:\\\/\\\/www.alfen.pl\\\/balustrady\\\/#breadcrumb\",\"itemListElement\":[{\"@type\":\"ListItem\",\"position\":1,\"name\":\"Alfen\",\"item\":\"https:\\\/\\\/www.alfen.pl\\\/\"},{\"@type\":\"ListItem\",\"position\":2,\"name\":\"Balustrady\"}]},{\"@type\":\"WebSite\",\"@id\":\"https:\\\/\\\/www.alfen.pl\\\/#website\",\"url\":\"https:\\\/\\\/www.alfen.pl\\\/\",\"name\":\"Alfen\",\"description\":\"Premium aluminum fences\",\"publisher\":{\"@id\":\"https:\\\/\\\/www.alfen.pl\\\/#organization\"},\"potentialAction\":[{\"@type\":\"SearchAction\",\"target\":{\"@type\":\"EntryPoint\",\"urlTemplate\":\"https:\\\/\\\/www.alfen.pl\\\/?s={search_term_string}\"},\"query-input\":{\"@type\":\"PropertyValueSpecification\",\"valueRequired\":true,\"valueName\":\"search_term_string\"}}],\"inLanguage\":\"cs\"},{\"@type\":\"Organization\",\"@id\":\"https:\\\/\\\/www.alfen.pl\\\/#organization\",\"name\":\"Alfen\",\"url\":\"https:\\\/\\\/www.alfen.pl\\\/\",\"logo\":{\"@type\":\"ImageObject\",\"inLanguage\":\"cs\",\"@id\":\"https:\\\/\\\/www.alfen.pl\\\/#\\\/schema\\\/logo\\\/image\\\/\",\"url\":\"https:\\\/\\\/www.alfen.pl\\\/wp-content\\\/uploads\\\/2023\\\/05\\\/logo-alfen-pn6g1u7a96jpxbbl1fnd7lrrq2do24o5l3xhqiompy.png\",\"contentUrl\":\"https:\\\/\\\/www.alfen.pl\\\/wp-content\\\/uploads\\\/2023\\\/05\\\/logo-alfen-pn6g1u7a96jpxbbl1fnd7lrrq2do24o5l3xhqiompy.png\",\"width\":150,\"height\":39,\"caption\":\"Alfen\"},\"image\":{\"@id\":\"https:\\\/\\\/www.alfen.pl\\\/#\\\/schema\\\/logo\\\/image\\\/\"}}]}<\/script>\n<!-- \/ Yoast SEO plugin. -->","yoast_head_json":{"title":"Balustrada balkonowa | Alfen","description":"Odkryj estetyczne i trwa\u0142e balustrady Alfen. Stw\u00f3rz bezpieczn\u0105 przestrze\u0144 dla siebie i bliskich. Oferujemy wiele wzor\u00f3w i opcji dostosowania do Twoich potrzeb.","robots":{"index":"index","follow":"follow","max-snippet":"max-snippet:-1","max-image-preview":"max-image-preview:large","max-video-preview":"max-video-preview:-1"},"canonical":"https:\/\/www.alfen.pl\/cs\/balustrady\/","og_locale":"cs_CZ","og_type":"article","og_title":"Balustrada balkonowa | Alfen","og_description":"Odkryj estetyczne i trwa\u0142e balustrady Alfen. Stw\u00f3rz bezpieczn\u0105 przestrze\u0144 dla siebie i bliskich. Oferujemy wiele wzor\u00f3w i opcji dostosowania do Twoich potrzeb.","og_url":"https:\/\/www.alfen.pl\/cs\/balustrady\/","og_site_name":"Alfen","article_modified_time":"2024-08-14T07:09:46+00:00","og_image":[{"width":1920,"height":1080,"url":"https:\/\/www.alfen.pl\/wp-content\/uploads\/2023\/05\/r06-main.jpg","type":"image\/jpeg"}],"twitter_card":"summary_large_image","twitter_misc":{"Odhadovan\u00e1 doba \u010dten\u00ed":"2 minuty"},"schema":{"@context":"https:\/\/schema.org","@graph":[{"@type":"WebPage","@id":"https:\/\/www.alfen.pl\/balustrady\/","url":"https:\/\/www.alfen.pl\/balustrady\/","name":"Balustrada balkonowa | Alfen","isPartOf":{"@id":"https:\/\/www.alfen.pl\/#website"},"primaryImageOfPage":{"@id":"https:\/\/www.alfen.pl\/balustrady\/#primaryimage"},"image":{"@id":"https:\/\/www.alfen.pl\/balustrady\/#primaryimage"},"thumbnailUrl":"https:\/\/www.alfen.pl\/wp-content\/uploads\/2023\/05\/r06-main.jpg","datePublished":"2022-07-19T16:42:31+00:00","dateModified":"2024-08-14T07:09:46+00:00","description":"Odkryj estetyczne i trwa\u0142e balustrady Alfen. Stw\u00f3rz bezpieczn\u0105 przestrze\u0144 dla siebie i bliskich. Oferujemy wiele wzor\u00f3w i opcji dostosowania do Twoich potrzeb.","breadcrumb":{"@id":"https:\/\/www.alfen.pl\/balustrady\/#breadcrumb"},"inLanguage":"cs","potentialAction":[{"@type":"ReadAction","target":["https:\/\/www.alfen.pl\/balustrady\/"]}]},{"@type":"ImageObject","inLanguage":"cs","@id":"https:\/\/www.alfen.pl\/balustrady\/#primaryimage","url":"https:\/\/www.alfen.pl\/wp-content\/uploads\/2023\/05\/r06-main.jpg","contentUrl":"https:\/\/www.alfen.pl\/wp-content\/uploads\/2023\/05\/r06-main.jpg","width":1920,"height":1080},{"@type":"BreadcrumbList","@id":"https:\/\/www.alfen.pl\/balustrady\/#breadcrumb","itemListElement":[{"@type":"ListItem","position":1,"name":"Alfen","item":"https:\/\/www.alfen.pl\/"},{"@type":"ListItem","position":2,"name":"Balustrady"}]},{"@type":"WebSite","@id":"https:\/\/www.alfen.pl\/#website","url":"https:\/\/www.alfen.pl\/","name":"Alfen","description":"Premium aluminum fences","publisher":{"@id":"https:\/\/www.alfen.pl\/#organization"},"potentialAction":[{"@type":"SearchAction","target":{"@type":"EntryPoint","urlTemplate":"https:\/\/www.alfen.pl\/?s={search_term_string}"},"query-input":{"@type":"PropertyValueSpecification","valueRequired":true,"valueName":"search_term_string"}}],"inLanguage":"cs"},{"@type":"Organization","@id":"https:\/\/www.alfen.pl\/#organization","name":"Alfen","url":"https:\/\/www.alfen.pl\/","logo":{"@type":"ImageObject","inLanguage":"cs","@id":"https:\/\/www.alfen.pl\/#\/schema\/logo\/image\/","url":"https:\/\/www.alfen.pl\/wp-content\/uploads\/2023\/05\/logo-alfen-pn6g1u7a96jpxbbl1fnd7lrrq2do24o5l3xhqiompy.png","contentUrl":"https:\/\/www.alfen.pl\/wp-content\/uploads\/2023\/05\/logo-alfen-pn6g1u7a96jpxbbl1fnd7lrrq2do24o5l3xhqiompy.png","width":150,"height":39,"caption":"Alfen"},"image":{"@id":"https:\/\/www.alfen.pl\/#\/schema\/logo\/image\/"}}]}},"uagb_featured_image_src":{"full":["https:\/\/www.alfen.pl\/wp-content\/uploads\/2023\/05\/r06-main.jpg",1920,1080,false],"thumbnail":["https:\/\/www.alfen.pl\/wp-content\/uploads\/2023\/05\/r06-main-150x150.jpg",150,150,true],"medium":["https:\/\/www.alfen.pl\/wp-content\/uploads\/2023\/05\/r06-main-500x281.jpg",500,281,true],"medium_large":["https:\/\/www.alfen.pl\/wp-content\/uploads\/2023\/05\/r06-main-768x432.jpg",768,432,true],"large":["https:\/\/www.alfen.pl\/wp-content\/uploads\/2023\/05\/r06-main-1024x576.jpg",1024,576,true],"1536x1536":["https:\/\/www.alfen.pl\/wp-content\/uploads\/2023\/05\/r06-main-1536x864.jpg",1536,864,true],"2048x2048":["https:\/\/www.alfen.pl\/wp-content\/uploads\/2023\/05\/r06-main.jpg",1920,1080,false],"trp-custom-language-flag":["https:\/\/www.alfen.pl\/wp-content\/uploads\/2023\/05\/r06-main-18x10.jpg",18,10,true]},"uagb_author_info":{"display_name":"jakub","author_link":"https:\/\/www.alfen.pl\/cs\/author\/jakub\/"},"uagb_comment_info":0,"uagb_excerpt":"Modele w te grupie charakteryzuj\u0105 si\u0119 poziomym uk\u0142adem lameli. Zbudowane s\u0105 z profili o kszta\u0142cie prostok\u0105ta lub r\u00f3wnoleg\u0142oboku. Lamele maj\u0105 rozmiar od 50mm do 200mm. Dzi\u0119ki szerokim mo\u017cliwo\u015bciom konfiguracji (rozmiar, kszta\u0142t, u\u0142o\u017cenie oraz odst\u0119p mi\u0119dzy lamelami), modele z tej grupy mo\u017cna dopasowa\u0107 zar\u00f3wno do bardzo nowoczesnych projekt\u00f3w architektonicznych jak i klasycznych dom\u00f3w.","coauthors":[],"author_meta":{"author_link":"https:\/\/www.alfen.pl\/cs\/author\/jakub\/","display_name":"jakub"},"relative_dates":{"created":"Posted 4 roky ago","modified":"Updated 2 roky ago"},"absolute_dates":{"created":"Posted on 19 \u010dervence 2022","modified":"Updated on 14 srpna 2024"},"absolute_dates_time":{"created":"Posted on 19 \u010dervence 2022 18:42","modified":"Updated on 14 srpna 2024 09:09"},"featured_img_caption":"","featured_img":"https:\/\/www.alfen.pl\/wp-content\/uploads\/2023\/05\/r06-main.jpg","series_order":"","_links":{"self":[{"href":"https:\/\/www.alfen.pl\/cs\/wp-json\/wp\/v2\/pages\/3564","targetHints":{"allow":["GET"]}}],"collection":[{"href":"https:\/\/www.alfen.pl\/cs\/wp-json\/wp\/v2\/pages"}],"about":[{"href":"https:\/\/www.alfen.pl\/cs\/wp-json\/wp\/v2\/types\/page"}],"author":[{"embeddable":true,"href":"https:\/\/www.alfen.pl\/cs\/wp-json\/wp\/v2\/users\/1"}],"replies":[{"embeddable":true,"href":"https:\/\/www.alfen.pl\/cs\/wp-json\/wp\/v2\/comments?post=3564"}],"version-history":[{"count":1,"href":"https:\/\/www.alfen.pl\/cs\/wp-json\/wp\/v2\/pages\/3564\/revisions"}],"predecessor-version":[{"id":5659,"href":"https:\/\/www.alfen.pl\/cs\/wp-json\/wp\/v2\/pages\/3564\/revisions\/5659"}],"wp:featuredmedia":[{"embeddable":true,"href":"https:\/\/www.alfen.pl\/cs\/wp-json\/wp\/v2\/media\/4393"}],"wp:attachment":[{"href":"https:\/\/www.alfen.pl\/cs\/wp-json\/wp\/v2\/media?parent=3564"}],"curies":[{"name":"wp","href":"https:\/\/api.w.org\/{rel}","templated":true}]}}