{"id":4409,"date":"2023-05-26T15:13:29","date_gmt":"2023-05-26T13:13:29","guid":{"rendered":"https:\/\/www.alfen.pl\/?page_id=4409"},"modified":"2025-09-16T10:20:45","modified_gmt":"2025-09-16T08:20:45","slug":"do-pobrania","status":"publish","type":"page","link":"https:\/\/www.alfen.pl\/cs\/do-pobrania\/","title":{"rendered":"Do pobrania"},"content":{"rendered":"<div class=\"wp-block-file\"><a id=\"wp-block-file--media-80dd0434-f9e0-44e7-b894-baf059c79d66\" href=\"https:\/\/www.alfen.pl\/wp-content\/uploads\/2025\/09\/ALFEN-Katalog-2025-PL.pdf\">ALFEN Katalog 2025 PL<\/a><a href=\"https:\/\/www.alfen.pl\/wp-content\/uploads\/2025\/09\/ALFEN-Katalog-2025-PL.pdf\" class=\"wp-block-file__button wp-element-button\" download aria-describedby=\"wp-block-file--media-80dd0434-f9e0-44e7-b894-baf059c79d66\">St\u00e1hnout<\/a><\/div>\n\n\n\n<div class=\"wp-block-file\"><a id=\"wp-block-file--media-75534f5f-6ed4-43e3-bbd0-f2bb7fe039b2\" href=\"https:\/\/www.alfen.pl\/wp-content\/uploads\/2024\/12\/ALFEN-Product-catalog-2025-EN.pdf\">ALFEN Product catalog 2025 EN<\/a><a href=\"https:\/\/www.alfen.pl\/wp-content\/uploads\/2024\/12\/ALFEN-Product-catalog-2025-EN.pdf\" class=\"wp-block-file__button wp-element-button\" download aria-describedby=\"wp-block-file--media-75534f5f-6ed4-43e3-bbd0-f2bb7fe039b2\">St\u00e1hnout<\/a><\/div>\n\n\n\n<div class=\"wp-block-file\"><a id=\"wp-block-file--media-f27c86bb-5399-47d5-b883-cd1217ead038\" href=\"https:\/\/www.alfen.pl\/wp-content\/uploads\/2024\/12\/ALFEN-Produktkatalog-2025-DE.pdf\">ALFEN Produktkatalog 2025 DE<\/a><a href=\"https:\/\/www.alfen.pl\/wp-content\/uploads\/2024\/12\/ALFEN-Produktkatalog-2025-DE.pdf\" class=\"wp-block-file__button wp-element-button\" download aria-describedby=\"wp-block-file--media-f27c86bb-5399-47d5-b883-cd1217ead038\">St\u00e1hnout<\/a><\/div>\n\n\n\n<div class=\"wp-block-file\"><a id=\"wp-block-file--media-843dd5f7-af99-4522-89a7-3c244a189d98\" href=\"https:\/\/www.alfen.pl\/wp-content\/uploads\/2025\/09\/ALFEN-OWG-OWU-2025-PL.pdf\">ALFEN-OWG-OWU-2025-PL<\/a><a href=\"https:\/\/www.alfen.pl\/wp-content\/uploads\/2025\/09\/ALFEN-OWG-OWU-2025-PL.pdf\" class=\"wp-block-file__button wp-element-button\" download aria-describedby=\"wp-block-file--media-843dd5f7-af99-4522-89a7-3c244a189d98\">St\u00e1hnout<\/a><\/div>\n\n\n\n<div class=\"wp-block-file\"><a id=\"wp-block-file--media-bfa0b330-685f-46c6-a7c0-7d889b8ae8a6\" href=\"https:\/\/www.alfen.pl\/wp-content\/uploads\/2024\/12\/ALFEN-instrukcja-furtki.pdf\">ALFEN &#8211; instrukcja furtki<\/a><a href=\"https:\/\/www.alfen.pl\/wp-content\/uploads\/2024\/12\/ALFEN-instrukcja-furtki.pdf\" class=\"wp-block-file__button wp-element-button\" download aria-describedby=\"wp-block-file--media-bfa0b330-685f-46c6-a7c0-7d889b8ae8a6\">St\u00e1hnout<\/a><\/div>\n\n\n\n<div class=\"wp-block-file\"><a id=\"wp-block-file--media-189f451d-83d7-44bc-b949-66431aca0245\" href=\"https:\/\/www.alfen.pl\/wp-content\/uploads\/2023\/11\/ALFEN-Instrukcja-BP-PL.pdf\">ALFEN - BP manu\u00e1l PL<\/a><a href=\"https:\/\/www.alfen.pl\/wp-content\/uploads\/2023\/11\/ALFEN-Instrukcja-BP-PL.pdf\" class=\"wp-block-file__button wp-element-button\" download aria-describedby=\"wp-block-file--media-189f451d-83d7-44bc-b949-66431aca0245\">St\u00e1hnout<\/a><\/div>\n\n\n\n<p><\/p>","protected":false},"excerpt":{"rendered":"<p>Hlin\u00edkov\u00e9 oplocen\u00ed LFEN nen\u00ed jen o dokonal\u00e9m zpracov\u00e1n\u00ed a bezkonkuren\u010dn\u00ed pozornosti v\u011bnovan\u00e9 detail\u016fm, ale tak\u00e9 o nejkvalitn\u011bj\u0161\u00edch materi\u00e1lech pou\u017e\u00edvan\u00fdch p\u0159i v\u00fdrob\u011b a patentovan\u00fdch profilech a \u0159e\u0161en\u00edch.<\/p>","protected":false},"author":51,"featured_media":4287,"parent":0,"menu_order":0,"comment_status":"closed","ping_status":"closed","template":"","meta":{"inline_featured_image":false,"_uag_custom_page_level_css":"","advgb_blocks_editor_width":"","advgb_blocks_columns_visual_guide":"","footnotes":""},"class_list":["post-4409","page","type-page","status-publish","has-post-thumbnail","hentry"],"yoast_head":"<!-- This site is optimized with the Yoast SEO plugin v27.4 - https:\/\/yoast.com\/product\/yoast-seo-wordpress\/ -->\n<title>Do pobrania - Producent bram i ogrodze\u0144 aluminiowych | Alfen<\/title>\n<meta name=\"description\" content=\"ALFEN \u27a4 Do pobrania \u2714\ufe0f Innowacyjne rozwi\u0105zania i precyzyjne wykonanie \u2714\ufe0f Sprawd\u017a ofert\u0119 renomowanego producenta bram i ogrodze\u0144 Alfen!\" \/>\n<meta name=\"robots\" content=\"index, follow, max-snippet:-1, max-image-preview:large, max-video-preview:-1\" \/>\n<link rel=\"canonical\" href=\"https:\/\/www.alfen.pl\/cs\/do-pobrania\/\" \/>\n<meta property=\"og:locale\" content=\"cs_CZ\" \/>\n<meta property=\"og:type\" content=\"article\" \/>\n<meta property=\"og:title\" content=\"Do pobrania - Producent bram i ogrodze\u0144 aluminiowych | Alfen\" \/>\n<meta property=\"og:description\" content=\"ALFEN \u27a4 Do pobrania \u2714\ufe0f Innowacyjne rozwi\u0105zania i precyzyjne wykonanie \u2714\ufe0f Sprawd\u017a ofert\u0119 renomowanego producenta bram i ogrodze\u0144 Alfen!\" \/>\n<meta property=\"og:url\" content=\"https:\/\/www.alfen.pl\/cs\/do-pobrania\/\" \/>\n<meta property=\"og:site_name\" content=\"Alfen\" \/>\n<meta property=\"article:modified_time\" content=\"2025-09-16T08:20:45+00:00\" \/>\n<meta property=\"og:image\" content=\"https:\/\/www.alfen.pl\/wp-content\/uploads\/2023\/05\/n05-04-1.jpg\" \/>\n\t<meta property=\"og:image:width\" content=\"2160\" \/>\n\t<meta property=\"og:image:height\" content=\"1080\" \/>\n\t<meta property=\"og:image:type\" content=\"image\/jpeg\" \/>\n<meta name=\"twitter:card\" content=\"summary_large_image\" \/>\n<meta name=\"twitter:label1\" content=\"Odhadovan\u00e1 doba \u010dten\u00ed\" \/>\n\t<meta name=\"twitter:data1\" content=\"1 minuta\" \/>\n<script type=\"application\/ld+json\" class=\"yoast-schema-graph\">{\"@context\":\"https:\\\/\\\/schema.org\",\"@graph\":[{\"@type\":\"WebPage\",\"@id\":\"https:\\\/\\\/www.alfen.pl\\\/do-pobrania\\\/\",\"url\":\"https:\\\/\\\/www.alfen.pl\\\/do-pobrania\\\/\",\"name\":\"Do pobrania - Producent bram i ogrodze\u0144 aluminiowych | Alfen\",\"isPartOf\":{\"@id\":\"https:\\\/\\\/www.alfen.pl\\\/#website\"},\"primaryImageOfPage\":{\"@id\":\"https:\\\/\\\/www.alfen.pl\\\/do-pobrania\\\/#primaryimage\"},\"image\":{\"@id\":\"https:\\\/\\\/www.alfen.pl\\\/do-pobrania\\\/#primaryimage\"},\"thumbnailUrl\":\"https:\\\/\\\/www.alfen.pl\\\/wp-content\\\/uploads\\\/2023\\\/05\\\/n05-04-1.jpg\",\"datePublished\":\"2023-05-26T13:13:29+00:00\",\"dateModified\":\"2025-09-16T08:20:45+00:00\",\"description\":\"ALFEN \u27a4 Do pobrania \u2714\ufe0f Innowacyjne rozwi\u0105zania i precyzyjne wykonanie \u2714\ufe0f Sprawd\u017a ofert\u0119 renomowanego producenta bram i ogrodze\u0144 Alfen!\",\"breadcrumb\":{\"@id\":\"https:\\\/\\\/www.alfen.pl\\\/do-pobrania\\\/#breadcrumb\"},\"inLanguage\":\"cs\",\"potentialAction\":[{\"@type\":\"ReadAction\",\"target\":[\"https:\\\/\\\/www.alfen.pl\\\/do-pobrania\\\/\"]}]},{\"@type\":\"ImageObject\",\"inLanguage\":\"cs\",\"@id\":\"https:\\\/\\\/www.alfen.pl\\\/do-pobrania\\\/#primaryimage\",\"url\":\"https:\\\/\\\/www.alfen.pl\\\/wp-content\\\/uploads\\\/2023\\\/05\\\/n05-04-1.jpg\",\"contentUrl\":\"https:\\\/\\\/www.alfen.pl\\\/wp-content\\\/uploads\\\/2023\\\/05\\\/n05-04-1.jpg\",\"width\":2160,\"height\":1080},{\"@type\":\"BreadcrumbList\",\"@id\":\"https:\\\/\\\/www.alfen.pl\\\/do-pobrania\\\/#breadcrumb\",\"itemListElement\":[{\"@type\":\"ListItem\",\"position\":1,\"name\":\"Alfen\",\"item\":\"https:\\\/\\\/www.alfen.pl\\\/\"},{\"@type\":\"ListItem\",\"position\":2,\"name\":\"Do pobrania\"}]},{\"@type\":\"WebSite\",\"@id\":\"https:\\\/\\\/www.alfen.pl\\\/#website\",\"url\":\"https:\\\/\\\/www.alfen.pl\\\/\",\"name\":\"Alfen\",\"description\":\"Premium aluminum fences\",\"publisher\":{\"@id\":\"https:\\\/\\\/www.alfen.pl\\\/#organization\"},\"potentialAction\":[{\"@type\":\"SearchAction\",\"target\":{\"@type\":\"EntryPoint\",\"urlTemplate\":\"https:\\\/\\\/www.alfen.pl\\\/?s={search_term_string}\"},\"query-input\":{\"@type\":\"PropertyValueSpecification\",\"valueRequired\":true,\"valueName\":\"search_term_string\"}}],\"inLanguage\":\"cs\"},{\"@type\":\"Organization\",\"@id\":\"https:\\\/\\\/www.alfen.pl\\\/#organization\",\"name\":\"Alfen\",\"url\":\"https:\\\/\\\/www.alfen.pl\\\/\",\"logo\":{\"@type\":\"ImageObject\",\"inLanguage\":\"cs\",\"@id\":\"https:\\\/\\\/www.alfen.pl\\\/#\\\/schema\\\/logo\\\/image\\\/\",\"url\":\"https:\\\/\\\/www.alfen.pl\\\/wp-content\\\/uploads\\\/2023\\\/05\\\/logo-alfen-pn6g1u7a96jpxbbl1fnd7lrrq2do24o5l3xhqiompy.png\",\"contentUrl\":\"https:\\\/\\\/www.alfen.pl\\\/wp-content\\\/uploads\\\/2023\\\/05\\\/logo-alfen-pn6g1u7a96jpxbbl1fnd7lrrq2do24o5l3xhqiompy.png\",\"width\":150,\"height\":39,\"caption\":\"Alfen\"},\"image\":{\"@id\":\"https:\\\/\\\/www.alfen.pl\\\/#\\\/schema\\\/logo\\\/image\\\/\"}}]}<\/script>\n<!-- \/ Yoast SEO plugin. -->","yoast_head_json":{"title":"Do pobrania - Producent bram i ogrodze\u0144 aluminiowych | Alfen","description":"ALFEN \u27a4 Do pobrania \u2714\ufe0f Innowacyjne rozwi\u0105zania i precyzyjne wykonanie \u2714\ufe0f Sprawd\u017a ofert\u0119 renomowanego producenta bram i ogrodze\u0144 Alfen!","robots":{"index":"index","follow":"follow","max-snippet":"max-snippet:-1","max-image-preview":"max-image-preview:large","max-video-preview":"max-video-preview:-1"},"canonical":"https:\/\/www.alfen.pl\/cs\/do-pobrania\/","og_locale":"cs_CZ","og_type":"article","og_title":"Do pobrania - Producent bram i ogrodze\u0144 aluminiowych | Alfen","og_description":"ALFEN \u27a4 Do pobrania \u2714\ufe0f Innowacyjne rozwi\u0105zania i precyzyjne wykonanie \u2714\ufe0f Sprawd\u017a ofert\u0119 renomowanego producenta bram i ogrodze\u0144 Alfen!","og_url":"https:\/\/www.alfen.pl\/cs\/do-pobrania\/","og_site_name":"Alfen","article_modified_time":"2025-09-16T08:20:45+00:00","og_image":[{"width":2160,"height":1080,"url":"https:\/\/www.alfen.pl\/wp-content\/uploads\/2023\/05\/n05-04-1.jpg","type":"image\/jpeg"}],"twitter_card":"summary_large_image","twitter_misc":{"Odhadovan\u00e1 doba \u010dten\u00ed":"1 minuta"},"schema":{"@context":"https:\/\/schema.org","@graph":[{"@type":"WebPage","@id":"https:\/\/www.alfen.pl\/do-pobrania\/","url":"https:\/\/www.alfen.pl\/do-pobrania\/","name":"Do pobrania - Producent bram i ogrodze\u0144 aluminiowych | Alfen","isPartOf":{"@id":"https:\/\/www.alfen.pl\/#website"},"primaryImageOfPage":{"@id":"https:\/\/www.alfen.pl\/do-pobrania\/#primaryimage"},"image":{"@id":"https:\/\/www.alfen.pl\/do-pobrania\/#primaryimage"},"thumbnailUrl":"https:\/\/www.alfen.pl\/wp-content\/uploads\/2023\/05\/n05-04-1.jpg","datePublished":"2023-05-26T13:13:29+00:00","dateModified":"2025-09-16T08:20:45+00:00","description":"ALFEN \u27a4 Do pobrania \u2714\ufe0f Innowacyjne rozwi\u0105zania i precyzyjne wykonanie \u2714\ufe0f Sprawd\u017a ofert\u0119 renomowanego producenta bram i ogrodze\u0144 Alfen!","breadcrumb":{"@id":"https:\/\/www.alfen.pl\/do-pobrania\/#breadcrumb"},"inLanguage":"cs","potentialAction":[{"@type":"ReadAction","target":["https:\/\/www.alfen.pl\/do-pobrania\/"]}]},{"@type":"ImageObject","inLanguage":"cs","@id":"https:\/\/www.alfen.pl\/do-pobrania\/#primaryimage","url":"https:\/\/www.alfen.pl\/wp-content\/uploads\/2023\/05\/n05-04-1.jpg","contentUrl":"https:\/\/www.alfen.pl\/wp-content\/uploads\/2023\/05\/n05-04-1.jpg","width":2160,"height":1080},{"@type":"BreadcrumbList","@id":"https:\/\/www.alfen.pl\/do-pobrania\/#breadcrumb","itemListElement":[{"@type":"ListItem","position":1,"name":"Alfen","item":"https:\/\/www.alfen.pl\/"},{"@type":"ListItem","position":2,"name":"Do pobrania"}]},{"@type":"WebSite","@id":"https:\/\/www.alfen.pl\/#website","url":"https:\/\/www.alfen.pl\/","name":"Alfen","description":"Premium aluminum fences","publisher":{"@id":"https:\/\/www.alfen.pl\/#organization"},"potentialAction":[{"@type":"SearchAction","target":{"@type":"EntryPoint","urlTemplate":"https:\/\/www.alfen.pl\/?s={search_term_string}"},"query-input":{"@type":"PropertyValueSpecification","valueRequired":true,"valueName":"search_term_string"}}],"inLanguage":"cs"},{"@type":"Organization","@id":"https:\/\/www.alfen.pl\/#organization","name":"Alfen","url":"https:\/\/www.alfen.pl\/","logo":{"@type":"ImageObject","inLanguage":"cs","@id":"https:\/\/www.alfen.pl\/#\/schema\/logo\/image\/","url":"https:\/\/www.alfen.pl\/wp-content\/uploads\/2023\/05\/logo-alfen-pn6g1u7a96jpxbbl1fnd7lrrq2do24o5l3xhqiompy.png","contentUrl":"https:\/\/www.alfen.pl\/wp-content\/uploads\/2023\/05\/logo-alfen-pn6g1u7a96jpxbbl1fnd7lrrq2do24o5l3xhqiompy.png","width":150,"height":39,"caption":"Alfen"},"image":{"@id":"https:\/\/www.alfen.pl\/#\/schema\/logo\/image\/"}}]}},"uagb_featured_image_src":{"full":["https:\/\/www.alfen.pl\/wp-content\/uploads\/2023\/05\/n05-04-1.jpg",2160,1080,false],"thumbnail":["https:\/\/www.alfen.pl\/wp-content\/uploads\/2023\/05\/n05-04-1-150x150.jpg",150,150,true],"medium":["https:\/\/www.alfen.pl\/wp-content\/uploads\/2023\/05\/n05-04-1-500x250.jpg",500,250,true],"medium_large":["https:\/\/www.alfen.pl\/wp-content\/uploads\/2023\/05\/n05-04-1-768x384.jpg",768,384,true],"large":["https:\/\/www.alfen.pl\/wp-content\/uploads\/2023\/05\/n05-04-1-1024x512.jpg",1024,512,true],"1536x1536":["https:\/\/www.alfen.pl\/wp-content\/uploads\/2023\/05\/n05-04-1-1536x768.jpg",1536,768,true],"2048x2048":["https:\/\/www.alfen.pl\/wp-content\/uploads\/2023\/05\/n05-04-1-2048x1024.jpg",2048,1024,true],"trp-custom-language-flag":["https:\/\/www.alfen.pl\/wp-content\/uploads\/2023\/05\/n05-04-1-18x9.jpg",18,9,true]},"uagb_author_info":{"display_name":"Adrian Korkus","author_link":"https:\/\/www.alfen.pl\/cs\/author\/korit\/"},"uagb_comment_info":0,"uagb_excerpt":"Ogrodzenia Aluminiowe A LFEN to nie tylko perfekcyjne wykonanie oraz niespotykana dba\u0142o\u015b\u0107 o szczeg\u00f3\u0142y, to r\u00f3wnie\u017c najwy\u017csza jako\u015b\u0107 materia\u0142\u00f3w u\u017cytych do produkcji oraz autorskie profile i rozwi\u0105zania.","coauthors":[],"author_meta":{"author_link":"https:\/\/www.alfen.pl\/cs\/author\/korit\/","display_name":"Adrian Korkus"},"relative_dates":{"created":"Posted 3 roky ago","modified":"Updated 7 m\u011bs\u00edc\u016f ago"},"absolute_dates":{"created":"Posted on 26 kv\u011btna 2023","modified":"Updated on 16 z\u00e1\u0159\u00ed 2025"},"absolute_dates_time":{"created":"Posted on 26 kv\u011btna 2023 15:13","modified":"Updated on 16 z\u00e1\u0159\u00ed 2025 10:20"},"featured_img_caption":"","featured_img":"https:\/\/www.alfen.pl\/wp-content\/uploads\/2023\/05\/n05-04-1.jpg","series_order":"","_links":{"self":[{"href":"https:\/\/www.alfen.pl\/cs\/wp-json\/wp\/v2\/pages\/4409","targetHints":{"allow":["GET"]}}],"collection":[{"href":"https:\/\/www.alfen.pl\/cs\/wp-json\/wp\/v2\/pages"}],"about":[{"href":"https:\/\/www.alfen.pl\/cs\/wp-json\/wp\/v2\/types\/page"}],"author":[{"embeddable":true,"href":"https:\/\/www.alfen.pl\/cs\/wp-json\/wp\/v2\/users\/51"}],"replies":[{"embeddable":true,"href":"https:\/\/www.alfen.pl\/cs\/wp-json\/wp\/v2\/comments?post=4409"}],"version-history":[{"count":4,"href":"https:\/\/www.alfen.pl\/cs\/wp-json\/wp\/v2\/pages\/4409\/revisions"}],"predecessor-version":[{"id":5855,"href":"https:\/\/www.alfen.pl\/cs\/wp-json\/wp\/v2\/pages\/4409\/revisions\/5855"}],"wp:featuredmedia":[{"embeddable":true,"href":"https:\/\/www.alfen.pl\/cs\/wp-json\/wp\/v2\/media\/4287"}],"wp:attachment":[{"href":"https:\/\/www.alfen.pl\/cs\/wp-json\/wp\/v2\/media?parent=4409"}],"curies":[{"name":"wp","href":"https:\/\/api.w.org\/{rel}","templated":true}]}}