{"id":3559,"date":"2022-07-19T18:42:30","date_gmt":"2022-07-19T16:42:30","guid":{"rendered":"https:\/\/www.alfen.pl\/grupa-c\/"},"modified":"2025-06-02T15:11:44","modified_gmt":"2025-06-02T13:11:44","slug":"grupa-c","status":"publish","type":"page","link":"https:\/\/www.alfen.pl\/de\/grupa-c\/","title":{"rendered":"Klassische Z\u00e4une"},"content":{"rendered":"<div class=\"wp-block-advgb-columns advgb-columns-wrapper flip-box-vertical\" id=\"advgb-cols-766bf422-3648-4e39-8306-f549f52a6d26\"><div class=\"advgb-columns-container\"><div class=\"advgb-columns advgb-columns-row advgb-is-mobile advgb-columns-2 layout-12-12 mbl-layout-stacked gutter-30 vgutter-30\">\n<div class=\"wp-block-advgb-column advgb-column\" id=\"advgb-col-01a81b3a-97ee-4f6b-bca5-fd541618ef13\"><div class=\"advgb-column-inner\" style=\"border-style:none;border-width:1px\">\n<div class=\"wp-block-advgb-image advgb-image-block full-width advgb-img-8be056dc-5778-4e9a-b43e-3e6fc8ed98bf\" style=\"background-image:url(https:\/\/www.alfen.pl\/wp-content\/uploads\/2023\/05\/c01.jpg);background-position:50% 50%;height:300px;width:500px;justify-content:flex-end;align-items:flex-start\" data-image=\"https:\/\/www.alfen.pl\/wp-content\/uploads\/2023\/05\/c01.jpg\"><a class=\"advgb-image-overlay\" style=\"background-color:#000\" target=\"_blank\" rel=\"noopener noreferrer\"><\/a><h4 class=\"advgb-image-title\" style=\"color:#fff\">Klassischer Zaun - Modell C01<\/h4><\/div>\n\n\n\n<div class=\"wp-block-group has-background\" style=\"background-color:#1f1e1c\"><div class=\"wp-block-group__inner-container is-layout-constrained wp-block-group-is-layout-constrained\">\n<h3 class=\"wp-block-heading has-white-color has-text-color\" style=\"font-size:24px;font-style:normal;font-weight:800\">Klassischer Zaun - Modell C01<\/h3>\n\n\n\n<p class=\"has-white-color has-text-color\" style=\"font-size:16px\">- Das Modell besteht aus vertikalen Balustern mit den Ma\u00dfen 19x19 mm, die Quertr\u00e4ger sind 35x35 mm gro\u00df,<br>\u200d<br>- fester Abstand zwischen den Balustern - Produkte mit spezifischen Abmessungen,<br>\u200d<br>- ohne die M\u00f6glichkeit, sich in einen bereits errichteten Zaun einzupassen, empfohlene Montage auf Aluminiumpfosten.<\/p>\n\n\n\n<div class=\"wp-block-group\"><div class=\"wp-block-group__inner-container is-layout-constrained wp-block-group-is-layout-constrained\">\n<div class=\"wp-block-group\"><div class=\"wp-block-group__inner-container is-layout-constrained wp-block-group-is-layout-constrained\">\n<figure class=\"wp-block-gallery has-nested-images columns-1 wp-block-gallery-1 is-layout-flex wp-block-gallery-is-layout-flex\">\n<figure class=\"wp-block-image size-large\"><a href=\"https:\/\/www.alfen.pl\/wp-content\/uploads\/2023\/05\/c01.jpg\"><img loading=\"lazy\" decoding=\"async\" width=\"1024\" height=\"576\" data-id=\"4400\" src=\"https:\/\/www.alfen.pl\/wp-content\/uploads\/2023\/05\/c01-1024x576.jpg\" alt=\"\" class=\"wp-image-4400\" srcset=\"https:\/\/www.alfen.pl\/wp-content\/uploads\/2023\/05\/c01-1024x576.jpg 1024w, https:\/\/www.alfen.pl\/wp-content\/uploads\/2023\/05\/c01-500x281.jpg 500w, https:\/\/www.alfen.pl\/wp-content\/uploads\/2023\/05\/c01-768x432.jpg 768w, https:\/\/www.alfen.pl\/wp-content\/uploads\/2023\/05\/c01-1536x864.jpg 1536w, https:\/\/www.alfen.pl\/wp-content\/uploads\/2023\/05\/c01-18x10.jpg 18w, https:\/\/www.alfen.pl\/wp-content\/uploads\/2023\/05\/c01.jpg 1920w\" sizes=\"auto, (max-width: 1024px) 100vw, 1024px\" \/><\/a><\/figure>\n\n\n\n<figure class=\"wp-block-image size-large\"><a href=\"https:\/\/www.alfen.pl\/wp-content\/uploads\/2023\/06\/c01-brama-dwuskrzydlowa.png\"><img loading=\"lazy\" decoding=\"async\" width=\"1024\" height=\"432\" data-id=\"4991\" src=\"https:\/\/www.alfen.pl\/wp-content\/uploads\/2023\/06\/c01-brama-dwuskrzydlowa-1024x432.png\" alt=\"\" class=\"wp-image-4991\" srcset=\"https:\/\/www.alfen.pl\/wp-content\/uploads\/2023\/06\/c01-brama-dwuskrzydlowa-1024x432.png 1024w, https:\/\/www.alfen.pl\/wp-content\/uploads\/2023\/06\/c01-brama-dwuskrzydlowa-500x211.png 500w, https:\/\/www.alfen.pl\/wp-content\/uploads\/2023\/06\/c01-brama-dwuskrzydlowa-768x324.png 768w, https:\/\/www.alfen.pl\/wp-content\/uploads\/2023\/06\/c01-brama-dwuskrzydlowa-1536x648.png 1536w, https:\/\/www.alfen.pl\/wp-content\/uploads\/2023\/06\/c01-brama-dwuskrzydlowa-18x8.png 18w, https:\/\/www.alfen.pl\/wp-content\/uploads\/2023\/06\/c01-brama-dwuskrzydlowa.png 1896w\" sizes=\"auto, (max-width: 1024px) 100vw, 1024px\" \/><\/a><\/figure>\n\n\n\n<figure class=\"wp-block-image size-large\"><a href=\"https:\/\/www.alfen.pl\/wp-content\/uploads\/2023\/06\/c01-brama-przesuwna.png\"><img loading=\"lazy\" decoding=\"async\" width=\"1024\" height=\"311\" data-id=\"4992\" src=\"https:\/\/www.alfen.pl\/wp-content\/uploads\/2023\/06\/c01-brama-przesuwna-1024x311.png\" alt=\"\" class=\"wp-image-4992\" srcset=\"https:\/\/www.alfen.pl\/wp-content\/uploads\/2023\/06\/c01-brama-przesuwna-1024x311.png 1024w, https:\/\/www.alfen.pl\/wp-content\/uploads\/2023\/06\/c01-brama-przesuwna-500x152.png 500w, https:\/\/www.alfen.pl\/wp-content\/uploads\/2023\/06\/c01-brama-przesuwna-768x233.png 768w, https:\/\/www.alfen.pl\/wp-content\/uploads\/2023\/06\/c01-brama-przesuwna-1536x467.png 1536w, https:\/\/www.alfen.pl\/wp-content\/uploads\/2023\/06\/c01-brama-przesuwna-18x5.png 18w, https:\/\/www.alfen.pl\/wp-content\/uploads\/2023\/06\/c01-brama-przesuwna.png 1974w\" sizes=\"auto, (max-width: 1024px) 100vw, 1024px\" \/><\/a><\/figure>\n\n\n\n<figure class=\"wp-block-image size-large\"><a href=\"https:\/\/www.alfen.pl\/wp-content\/uploads\/2023\/06\/c01-furtka.png\"><img loading=\"lazy\" decoding=\"async\" width=\"866\" height=\"1000\" data-id=\"4993\" src=\"https:\/\/www.alfen.pl\/wp-content\/uploads\/2023\/06\/c01-furtka.png\" alt=\"\" class=\"wp-image-4993\" srcset=\"https:\/\/www.alfen.pl\/wp-content\/uploads\/2023\/06\/c01-furtka.png 866w, https:\/\/www.alfen.pl\/wp-content\/uploads\/2023\/06\/c01-furtka-260x300.png 260w, https:\/\/www.alfen.pl\/wp-content\/uploads\/2023\/06\/c01-furtka-768x887.png 768w, https:\/\/www.alfen.pl\/wp-content\/uploads\/2023\/06\/c01-furtka-10x12.png 10w\" sizes=\"auto, (max-width: 866px) 100vw, 866px\" \/><\/a><\/figure>\n\n\n\n<figure class=\"wp-block-image size-large\"><a href=\"https:\/\/www.alfen.pl\/wp-content\/uploads\/2023\/06\/c01-panel.png\"><img loading=\"lazy\" decoding=\"async\" width=\"1024\" height=\"755\" data-id=\"4994\" src=\"https:\/\/www.alfen.pl\/wp-content\/uploads\/2023\/06\/c01-panel-1024x755.png\" alt=\"\" class=\"wp-image-4994\" srcset=\"https:\/\/www.alfen.pl\/wp-content\/uploads\/2023\/06\/c01-panel-1024x755.png 1024w, https:\/\/www.alfen.pl\/wp-content\/uploads\/2023\/06\/c01-panel-407x300.png 407w, https:\/\/www.alfen.pl\/wp-content\/uploads\/2023\/06\/c01-panel-768x566.png 768w, https:\/\/www.alfen.pl\/wp-content\/uploads\/2023\/06\/c01-panel-16x12.png 16w, https:\/\/www.alfen.pl\/wp-content\/uploads\/2023\/06\/c01-panel.png 1356w\" sizes=\"auto, (max-width: 1024px) 100vw, 1024px\" \/><\/a><\/figure>\n<\/figure>\n\n\n\n<div class=\"wp-block-buttons is-layout-flex wp-block-buttons-is-layout-flex\">\n<div class=\"wp-block-button is-style-outline is-style-outline--2\"><a class=\"wp-block-button__link has-white-color has-text-color has-custom-font-size wp-element-button\" style=\"border-radius:1px;font-size:16px\">Siehe Galerie<\/a><\/div>\n<\/div>\n<\/div><\/div>\n<\/div><\/div>\n<\/div><\/div>\n<\/div><\/div>\n\n\n\n<div class=\"wp-block-advgb-column advgb-column\" id=\"advgb-col-383bc75a-83ff-4373-909f-ff089b69c38d\"><div class=\"advgb-column-inner\" style=\"border-style:none;border-width:1px\"><\/div><\/div>\n<\/div><\/div><\/div>\n\n\n\n<p style=\"font-size:16px\">Aluminium wird zunehmend in verschiedenen Bereichen eingesetzt und bietet eine Vielzahl von M\u00f6glichkeiten. Wir bieten&nbsp;<strong>klassische Z\u00e4une<\/strong>&nbsp;aus Aluminiumprofilen mit unterschiedlichen Wandst\u00e4rken, je nach Anwendung, mit Schallwandverst\u00e4rkung in der Mitte. Die Hauptgr\u00fcnde, warum sich Bauherren f\u00fcr dieses Material entscheiden, sind Haltbarkeit und \u00c4sthetik, aber das sind nicht seine einzigen Vorteile. Aluminium ist viel leichter als Stahl, hat eine hohe Best\u00e4ndigkeit gegen niedrige Temperaturen, Korrosion und auch gegen mechanische Besch\u00e4digungen. Aluminiumtr\u00e4ger werden am h\u00e4ufigsten wegen ihres guten Preis-Leistungs-Verh\u00e4ltnisses gew\u00e4hlt. Sie garantieren einen langj\u00e4hrigen, st\u00f6rungsfreien Betrieb.&nbsp;<strong>Klassisches Fechten<\/strong>&nbsp;Aus diesem Material hergestellte Z\u00e4une m\u00fcssen nach einigen Jahren nicht mehr gewartet oder gestrichen werden. Pulverbeschichtetes Aluminium ist funktioneller und haltbarer als verzinkter Stahl oder klassische Holzz\u00e4une. Aluminiumz\u00e4une lassen sich schnell montieren. So l\u00e4sst sich ein Zaun f\u00fcr ein privates oder gewerbliches Grundst\u00fcck in kurzer Zeit effektiv realisieren. Besonders wichtig ist, dass sie nicht gestrichen werden m\u00fcssen und unter UV-Strahlung nicht abbl\u00e4ttern oder ausbleichen k\u00f6nnen. Ein weiterer Vorteil von Aluminiumprofilen ist, dass sie leicht zu verarbeiten sind.<\/p>\n\n\n\n<div style=\"height:20px\" aria-hidden=\"true\" class=\"wp-block-spacer\"><\/div>\n\n\n\n<h4 class=\"wp-block-heading\" style=\"font-size:30px\">Klassische Aluminiumz\u00e4une - Designs und Typen von Alfen<\/h4>\n\n\n\n<div style=\"height:10px\" aria-hidden=\"true\" class=\"wp-block-spacer\"><\/div>\n\n\n\n<p style=\"font-size:16px\">Ein Zaun ist mehr als nur ein Zaun, der die Grenzen Ihres Grundst\u00fccks markiert. Er ist ein wichtiger Teil des Grundst\u00fccks, der zum Aush\u00e4ngeschild wird. Deshalb ist es so wichtig, dass er die vom Eigent\u00fcmer gesetzten Ziele erf\u00fcllt und gut zum Charakter des Grundst\u00fccks passt. Egal, ob Sie ein modernes oder traditionelles Design bevorzugen, Sie werden sicher ein Aluminiumgitter finden.&nbsp;<strong>klassischer Zaun<\/strong>&nbsp;passend f\u00fcr Ihre Bed\u00fcrfnisse. Wir stellen verschiedene Arten von Aluminiumz\u00e4unen her, indem wir sie individuell f\u00fcr bestimmte Abmessungen vorbereiten, die Dichte der Lamellen oder die Farbvariante anpassen. Wir beraten Sie fachkundig bei der Auswahl klassischer Z\u00e4une, die Ihren Vorstellungen entsprechen.<\/p>\n<style class=\"advgb-styles-renderer\">.advgb-img-8be056dc-5778-4e9a-b43e-3e6fc8ed98bf.advgb-image-block .advgb-image-overlay{opacity:0.4 !important;}.advgb-img-8be056dc-5778-4e9a-b43e-3e6fc8ed98bf.advgb-image-block:hover .advgb-image-overlay{opacity:0.2 !important;}#advgb-col-01a81b3a-97ee-4f6b-bca5-fd541618ef13>.advgb-column-inner{}@media screen and (max-width: 1023px) {#advgb-col-01a81b3a-97ee-4f6b-bca5-fd541618ef13>.advgb-column-inner{}}@media screen and (max-width: 767px) {#advgb-col-01a81b3a-97ee-4f6b-bca5-fd541618ef13>.advgb-column-inner{}}.advgb-img-8be056dc-5778-4e9a-b43e-3e6fc8ed98bf.advgb-image-block .advgb-image-overlay{opacity:0.4 !important;}.advgb-img-8be056dc-5778-4e9a-b43e-3e6fc8ed98bf.advgb-image-block:hover .advgb-image-overlay{opacity:0.2 !important;}#advgb-col-383bc75a-83ff-4373-909f-ff089b69c38d>.advgb-column-inner{}@media screen and (max-width: 1023px) {#advgb-col-383bc75a-83ff-4373-909f-ff089b69c38d>.advgb-column-inner{}}@media screen and (max-width: 767px) {#advgb-col-383bc75a-83ff-4373-909f-ff089b69c38d>.advgb-column-inner{}}#advgb-cols-766bf422-3648-4e39-8306-f549f52a6d26{margin-bottom:30px;}@media screen and (max-width: 1023px) {#advgb-cols-766bf422-3648-4e39-8306-f549f52a6d26{}}@media screen and (max-width: 767px) {#advgb-cols-766bf422-3648-4e39-8306-f549f52a6d26{margin-bottom:0px;}}#advgb-col-01a81b3a-97ee-4f6b-bca5-fd541618ef13>.advgb-column-inner{}@media screen and (max-width: 1023px) {#advgb-col-01a81b3a-97ee-4f6b-bca5-fd541618ef13>.advgb-column-inner{}}@media screen and (max-width: 767px) {#advgb-col-01a81b3a-97ee-4f6b-bca5-fd541618ef13>.advgb-column-inner{}}.advgb-img-8be056dc-5778-4e9a-b43e-3e6fc8ed98bf.advgb-image-block .advgb-image-overlay{opacity:0.4 !important;}.advgb-img-8be056dc-5778-4e9a-b43e-3e6fc8ed98bf.advgb-image-block:hover .advgb-image-overlay{opacity:0.2 !important;}#advgb-col-383bc75a-83ff-4373-909f-ff089b69c38d>.advgb-column-inner{}@media screen and (max-width: 1023px) {#advgb-col-383bc75a-83ff-4373-909f-ff089b69c38d>.advgb-column-inner{}}@media screen and (max-width: 767px) {#advgb-col-383bc75a-83ff-4373-909f-ff089b69c38d>.advgb-column-inner{}}<\/style>","protected":false},"excerpt":{"rendered":"<p>Die Modelle dieser Gruppe erg\u00e4nzen unser Angebot an leichten und filigranen Z\u00e4unen mit klassischem Aussehen. Trotz ihres traditionellen Charakters f\u00fcgen sie sich dank der Verwendung von Aluminiumprofilen und moderner Technologie perfekt in jede Art von Architektur ein.<\/p>","protected":false},"author":1,"featured_media":4400,"parent":0,"menu_order":0,"comment_status":"closed","ping_status":"closed","template":"","meta":{"inline_featured_image":false,"_uag_custom_page_level_css":"","advgb_blocks_editor_width":"","advgb_blocks_columns_visual_guide":"","footnotes":""},"class_list":["post-3559","page","type-page","status-publish","has-post-thumbnail","hentry"],"yoast_head":"<!-- This site is optimized with the Yoast SEO plugin v27.4 - https:\/\/yoast.com\/product\/yoast-seo-wordpress\/ -->\n<title>Ogrodzenia klasyczne - Producent bram i ogrodze\u0144 aluminiowych | Alfen<\/title>\n<meta name=\"description\" content=\"ALFEN \u27a4 Ogrodzenia klasyczne \u2714\ufe0f Innowacyjne rozwi\u0105zania i precyzyjne wykonanie \u2714\ufe0f Sprawd\u017a ofert\u0119 renomowanego producenta bram i ogrodze\u0144 Alfen!\" \/>\n<meta name=\"robots\" content=\"index, follow, max-snippet:-1, max-image-preview:large, max-video-preview:-1\" \/>\n<link rel=\"canonical\" href=\"https:\/\/www.alfen.pl\/de\/grupa-c\/\" \/>\n<meta property=\"og:locale\" content=\"de_DE\" \/>\n<meta property=\"og:type\" content=\"article\" \/>\n<meta property=\"og:title\" content=\"Ogrodzenia klasyczne - Producent bram i ogrodze\u0144 aluminiowych | Alfen\" \/>\n<meta property=\"og:description\" content=\"ALFEN \u27a4 Ogrodzenia klasyczne \u2714\ufe0f Innowacyjne rozwi\u0105zania i precyzyjne wykonanie \u2714\ufe0f Sprawd\u017a ofert\u0119 renomowanego producenta bram i ogrodze\u0144 Alfen!\" \/>\n<meta property=\"og:url\" content=\"https:\/\/www.alfen.pl\/de\/grupa-c\/\" \/>\n<meta property=\"og:site_name\" content=\"Alfen\" \/>\n<meta property=\"article:modified_time\" content=\"2025-06-02T13:11:44+00:00\" \/>\n<meta property=\"og:image\" content=\"https:\/\/www.alfen.pl\/wp-content\/uploads\/2023\/05\/c01.jpg\" \/>\n\t<meta property=\"og:image:width\" content=\"1920\" \/>\n\t<meta property=\"og:image:height\" content=\"1080\" \/>\n\t<meta property=\"og:image:type\" content=\"image\/jpeg\" \/>\n<meta name=\"twitter:card\" content=\"summary_large_image\" \/>\n<meta name=\"twitter:label1\" content=\"Gesch\u00e4tzte Lesezeit\" \/>\n\t<meta name=\"twitter:data1\" content=\"4\u00a0Minuten\" \/>\n<script type=\"application\/ld+json\" class=\"yoast-schema-graph\">{\"@context\":\"https:\\\/\\\/schema.org\",\"@graph\":[{\"@type\":\"WebPage\",\"@id\":\"https:\\\/\\\/www.alfen.pl\\\/grupa-c\\\/\",\"url\":\"https:\\\/\\\/www.alfen.pl\\\/grupa-c\\\/\",\"name\":\"Ogrodzenia klasyczne - Producent bram i ogrodze\u0144 aluminiowych | Alfen\",\"isPartOf\":{\"@id\":\"https:\\\/\\\/www.alfen.pl\\\/#website\"},\"primaryImageOfPage\":{\"@id\":\"https:\\\/\\\/www.alfen.pl\\\/grupa-c\\\/#primaryimage\"},\"image\":{\"@id\":\"https:\\\/\\\/www.alfen.pl\\\/grupa-c\\\/#primaryimage\"},\"thumbnailUrl\":\"https:\\\/\\\/www.alfen.pl\\\/wp-content\\\/uploads\\\/2023\\\/05\\\/c01.jpg\",\"datePublished\":\"2022-07-19T16:42:30+00:00\",\"dateModified\":\"2025-06-02T13:11:44+00:00\",\"description\":\"ALFEN \u27a4 Ogrodzenia klasyczne \u2714\ufe0f Innowacyjne rozwi\u0105zania i precyzyjne wykonanie \u2714\ufe0f Sprawd\u017a ofert\u0119 renomowanego producenta bram i ogrodze\u0144 Alfen!\",\"breadcrumb\":{\"@id\":\"https:\\\/\\\/www.alfen.pl\\\/grupa-c\\\/#breadcrumb\"},\"inLanguage\":\"de\",\"potentialAction\":[{\"@type\":\"ReadAction\",\"target\":[\"https:\\\/\\\/www.alfen.pl\\\/grupa-c\\\/\"]}]},{\"@type\":\"ImageObject\",\"inLanguage\":\"de\",\"@id\":\"https:\\\/\\\/www.alfen.pl\\\/grupa-c\\\/#primaryimage\",\"url\":\"https:\\\/\\\/www.alfen.pl\\\/wp-content\\\/uploads\\\/2023\\\/05\\\/c01.jpg\",\"contentUrl\":\"https:\\\/\\\/www.alfen.pl\\\/wp-content\\\/uploads\\\/2023\\\/05\\\/c01.jpg\",\"width\":1920,\"height\":1080},{\"@type\":\"BreadcrumbList\",\"@id\":\"https:\\\/\\\/www.alfen.pl\\\/grupa-c\\\/#breadcrumb\",\"itemListElement\":[{\"@type\":\"ListItem\",\"position\":1,\"name\":\"Alfen\",\"item\":\"https:\\\/\\\/www.alfen.pl\\\/\"},{\"@type\":\"ListItem\",\"position\":2,\"name\":\"Ogrodzenia klasyczne\"}]},{\"@type\":\"WebSite\",\"@id\":\"https:\\\/\\\/www.alfen.pl\\\/#website\",\"url\":\"https:\\\/\\\/www.alfen.pl\\\/\",\"name\":\"Alfen\",\"description\":\"Premium aluminum fences\",\"publisher\":{\"@id\":\"https:\\\/\\\/www.alfen.pl\\\/#organization\"},\"potentialAction\":[{\"@type\":\"SearchAction\",\"target\":{\"@type\":\"EntryPoint\",\"urlTemplate\":\"https:\\\/\\\/www.alfen.pl\\\/?s={search_term_string}\"},\"query-input\":{\"@type\":\"PropertyValueSpecification\",\"valueRequired\":true,\"valueName\":\"search_term_string\"}}],\"inLanguage\":\"de\"},{\"@type\":\"Organization\",\"@id\":\"https:\\\/\\\/www.alfen.pl\\\/#organization\",\"name\":\"Alfen\",\"url\":\"https:\\\/\\\/www.alfen.pl\\\/\",\"logo\":{\"@type\":\"ImageObject\",\"inLanguage\":\"de\",\"@id\":\"https:\\\/\\\/www.alfen.pl\\\/#\\\/schema\\\/logo\\\/image\\\/\",\"url\":\"https:\\\/\\\/www.alfen.pl\\\/wp-content\\\/uploads\\\/2023\\\/05\\\/logo-alfen-pn6g1u7a96jpxbbl1fnd7lrrq2do24o5l3xhqiompy.png\",\"contentUrl\":\"https:\\\/\\\/www.alfen.pl\\\/wp-content\\\/uploads\\\/2023\\\/05\\\/logo-alfen-pn6g1u7a96jpxbbl1fnd7lrrq2do24o5l3xhqiompy.png\",\"width\":150,\"height\":39,\"caption\":\"Alfen\"},\"image\":{\"@id\":\"https:\\\/\\\/www.alfen.pl\\\/#\\\/schema\\\/logo\\\/image\\\/\"}}]}<\/script>\n<!-- \/ Yoast SEO plugin. -->","yoast_head_json":{"title":"Ogrodzenia klasyczne - Producent bram i ogrodze\u0144 aluminiowych | Alfen","description":"ALFEN \u27a4 Ogrodzenia klasyczne \u2714\ufe0f Innowacyjne rozwi\u0105zania i precyzyjne wykonanie \u2714\ufe0f Sprawd\u017a ofert\u0119 renomowanego producenta bram i ogrodze\u0144 Alfen!","robots":{"index":"index","follow":"follow","max-snippet":"max-snippet:-1","max-image-preview":"max-image-preview:large","max-video-preview":"max-video-preview:-1"},"canonical":"https:\/\/www.alfen.pl\/de\/grupa-c\/","og_locale":"de_DE","og_type":"article","og_title":"Ogrodzenia klasyczne - Producent bram i ogrodze\u0144 aluminiowych | Alfen","og_description":"ALFEN \u27a4 Ogrodzenia klasyczne \u2714\ufe0f Innowacyjne rozwi\u0105zania i precyzyjne wykonanie \u2714\ufe0f Sprawd\u017a ofert\u0119 renomowanego producenta bram i ogrodze\u0144 Alfen!","og_url":"https:\/\/www.alfen.pl\/de\/grupa-c\/","og_site_name":"Alfen","article_modified_time":"2025-06-02T13:11:44+00:00","og_image":[{"width":1920,"height":1080,"url":"https:\/\/www.alfen.pl\/wp-content\/uploads\/2023\/05\/c01.jpg","type":"image\/jpeg"}],"twitter_card":"summary_large_image","twitter_misc":{"Gesch\u00e4tzte Lesezeit":"4\u00a0Minuten"},"schema":{"@context":"https:\/\/schema.org","@graph":[{"@type":"WebPage","@id":"https:\/\/www.alfen.pl\/grupa-c\/","url":"https:\/\/www.alfen.pl\/grupa-c\/","name":"Ogrodzenia klasyczne - Producent bram i ogrodze\u0144 aluminiowych | Alfen","isPartOf":{"@id":"https:\/\/www.alfen.pl\/#website"},"primaryImageOfPage":{"@id":"https:\/\/www.alfen.pl\/grupa-c\/#primaryimage"},"image":{"@id":"https:\/\/www.alfen.pl\/grupa-c\/#primaryimage"},"thumbnailUrl":"https:\/\/www.alfen.pl\/wp-content\/uploads\/2023\/05\/c01.jpg","datePublished":"2022-07-19T16:42:30+00:00","dateModified":"2025-06-02T13:11:44+00:00","description":"ALFEN \u27a4 Ogrodzenia klasyczne \u2714\ufe0f Innowacyjne rozwi\u0105zania i precyzyjne wykonanie \u2714\ufe0f Sprawd\u017a ofert\u0119 renomowanego producenta bram i ogrodze\u0144 Alfen!","breadcrumb":{"@id":"https:\/\/www.alfen.pl\/grupa-c\/#breadcrumb"},"inLanguage":"de","potentialAction":[{"@type":"ReadAction","target":["https:\/\/www.alfen.pl\/grupa-c\/"]}]},{"@type":"ImageObject","inLanguage":"de","@id":"https:\/\/www.alfen.pl\/grupa-c\/#primaryimage","url":"https:\/\/www.alfen.pl\/wp-content\/uploads\/2023\/05\/c01.jpg","contentUrl":"https:\/\/www.alfen.pl\/wp-content\/uploads\/2023\/05\/c01.jpg","width":1920,"height":1080},{"@type":"BreadcrumbList","@id":"https:\/\/www.alfen.pl\/grupa-c\/#breadcrumb","itemListElement":[{"@type":"ListItem","position":1,"name":"Alfen","item":"https:\/\/www.alfen.pl\/"},{"@type":"ListItem","position":2,"name":"Ogrodzenia klasyczne"}]},{"@type":"WebSite","@id":"https:\/\/www.alfen.pl\/#website","url":"https:\/\/www.alfen.pl\/","name":"Alfen","description":"Hochwertige Aluminiumz\u00e4une","publisher":{"@id":"https:\/\/www.alfen.pl\/#organization"},"potentialAction":[{"@type":"SearchAction","target":{"@type":"EntryPoint","urlTemplate":"https:\/\/www.alfen.pl\/?s={search_term_string}"},"query-input":{"@type":"PropertyValueSpecification","valueRequired":true,"valueName":"search_term_string"}}],"inLanguage":"de"},{"@type":"Organization","@id":"https:\/\/www.alfen.pl\/#organization","name":"Alfen","url":"https:\/\/www.alfen.pl\/","logo":{"@type":"ImageObject","inLanguage":"de","@id":"https:\/\/www.alfen.pl\/#\/schema\/logo\/image\/","url":"https:\/\/www.alfen.pl\/wp-content\/uploads\/2023\/05\/logo-alfen-pn6g1u7a96jpxbbl1fnd7lrrq2do24o5l3xhqiompy.png","contentUrl":"https:\/\/www.alfen.pl\/wp-content\/uploads\/2023\/05\/logo-alfen-pn6g1u7a96jpxbbl1fnd7lrrq2do24o5l3xhqiompy.png","width":150,"height":39,"caption":"Alfen"},"image":{"@id":"https:\/\/www.alfen.pl\/#\/schema\/logo\/image\/"}}]}},"uagb_featured_image_src":{"full":["https:\/\/www.alfen.pl\/wp-content\/uploads\/2023\/05\/c01.jpg",1920,1080,false],"thumbnail":["https:\/\/www.alfen.pl\/wp-content\/uploads\/2023\/05\/c01-150x150.jpg",150,150,true],"medium":["https:\/\/www.alfen.pl\/wp-content\/uploads\/2023\/05\/c01-500x281.jpg",500,281,true],"medium_large":["https:\/\/www.alfen.pl\/wp-content\/uploads\/2023\/05\/c01-768x432.jpg",768,432,true],"large":["https:\/\/www.alfen.pl\/wp-content\/uploads\/2023\/05\/c01-1024x576.jpg",1024,576,true],"1536x1536":["https:\/\/www.alfen.pl\/wp-content\/uploads\/2023\/05\/c01-1536x864.jpg",1536,864,true],"2048x2048":["https:\/\/www.alfen.pl\/wp-content\/uploads\/2023\/05\/c01.jpg",1920,1080,false],"trp-custom-language-flag":["https:\/\/www.alfen.pl\/wp-content\/uploads\/2023\/05\/c01-18x10.jpg",18,10,true]},"uagb_author_info":{"display_name":"jakub","author_link":"https:\/\/www.alfen.pl\/de\/author\/jakub\/"},"uagb_comment_info":0,"uagb_excerpt":"Modele w te grupie stanowi\u0105 uzupe\u0142nienie naszej oferty o lekkie i delikatne w formie ogrodzenia o klasycznym wygl\u0105dzie. Pomimo tradycyjnego charakteru dzi\u0119ki zastosowaniu profili aluminiowych i nowoczesnej technologii idealnie wpasuj\u0105 si\u0119 w ka\u017cdy typ architektury.","coauthors":[],"author_meta":{"author_link":"https:\/\/www.alfen.pl\/de\/author\/jakub\/","display_name":"jakub"},"relative_dates":{"created":"Ver\u00f6ffentlicht 4\u00a0Jahren vor","modified":"Aktualisiert 11\u00a0Monaten vor"},"absolute_dates":{"created":"Ver\u00f6ffentlicht am 19 Juli 2022","modified":"Aktualisiert am 2 Juni 2025"},"absolute_dates_time":{"created":"Ver\u00f6ffentlicht am 19 Juli 2022 18:42","modified":"Aktualisiert am 2 Juni 2025 15:11"},"featured_img_caption":"","featured_img":"https:\/\/www.alfen.pl\/wp-content\/uploads\/2023\/05\/c01.jpg","series_order":"","_links":{"self":[{"href":"https:\/\/www.alfen.pl\/de\/wp-json\/wp\/v2\/pages\/3559","targetHints":{"allow":["GET"]}}],"collection":[{"href":"https:\/\/www.alfen.pl\/de\/wp-json\/wp\/v2\/pages"}],"about":[{"href":"https:\/\/www.alfen.pl\/de\/wp-json\/wp\/v2\/types\/page"}],"author":[{"embeddable":true,"href":"https:\/\/www.alfen.pl\/de\/wp-json\/wp\/v2\/users\/1"}],"replies":[{"embeddable":true,"href":"https:\/\/www.alfen.pl\/de\/wp-json\/wp\/v2\/comments?post=3559"}],"version-history":[{"count":5,"href":"https:\/\/www.alfen.pl\/de\/wp-json\/wp\/v2\/pages\/3559\/revisions"}],"predecessor-version":[{"id":5745,"href":"https:\/\/www.alfen.pl\/de\/wp-json\/wp\/v2\/pages\/3559\/revisions\/5745"}],"wp:featuredmedia":[{"embeddable":true,"href":"https:\/\/www.alfen.pl\/de\/wp-json\/wp\/v2\/media\/4400"}],"wp:attachment":[{"href":"https:\/\/www.alfen.pl\/de\/wp-json\/wp\/v2\/media?parent=3559"}],"curies":[{"name":"wp","href":"https:\/\/api.w.org\/{rel}","templated":true}]}}