{"id":3564,"date":"2022-07-19T18:42:31","date_gmt":"2022-07-19T16:42:31","guid":{"rendered":"https:\/\/www.alfen.pl\/balustrady\/"},"modified":"2024-08-14T09:09:46","modified_gmt":"2024-08-14T07:09:46","slug":"balustrady","status":"publish","type":"page","link":"https:\/\/www.alfen.pl\/de\/balustrady\/","title":{"rendered":"Balustraden"},"content":{"rendered":"<div class=\"wp-block-advgb-container advgb-blocks-container\">\n<figure class=\"wp-block-image size-full\"><img loading=\"lazy\" decoding=\"async\" width=\"1920\" height=\"1080\" src=\"https:\/\/www.alfen.pl\/wp-content\/uploads\/2022\/07\/Alfen-B01.jpg\" alt=\"\" class=\"wp-image-3649\" srcset=\"https:\/\/www.alfen.pl\/wp-content\/uploads\/2022\/07\/Alfen-B01.jpg 1920w, https:\/\/www.alfen.pl\/wp-content\/uploads\/2022\/07\/Alfen-B01-500x281.jpg 500w, https:\/\/www.alfen.pl\/wp-content\/uploads\/2022\/07\/Alfen-B01-1024x576.jpg 1024w, https:\/\/www.alfen.pl\/wp-content\/uploads\/2022\/07\/Alfen-B01-768x432.jpg 768w, https:\/\/www.alfen.pl\/wp-content\/uploads\/2022\/07\/Alfen-B01-1536x864.jpg 1536w\" sizes=\"auto, (max-width: 1920px) 100vw, 1920px\" \/><\/figure>\n\n\n\n<div style=\"height:72px\" aria-hidden=\"true\" class=\"wp-block-spacer\"><\/div>\n\n\n\n<h2 class=\"wp-block-heading\" style=\"font-size:30px\">Balkongel\u00e4nder - Design und Qualit\u00e4t f\u00fcr die n\u00e4chsten Jahre<\/h2>\n\n\n\n<div style=\"height:9px\" aria-hidden=\"true\" class=\"wp-block-spacer\"><\/div>\n\n\n\n<p style=\"font-size:16px\">Jeder hat in seinem Leben schon Tausende von Balkongel\u00e4ndern in den verschiedensten Ausf\u00fchrungen gesehen. Man muss sich nur einen beliebigen Wohnblock ansehen, um Dutzende solcher Konstruktionen zu sehen. Einerseits haben sie eine praktische Funktion - die Abgrenzung des Balkonbereichs - und andererseits sind sie ein auff\u00e4lliger Schmuck. Es ist nicht einfach, diese beiden Funktionen miteinander zu vereinbaren, aber es ist m\u00f6glich, wenn Sie sich f\u00fcr Aluminiumgel\u00e4nder der richtigen Qualit\u00e4t entscheiden, die von Spezialisten entworfen und hergestellt werden. Das sind die Modelle, die wir unseren Kunden anbieten.<\/p>\n\n\n\n<p style=\"font-size:16px\">Wir sind \u00fcberzeugt, dass die Produkte die Erwartungen der anspruchsvollsten Menschen nicht entt\u00e4uschen werden. Sie werden nicht nur die Au\u00dfenstruktur des Geb\u00e4udes schm\u00fccken, sondern auch den Balkonbereich sch\u00fctzen, auf dem sich Erwachsene und Kinder bewegen. Die Balkonbr\u00fcstung aus unserem Angebot wird eine Anschaffung f\u00fcr viele Jahre sein. Sie wird aus schwierigen \"Duellen\" mit dem Wetter, von extremen Temperaturen bis hin zu Schneefall oder Regen, als Sieger hervorgehen. Ben\u00f6tigen Sie detaillierte Informationen? Rufen Sie uns einfach an.<\/p>\n\n\n\n<div style=\"height:15px\" aria-hidden=\"true\" class=\"wp-block-spacer\"><\/div>\n\n\n\n<h2 class=\"wp-block-heading\" style=\"font-size:30px\">Pr\u00e4zise gefertigte Gel\u00e4nder aus den besten Materialien<\/h2>\n\n\n\n<div style=\"height:9px\" aria-hidden=\"true\" class=\"wp-block-spacer\"><\/div>\n\n\n\n<p style=\"font-size:16px\">Woran erkennt man, ob ein Balkongel\u00e4nder von hoher Qualit\u00e4t ist? In erster Linie sind die bei der Herstellung verwendeten Materialien wichtig. Nur die besten Materialien sind ausreichend widerstandsf\u00e4hig gegen Besch\u00e4digungen oder Verformungen. Das Material sollte entsprechend gesch\u00fctzt werden, damit es witterungsunempfindlich bleibt. Jedes Aluminium-Gel\u00e4nder in unserem Sortiment erf\u00fcllt diese Anforderungen. Sie k\u00f6nnen uns in dieser Sache vertrauen, denn wir produzieren seit mehreren Jahrzehnten Z\u00e4une. Wir sind erfahrene Spezialisten.<\/p>\n\n\n\n<p style=\"font-size:16px\">Bei der Auswahl des idealen Produkts sollte auf konstruktive Details wie die Fugen der Elemente geachtet werden. Nur pr\u00e4zise entworfene und dann hergestellte Gel\u00e4nder sind ausreichend stabil. Angesichts der betr\u00e4chtlichen H\u00f6hen, in denen Aluminiumgel\u00e4nder h\u00e4ufig angebracht werden, ist dies von gro\u00dfer Bedeutung. Wir sind in der Lage, zufriedenstellende Parameter zu garantieren, weil wir ein eigenes Aluminiumprofilsystem mit \u00fcberdurchschnittlichen Eigenschaften entwickelt haben. Wir laden Sie ein, zu kaufen oder uns zu kontaktieren!<\/p>\n<\/div>","protected":false},"excerpt":{"rendered":"<p>Die Modelle dieser Gruppe zeichnen sich durch eine horizontale Anordnung der Lamellen aus. Sie werden aus rechteckigen oder parallelogrammf\u00f6rmigen Profilen hergestellt. Die Lamellen haben eine Gr\u00f6\u00dfe von 50 mm bis 200 mm. Dank der vielf\u00e4ltigen Konfigurationsm\u00f6glichkeiten (Gr\u00f6\u00dfe, Form, Anordnung und Abst\u00e4nde zwischen den Lamellen) lassen sich die Modelle dieser Gruppe sowohl an sehr moderne architektonische Entw\u00fcrfe als auch an klassische H\u00e4user anpassen.<\/p>","protected":false},"author":1,"featured_media":4393,"parent":0,"menu_order":0,"comment_status":"closed","ping_status":"closed","template":"","meta":{"inline_featured_image":false,"_uag_custom_page_level_css":"","advgb_blocks_editor_width":"","advgb_blocks_columns_visual_guide":"","footnotes":""},"class_list":["post-3564","page","type-page","status-publish","has-post-thumbnail","hentry"],"yoast_head":"<!-- This site is optimized with the Yoast SEO plugin v27.4 - https:\/\/yoast.com\/product\/yoast-seo-wordpress\/ -->\n<title>Balustrada balkonowa | Alfen<\/title>\n<meta name=\"description\" content=\"Odkryj estetyczne i trwa\u0142e balustrady Alfen. Stw\u00f3rz bezpieczn\u0105 przestrze\u0144 dla siebie i bliskich. Oferujemy wiele wzor\u00f3w i opcji dostosowania do Twoich potrzeb.\" \/>\n<meta name=\"robots\" content=\"index, follow, max-snippet:-1, max-image-preview:large, max-video-preview:-1\" \/>\n<link rel=\"canonical\" href=\"https:\/\/www.alfen.pl\/de\/balustrady\/\" \/>\n<meta property=\"og:locale\" content=\"de_DE\" \/>\n<meta property=\"og:type\" content=\"article\" \/>\n<meta property=\"og:title\" content=\"Balustrada balkonowa | Alfen\" \/>\n<meta property=\"og:description\" content=\"Odkryj estetyczne i trwa\u0142e balustrady Alfen. Stw\u00f3rz bezpieczn\u0105 przestrze\u0144 dla siebie i bliskich. Oferujemy wiele wzor\u00f3w i opcji dostosowania do Twoich potrzeb.\" \/>\n<meta property=\"og:url\" content=\"https:\/\/www.alfen.pl\/de\/balustrady\/\" \/>\n<meta property=\"og:site_name\" content=\"Alfen\" \/>\n<meta property=\"article:modified_time\" content=\"2024-08-14T07:09:46+00:00\" \/>\n<meta property=\"og:image\" content=\"https:\/\/www.alfen.pl\/wp-content\/uploads\/2023\/05\/r06-main.jpg\" \/>\n\t<meta property=\"og:image:width\" content=\"1920\" \/>\n\t<meta property=\"og:image:height\" content=\"1080\" \/>\n\t<meta property=\"og:image:type\" content=\"image\/jpeg\" \/>\n<meta name=\"twitter:card\" content=\"summary_large_image\" \/>\n<meta name=\"twitter:label1\" content=\"Gesch\u00e4tzte Lesezeit\" \/>\n\t<meta name=\"twitter:data1\" content=\"2\u00a0Minuten\" \/>\n<script type=\"application\/ld+json\" class=\"yoast-schema-graph\">{\"@context\":\"https:\\\/\\\/schema.org\",\"@graph\":[{\"@type\":\"WebPage\",\"@id\":\"https:\\\/\\\/www.alfen.pl\\\/balustrady\\\/\",\"url\":\"https:\\\/\\\/www.alfen.pl\\\/balustrady\\\/\",\"name\":\"Balustrada balkonowa | Alfen\",\"isPartOf\":{\"@id\":\"https:\\\/\\\/www.alfen.pl\\\/#website\"},\"primaryImageOfPage\":{\"@id\":\"https:\\\/\\\/www.alfen.pl\\\/balustrady\\\/#primaryimage\"},\"image\":{\"@id\":\"https:\\\/\\\/www.alfen.pl\\\/balustrady\\\/#primaryimage\"},\"thumbnailUrl\":\"https:\\\/\\\/www.alfen.pl\\\/wp-content\\\/uploads\\\/2023\\\/05\\\/r06-main.jpg\",\"datePublished\":\"2022-07-19T16:42:31+00:00\",\"dateModified\":\"2024-08-14T07:09:46+00:00\",\"description\":\"Odkryj estetyczne i trwa\u0142e balustrady Alfen. Stw\u00f3rz bezpieczn\u0105 przestrze\u0144 dla siebie i bliskich. Oferujemy wiele wzor\u00f3w i opcji dostosowania do Twoich potrzeb.\",\"breadcrumb\":{\"@id\":\"https:\\\/\\\/www.alfen.pl\\\/balustrady\\\/#breadcrumb\"},\"inLanguage\":\"de\",\"potentialAction\":[{\"@type\":\"ReadAction\",\"target\":[\"https:\\\/\\\/www.alfen.pl\\\/balustrady\\\/\"]}]},{\"@type\":\"ImageObject\",\"inLanguage\":\"de\",\"@id\":\"https:\\\/\\\/www.alfen.pl\\\/balustrady\\\/#primaryimage\",\"url\":\"https:\\\/\\\/www.alfen.pl\\\/wp-content\\\/uploads\\\/2023\\\/05\\\/r06-main.jpg\",\"contentUrl\":\"https:\\\/\\\/www.alfen.pl\\\/wp-content\\\/uploads\\\/2023\\\/05\\\/r06-main.jpg\",\"width\":1920,\"height\":1080},{\"@type\":\"BreadcrumbList\",\"@id\":\"https:\\\/\\\/www.alfen.pl\\\/balustrady\\\/#breadcrumb\",\"itemListElement\":[{\"@type\":\"ListItem\",\"position\":1,\"name\":\"Alfen\",\"item\":\"https:\\\/\\\/www.alfen.pl\\\/\"},{\"@type\":\"ListItem\",\"position\":2,\"name\":\"Balustrady\"}]},{\"@type\":\"WebSite\",\"@id\":\"https:\\\/\\\/www.alfen.pl\\\/#website\",\"url\":\"https:\\\/\\\/www.alfen.pl\\\/\",\"name\":\"Alfen\",\"description\":\"Premium aluminum fences\",\"publisher\":{\"@id\":\"https:\\\/\\\/www.alfen.pl\\\/#organization\"},\"potentialAction\":[{\"@type\":\"SearchAction\",\"target\":{\"@type\":\"EntryPoint\",\"urlTemplate\":\"https:\\\/\\\/www.alfen.pl\\\/?s={search_term_string}\"},\"query-input\":{\"@type\":\"PropertyValueSpecification\",\"valueRequired\":true,\"valueName\":\"search_term_string\"}}],\"inLanguage\":\"de\"},{\"@type\":\"Organization\",\"@id\":\"https:\\\/\\\/www.alfen.pl\\\/#organization\",\"name\":\"Alfen\",\"url\":\"https:\\\/\\\/www.alfen.pl\\\/\",\"logo\":{\"@type\":\"ImageObject\",\"inLanguage\":\"de\",\"@id\":\"https:\\\/\\\/www.alfen.pl\\\/#\\\/schema\\\/logo\\\/image\\\/\",\"url\":\"https:\\\/\\\/www.alfen.pl\\\/wp-content\\\/uploads\\\/2023\\\/05\\\/logo-alfen-pn6g1u7a96jpxbbl1fnd7lrrq2do24o5l3xhqiompy.png\",\"contentUrl\":\"https:\\\/\\\/www.alfen.pl\\\/wp-content\\\/uploads\\\/2023\\\/05\\\/logo-alfen-pn6g1u7a96jpxbbl1fnd7lrrq2do24o5l3xhqiompy.png\",\"width\":150,\"height\":39,\"caption\":\"Alfen\"},\"image\":{\"@id\":\"https:\\\/\\\/www.alfen.pl\\\/#\\\/schema\\\/logo\\\/image\\\/\"}}]}<\/script>\n<!-- \/ Yoast SEO plugin. -->","yoast_head_json":{"title":"Balustrada balkonowa | Alfen","description":"Odkryj estetyczne i trwa\u0142e balustrady Alfen. Stw\u00f3rz bezpieczn\u0105 przestrze\u0144 dla siebie i bliskich. Oferujemy wiele wzor\u00f3w i opcji dostosowania do Twoich potrzeb.","robots":{"index":"index","follow":"follow","max-snippet":"max-snippet:-1","max-image-preview":"max-image-preview:large","max-video-preview":"max-video-preview:-1"},"canonical":"https:\/\/www.alfen.pl\/de\/balustrady\/","og_locale":"de_DE","og_type":"article","og_title":"Balustrada balkonowa | Alfen","og_description":"Odkryj estetyczne i trwa\u0142e balustrady Alfen. Stw\u00f3rz bezpieczn\u0105 przestrze\u0144 dla siebie i bliskich. Oferujemy wiele wzor\u00f3w i opcji dostosowania do Twoich potrzeb.","og_url":"https:\/\/www.alfen.pl\/de\/balustrady\/","og_site_name":"Alfen","article_modified_time":"2024-08-14T07:09:46+00:00","og_image":[{"width":1920,"height":1080,"url":"https:\/\/www.alfen.pl\/wp-content\/uploads\/2023\/05\/r06-main.jpg","type":"image\/jpeg"}],"twitter_card":"summary_large_image","twitter_misc":{"Gesch\u00e4tzte Lesezeit":"2\u00a0Minuten"},"schema":{"@context":"https:\/\/schema.org","@graph":[{"@type":"WebPage","@id":"https:\/\/www.alfen.pl\/balustrady\/","url":"https:\/\/www.alfen.pl\/balustrady\/","name":"Balustrada balkonowa | Alfen","isPartOf":{"@id":"https:\/\/www.alfen.pl\/#website"},"primaryImageOfPage":{"@id":"https:\/\/www.alfen.pl\/balustrady\/#primaryimage"},"image":{"@id":"https:\/\/www.alfen.pl\/balustrady\/#primaryimage"},"thumbnailUrl":"https:\/\/www.alfen.pl\/wp-content\/uploads\/2023\/05\/r06-main.jpg","datePublished":"2022-07-19T16:42:31+00:00","dateModified":"2024-08-14T07:09:46+00:00","description":"Odkryj estetyczne i trwa\u0142e balustrady Alfen. Stw\u00f3rz bezpieczn\u0105 przestrze\u0144 dla siebie i bliskich. Oferujemy wiele wzor\u00f3w i opcji dostosowania do Twoich potrzeb.","breadcrumb":{"@id":"https:\/\/www.alfen.pl\/balustrady\/#breadcrumb"},"inLanguage":"de","potentialAction":[{"@type":"ReadAction","target":["https:\/\/www.alfen.pl\/balustrady\/"]}]},{"@type":"ImageObject","inLanguage":"de","@id":"https:\/\/www.alfen.pl\/balustrady\/#primaryimage","url":"https:\/\/www.alfen.pl\/wp-content\/uploads\/2023\/05\/r06-main.jpg","contentUrl":"https:\/\/www.alfen.pl\/wp-content\/uploads\/2023\/05\/r06-main.jpg","width":1920,"height":1080},{"@type":"BreadcrumbList","@id":"https:\/\/www.alfen.pl\/balustrady\/#breadcrumb","itemListElement":[{"@type":"ListItem","position":1,"name":"Alfen","item":"https:\/\/www.alfen.pl\/"},{"@type":"ListItem","position":2,"name":"Balustrady"}]},{"@type":"WebSite","@id":"https:\/\/www.alfen.pl\/#website","url":"https:\/\/www.alfen.pl\/","name":"Alfen","description":"Hochwertige Aluminiumz\u00e4une","publisher":{"@id":"https:\/\/www.alfen.pl\/#organization"},"potentialAction":[{"@type":"SearchAction","target":{"@type":"EntryPoint","urlTemplate":"https:\/\/www.alfen.pl\/?s={search_term_string}"},"query-input":{"@type":"PropertyValueSpecification","valueRequired":true,"valueName":"search_term_string"}}],"inLanguage":"de"},{"@type":"Organization","@id":"https:\/\/www.alfen.pl\/#organization","name":"Alfen","url":"https:\/\/www.alfen.pl\/","logo":{"@type":"ImageObject","inLanguage":"de","@id":"https:\/\/www.alfen.pl\/#\/schema\/logo\/image\/","url":"https:\/\/www.alfen.pl\/wp-content\/uploads\/2023\/05\/logo-alfen-pn6g1u7a96jpxbbl1fnd7lrrq2do24o5l3xhqiompy.png","contentUrl":"https:\/\/www.alfen.pl\/wp-content\/uploads\/2023\/05\/logo-alfen-pn6g1u7a96jpxbbl1fnd7lrrq2do24o5l3xhqiompy.png","width":150,"height":39,"caption":"Alfen"},"image":{"@id":"https:\/\/www.alfen.pl\/#\/schema\/logo\/image\/"}}]}},"uagb_featured_image_src":{"full":["https:\/\/www.alfen.pl\/wp-content\/uploads\/2023\/05\/r06-main.jpg",1920,1080,false],"thumbnail":["https:\/\/www.alfen.pl\/wp-content\/uploads\/2023\/05\/r06-main-150x150.jpg",150,150,true],"medium":["https:\/\/www.alfen.pl\/wp-content\/uploads\/2023\/05\/r06-main-500x281.jpg",500,281,true],"medium_large":["https:\/\/www.alfen.pl\/wp-content\/uploads\/2023\/05\/r06-main-768x432.jpg",768,432,true],"large":["https:\/\/www.alfen.pl\/wp-content\/uploads\/2023\/05\/r06-main-1024x576.jpg",1024,576,true],"1536x1536":["https:\/\/www.alfen.pl\/wp-content\/uploads\/2023\/05\/r06-main-1536x864.jpg",1536,864,true],"2048x2048":["https:\/\/www.alfen.pl\/wp-content\/uploads\/2023\/05\/r06-main.jpg",1920,1080,false],"trp-custom-language-flag":["https:\/\/www.alfen.pl\/wp-content\/uploads\/2023\/05\/r06-main-18x10.jpg",18,10,true]},"uagb_author_info":{"display_name":"jakub","author_link":"https:\/\/www.alfen.pl\/de\/author\/jakub\/"},"uagb_comment_info":0,"uagb_excerpt":"Modele w te grupie charakteryzuj\u0105 si\u0119 poziomym uk\u0142adem lameli. Zbudowane s\u0105 z profili o kszta\u0142cie prostok\u0105ta lub r\u00f3wnoleg\u0142oboku. Lamele maj\u0105 rozmiar od 50mm do 200mm. Dzi\u0119ki szerokim mo\u017cliwo\u015bciom konfiguracji (rozmiar, kszta\u0142t, u\u0142o\u017cenie oraz odst\u0119p mi\u0119dzy lamelami), modele z tej grupy mo\u017cna dopasowa\u0107 zar\u00f3wno do bardzo nowoczesnych projekt\u00f3w architektonicznych jak i klasycznych dom\u00f3w.","coauthors":[],"author_meta":{"author_link":"https:\/\/www.alfen.pl\/de\/author\/jakub\/","display_name":"jakub"},"relative_dates":{"created":"Ver\u00f6ffentlicht 4\u00a0Jahren vor","modified":"Aktualisiert 2\u00a0Jahren vor"},"absolute_dates":{"created":"Ver\u00f6ffentlicht am 19 Juli 2022","modified":"Aktualisiert am 14 August 2024"},"absolute_dates_time":{"created":"Ver\u00f6ffentlicht am 19 Juli 2022 18:42","modified":"Aktualisiert am 14 August 2024 09:09"},"featured_img_caption":"","featured_img":"https:\/\/www.alfen.pl\/wp-content\/uploads\/2023\/05\/r06-main.jpg","series_order":"","_links":{"self":[{"href":"https:\/\/www.alfen.pl\/de\/wp-json\/wp\/v2\/pages\/3564","targetHints":{"allow":["GET"]}}],"collection":[{"href":"https:\/\/www.alfen.pl\/de\/wp-json\/wp\/v2\/pages"}],"about":[{"href":"https:\/\/www.alfen.pl\/de\/wp-json\/wp\/v2\/types\/page"}],"author":[{"embeddable":true,"href":"https:\/\/www.alfen.pl\/de\/wp-json\/wp\/v2\/users\/1"}],"replies":[{"embeddable":true,"href":"https:\/\/www.alfen.pl\/de\/wp-json\/wp\/v2\/comments?post=3564"}],"version-history":[{"count":1,"href":"https:\/\/www.alfen.pl\/de\/wp-json\/wp\/v2\/pages\/3564\/revisions"}],"predecessor-version":[{"id":5659,"href":"https:\/\/www.alfen.pl\/de\/wp-json\/wp\/v2\/pages\/3564\/revisions\/5659"}],"wp:featuredmedia":[{"embeddable":true,"href":"https:\/\/www.alfen.pl\/de\/wp-json\/wp\/v2\/media\/4393"}],"wp:attachment":[{"href":"https:\/\/www.alfen.pl\/de\/wp-json\/wp\/v2\/media?parent=3564"}],"curies":[{"name":"wp","href":"https:\/\/api.w.org\/{rel}","templated":true}]}}