{"id":3560,"date":"2022-07-19T18:42:30","date_gmt":"2022-07-19T16:42:30","guid":{"rendered":"https:\/\/www.alfen.pl\/sprawdz-gdzie-kupic\/"},"modified":"2023-06-05T12:27:39","modified_gmt":"2023-06-05T10:27:39","slug":"sprawdz-gdzie-kupic","status":"publish","type":"page","link":"https:\/\/www.alfen.pl\/fr\/sprawdz-gdzie-kupic\/","title":{"rendered":"V\u00e9rifiez o\u00f9 acheter"},"content":{"rendered":"<h2 class=\"wp-block-heading has-text-align-center\">Trouver un point de vente<\/h2>\n\n\n\n<div style=\"height:23px\" aria-hidden=\"true\" class=\"wp-block-spacer\"><\/div>\n\n\n\n<p class=\"has-text-align-center\">Trouvez le point de vente le plus proche sur la carte ci-dessous.<\/p>\n\n\n\n<div style=\"height:48px\" aria-hidden=\"true\" class=\"wp-block-spacer\"><\/div>\n\n\n\n<div class=\"wp-block-columns is-layout-flex wp-container-core-columns-is-layout-9d6595d7 wp-block-columns-is-layout-flex\">\n<div class=\"wp-block-column is-layout-flow wp-block-column-is-layout-flow\" style=\"flex-basis:100%\">\n<div class=\"wp-block-advgb-adv-tabs advgb-tabs-wrapper advgb-tab-horz-desktop advgb-tab-horz-tablet advgb-tab-horz-mobile advgb-tabs-9993a644-748c-4219-944c-63cc83131337 wide\" data-tab-active=\"0\"><ul class=\"advgb-tabs-panel\"><li class=\"advgb-tab\" style=\"background-color:#ffffff;border-style:solid;border-width:1px;border-color:#000000;border-radius:10px\"><a id=\"\" href=\"#advgb-tabs-tab0\" style=\"color:#000000\"><span>Pologne<\/span><\/a><\/li><li class=\"advgb-tab\" style=\"background-color:#ffffff;border-style:solid;border-width:1px;border-color:#000000;border-radius:10px\"><a id=\"\" href=\"#advgb-tabs-tab1\" style=\"color:#000000\"><span>Europe<\/span><\/a><\/li><\/ul><div class=\"advgb-tab-body-wrapper\" style=\"border-style:solid;border-width:1px;border-color:#000000;border-radius:10px\">\n<div class=\"wp-block-advgb-tab advgb-tab-body-container\"><div class=\"advgb-tab-body-header advgb-tab-class-\">Pologne<\/div><div class=\"advgb-tab-_dc46c7-f9 advgb-tab-body\" aria-labelledby=\"advgb-tabs-tab0\"><style>\r\n\t#wpsl-stores .wpsl-store-thumb {height:45px !important; width:45px !important;}\r\n\t#wpsl-stores, #wpsl-direction-details, #wpsl-gmap {height:350px !important;}\r\n\t#wpsl-gmap .wpsl-info-window {max-width:225px !important;}\r\n\t.wpsl-input label, #wpsl-radius label, #wpsl-category label {width:95px;}\r\n\t#wpsl-search-input  {width:179px;}\r\n<\/style>\r\n<div id=\"wpsl-wrap\">\r\n\t<div class=\"wpsl-search wpsl-clearfix wpsl-filter wpsl-checkboxes-enabled\">\r\n\t\t<div id=\"wpsl-search-wrap\">\r\n\t\t\t<form autocomplete=\"off\" action=\"\">\r\n\t\t\t<div class=\"wpsl-input\">\r\n\t\t\t\t<div><label for=\"wpsl-search-input\">Votre localisation<\/label><\/div>\r\n\t\t\t\t<input id=\"wpsl-search-input\" type=\"text\" value=\"\" name=\"wpsl-search-input\" placeholder=\"\" aria-required=\"true\" \/>\r\n\t\t\t<\/div>\r\n\t\t\t<div class=\"wpsl-select-wrap\">\r\n\t\t\t\t<div id=\"wpsl-radius\">\r\n\t\t\t\t\t<label for=\"wpsl-radius-dropdown\">Zone de recherche<\/label>\r\n\t\t\t\t\t<select id=\"wpsl-radius-dropdown\" class=\"wpsl-dropdown\" name=\"wpsl-radius\">\r\n\t\t\t\t\t\t<option value=\"10\">10 km<\/option><option value=\"25\">25 km<\/option><option value=\"50\">50 km<\/option><option value=\"100\">100 km<\/option><option value=\"200\">200 km<\/option><option value=\"500\">500 km<\/option><option selected=\"selected\" value=\"100\">100 km<\/option>\r\n\t\t\t\t\t<\/select>\r\n\t\t\t\t<\/div>\r\n\t\t\t\t<div id=\"wpsl-results\">\r\n\t\t\t\t\t<label for=\"wpsl-results-dropdown\">Nombre de r\u00e9sultats<\/label>\r\n\t\t\t\t\t<select id=\"wpsl-results-dropdown\" class=\"wpsl-dropdown\" name=\"wpsl-results\">\r\n\t\t\t\t\t\t<option selected=\"selected\" value=\"10\">10<\/option><option value=\"50\">50<\/option><option value=\"75\">75<\/option><option value=\"100\">100<\/option>\r\n\t\t\t\t\t<\/select>\r\n\t\t\t\t<\/div>\r\n\t\t\t<\/div>\r\n<ul id=\"wpsl-checkbox-filter\" class=\"wpsl-checkbox-3-columns\"><li><label><input type=\"checkbox\" value=\"77\"  \/>Sans exposition<\/label><\/li><li><label><input type=\"checkbox\" value=\"76\"  \/>Salles d'exposition avec pr\u00e9sentation des produits<\/label><\/li><\/ul>\t\t\t\t<div class=\"wpsl-search-btn-wrap\"><input id=\"wpsl-search-btn\" type=\"submit\" value=\"Recherche\"><\/div>\r\n\t\t<input type=\"hidden\" name=\"trp-form-language\" value=\"fr\"\/><\/form>\r\n\t\t<\/div>\r\n\t<\/div>\r\n\t<div id=\"wpsl-gmap\" class=\"wpsl-gmap-canvas\"><\/div>\r\n\t<div id=\"wpsl-result-list\">\r\n\t\t<div id=\"wpsl-stores\" >\r\n\t\t\t<ul><\/ul>\r\n\t\t<\/div>\r\n\t\t<div id=\"wpsl-direction-details\">\r\n\t\t\t<ul><\/ul>\r\n\t\t<\/div>\r\n\t<\/div>\r\n<\/div>\r\n\n<\/div><\/div>\n\n\n\n<div class=\"wp-block-advgb-tab advgb-tab-body-container\"><div class=\"advgb-tab-body-header advgb-tab-class-\">Europe<\/div><div class=\"advgb-tab-_0fc9ad-85 advgb-tab-body\" aria-labelledby=\"advgb-tabs-tab1\">\n<figure class=\"wp-block-image size-full is-style-default\"><img loading=\"lazy\" decoding=\"async\" width=\"1600\" height=\"1067\" src=\"https:\/\/www.alfen.pl\/wp-content\/uploads\/2023\/06\/map.jpeg\" alt=\"\" class=\"wp-image-5225\" srcset=\"https:\/\/www.alfen.pl\/wp-content\/uploads\/2023\/06\/map.jpeg 1600w, https:\/\/www.alfen.pl\/wp-content\/uploads\/2023\/06\/map-450x300.jpeg 450w, https:\/\/www.alfen.pl\/wp-content\/uploads\/2023\/06\/map-1024x683.jpeg 1024w, https:\/\/www.alfen.pl\/wp-content\/uploads\/2023\/06\/map-768x512.jpeg 768w, https:\/\/www.alfen.pl\/wp-content\/uploads\/2023\/06\/map-1536x1024.jpeg 1536w, https:\/\/www.alfen.pl\/wp-content\/uploads\/2023\/06\/map-18x12.jpeg 18w\" sizes=\"auto, (max-width: 1600px) 100vw, 1600px\" \/><\/figure>\n\n\n\n<div class=\"wp-block-advgb-columns advgb-columns-wrapper\" id=\"advgb-cols-694325fb-7643-4809-a80d-0e9023358c39\"><div class=\"advgb-columns-container\"><div class=\"advgb-columns advgb-columns-row advgb-is-mobile advgb-columns-1 layout-100 mbl-layout-stacked vgutter-10\">\n<div class=\"wp-block-advgb-column advgb-column\" id=\"advgb-col-ff93275d-9a59-438d-96a2-3405238b4a89\"><div class=\"advgb-column-inner\" style=\"border-style:solid;border-color:#000000;border-width:1px;border-radius:10px\">\n<h4 class=\"wp-block-heading\" style=\"font-size:18px\"><span style=\"font-family: system-ui, -apple-system, BlinkMacSystemFont, &quot;Segoe UI&quot;, Roboto, Oxygen, Ubuntu, Cantarell, &quot;Fira Sans&quot;, &quot;Droid Sans&quot;, &quot;Helvetica Neue&quot;, sans-serif; font-size: 18px; white-space: normal;\">Veuillez contacter l'un de nos vendeurs - nous vous dirigerons vers le bon partenaire.<\/span><\/h4>\n\n\n\n<div style=\"height:20px\" aria-hidden=\"true\" class=\"wp-block-spacer\"><\/div>\n\n\n\n<p style=\"font-size:16px\"><strong>Dariusz Olczykowski<\/strong><br>chef des exportations<br><br>t\u00e9l\u00e9phone :\u00a0<a href=\"tel:+48572012120\">+48 572 012 120<\/a><br>t\u00e9l\u00e9phone :\u00a0<a href=\"tel:+48957282600\">+48 95 72 82 600<\/a><br>e-mail :\u00a0<a href=\"mailto:dariusz.olczykowski@alfen.pl\">dariusz.olczykowski@alfen.pl<\/a><br>Langue PL\/DE<br><br><br><strong>Jakub Godawski<\/strong><br>directeur des ventes et du marketing<br><br>t\u00e9l\u00e9phone :\u00a0<a href=\"tel:+48600243000\">+48 600 243 000<\/a><br>t\u00e9l\u00e9phone :\u00a0<a href=\"tel:+48957282600\">+48 95 72 82 600<\/a><br>e-mail :\u00a0<a href=\"mailto:jakub.godawski@alfen.pl\">jakub.godawski@alfen.pl<\/a><br>Langue PL\/EN<\/p>\n<\/div><\/div>\n<\/div><\/div><\/div>\n<\/div><\/div>\n<\/div><\/div>\n<\/div>\n<\/div>\n<style class=\"advgb-styles-renderer\">#advgb-col-ff93275d-9a59-438d-96a2-3405238b4a89>.advgb-column-inner{margin-top:0px;margin-right:25px;margin-bottom:0px;margin-left:25px;padding-top:24px;padding-right:24px;padding-bottom:25px;padding-left:24px;}@media screen and (max-width: 1023px) {#advgb-col-ff93275d-9a59-438d-96a2-3405238b4a89>.advgb-column-inner{}}@media screen and (max-width: 767px) {#advgb-col-ff93275d-9a59-438d-96a2-3405238b4a89>.advgb-column-inner{margin-right:0px;margin-left:0px;padding-top:10px;padding-right:10px;padding-bottom:10px;padding-left:10px;}}#advgb-cols-694325fb-7643-4809-a80d-0e9023358c39{margin-bottom:15px;}@media screen and (max-width: 1023px) {#advgb-cols-694325fb-7643-4809-a80d-0e9023358c39{}}@media screen and (max-width: 767px) {#advgb-cols-694325fb-7643-4809-a80d-0e9023358c39{}}#advgb-col-ff93275d-9a59-438d-96a2-3405238b4a89>.advgb-column-inner{margin-top:0px;margin-right:25px;margin-bottom:0px;margin-left:25px;padding-top:24px;padding-right:24px;padding-bottom:25px;padding-left:24px;}@media screen and (max-width: 1023px) {#advgb-col-ff93275d-9a59-438d-96a2-3405238b4a89>.advgb-column-inner{}}@media screen and (max-width: 767px) {#advgb-col-ff93275d-9a59-438d-96a2-3405238b4a89>.advgb-column-inner{margin-right:0px;margin-left:0px;padding-top:10px;padding-right:10px;padding-bottom:10px;padding-left:10px;}}#advgb-cols-694325fb-7643-4809-a80d-0e9023358c39{margin-bottom:15px;}@media screen and (max-width: 1023px) {#advgb-cols-694325fb-7643-4809-a80d-0e9023358c39{}}@media screen and (max-width: 767px) {#advgb-cols-694325fb-7643-4809-a80d-0e9023358c39{}}#advgb-col-ff93275d-9a59-438d-96a2-3405238b4a89>.advgb-column-inner{margin-top:0px;margin-right:25px;margin-bottom:0px;margin-left:25px;padding-top:24px;padding-right:24px;padding-bottom:25px;padding-left:24px;}@media screen and (max-width: 1023px) {#advgb-col-ff93275d-9a59-438d-96a2-3405238b4a89>.advgb-column-inner{}}@media screen and (max-width: 767px) {#advgb-col-ff93275d-9a59-438d-96a2-3405238b4a89>.advgb-column-inner{margin-right:0px;margin-left:0px;padding-top:10px;padding-right:10px;padding-bottom:10px;padding-left:10px;}}.advgb-tabs-9993a644-748c-4219-944c-63cc83131337 ul.advgb-tabs-panel li.advgb-tab.advgb-tab-active {background-color:#000000 !important;color:#ffffff !important;}#advgb-tabs-9993a644-748c-4219-944c-63cc83131337 .advgb-tab-body-header.header-active, .advgb-tabs-9993a644-748c-4219-944c-63cc83131337 .advgb-tab-body-header.header-active{background-color:#000000 !important;color:#ffffff !important;}#advgb-cols-694325fb-7643-4809-a80d-0e9023358c39{margin-bottom:15px;}@media screen and (max-width: 1023px) {#advgb-cols-694325fb-7643-4809-a80d-0e9023358c39{}}@media screen and (max-width: 767px) {#advgb-cols-694325fb-7643-4809-a80d-0e9023358c39{}}#advgb-col-ff93275d-9a59-438d-96a2-3405238b4a89>.advgb-column-inner{margin-top:0px;margin-right:25px;margin-bottom:0px;margin-left:25px;padding-top:24px;padding-right:24px;padding-bottom:25px;padding-left:24px;}@media screen and (max-width: 1023px) {#advgb-col-ff93275d-9a59-438d-96a2-3405238b4a89>.advgb-column-inner{}}@media screen and (max-width: 767px) {#advgb-col-ff93275d-9a59-438d-96a2-3405238b4a89>.advgb-column-inner{margin-right:0px;margin-left:0px;padding-top:10px;padding-right:10px;padding-bottom:10px;padding-left:10px;}}.advgb-tabs-9993a644-748c-4219-944c-63cc83131337 ul.advgb-tabs-panel li.advgb-tab.advgb-tab-active {background-color:#000000 !important;color:#ffffff !important;}#advgb-tabs-9993a644-748c-4219-944c-63cc83131337 .advgb-tab-body-header.header-active, .advgb-tabs-9993a644-748c-4219-944c-63cc83131337 .advgb-tab-body-header.header-active{background-color:#000000 !important;color:#ffffff !important;}#advgb-cols-694325fb-7643-4809-a80d-0e9023358c39{margin-bottom:15px;}@media screen and (max-width: 1023px) {#advgb-cols-694325fb-7643-4809-a80d-0e9023358c39{}}@media screen and (max-width: 767px) {#advgb-cols-694325fb-7643-4809-a80d-0e9023358c39{}}#advgb-col-ff93275d-9a59-438d-96a2-3405238b4a89>.advgb-column-inner{margin-top:0px;margin-right:25px;margin-bottom:0px;margin-left:25px;padding-top:24px;padding-right:24px;padding-bottom:25px;padding-left:24px;}@media screen and (max-width: 1023px) {#advgb-col-ff93275d-9a59-438d-96a2-3405238b4a89>.advgb-column-inner{}}@media screen and (max-width: 767px) {#advgb-col-ff93275d-9a59-438d-96a2-3405238b4a89>.advgb-column-inner{margin-right:0px;margin-left:0px;padding-top:10px;padding-right:10px;padding-bottom:10px;padding-left:10px;}}.advgb-tabs-9993a644-748c-4219-944c-63cc83131337 ul.advgb-tabs-panel li.advgb-tab.advgb-tab-active {background-color:#000000 !important;color:#ffffff !important;}#advgb-tabs-9993a644-748c-4219-944c-63cc83131337 .advgb-tab-body-header.header-active, .advgb-tabs-9993a644-748c-4219-944c-63cc83131337 .advgb-tab-body-header.header-active{background-color:#000000 !important;color:#ffffff !important;}#advgb-cols-694325fb-7643-4809-a80d-0e9023358c39{margin-bottom:15px;}@media screen and (max-width: 1023px) {#advgb-cols-694325fb-7643-4809-a80d-0e9023358c39{}}@media screen and (max-width: 767px) {#advgb-cols-694325fb-7643-4809-a80d-0e9023358c39{}}#advgb-col-ff93275d-9a59-438d-96a2-3405238b4a89>.advgb-column-inner{margin-top:0px;margin-right:25px;margin-bottom:0px;margin-left:25px;padding-top:24px;padding-right:24px;padding-bottom:25px;padding-left:24px;}@media screen and (max-width: 1023px) {#advgb-col-ff93275d-9a59-438d-96a2-3405238b4a89>.advgb-column-inner{}}@media screen and (max-width: 767px) {#advgb-col-ff93275d-9a59-438d-96a2-3405238b4a89>.advgb-column-inner{margin-right:0px;margin-left:0px;padding-top:10px;padding-right:10px;padding-bottom:10px;padding-left:10px;}}<\/style>","protected":false},"excerpt":{"rendered":"<p>Nous vous invitons \u00e0 contacter nos distributeurs r\u00e9gionaux, soigneusement s\u00e9lectionn\u00e9s. Cela vous garantit un service ad\u00e9quat \u00e0 chaque \u00e9tape de votre projet.<\/p>","protected":false},"author":1,"featured_media":4391,"parent":0,"menu_order":0,"comment_status":"closed","ping_status":"closed","template":"page_medium-container.php","meta":{"inline_featured_image":false,"_uag_custom_page_level_css":"","advgb_blocks_editor_width":"","advgb_blocks_columns_visual_guide":"","footnotes":""},"class_list":["post-3560","page","type-page","status-publish","has-post-thumbnail","hentry"],"yoast_head":"<!-- This site is optimized with the Yoast SEO plugin v27.4 - https:\/\/yoast.com\/product\/yoast-seo-wordpress\/ -->\n<title>Sprawd\u017a gdzie kupi\u0107 - Producent bram i ogrodze\u0144 aluminiowych | Alfen<\/title>\n<meta name=\"description\" content=\"ALFEN \u27a4 Sprawd\u017a gdzie kupi\u0107 \u2714\ufe0f Innowacyjne rozwi\u0105zania i precyzyjne wykonanie \u2714\ufe0f Sprawd\u017a ofert\u0119 renomowanego producenta bram i ogrodze\u0144 Alfen!\" \/>\n<meta name=\"robots\" content=\"index, follow, max-snippet:-1, max-image-preview:large, max-video-preview:-1\" \/>\n<link rel=\"canonical\" href=\"https:\/\/www.alfen.pl\/fr\/sprawdz-gdzie-kupic\/\" \/>\n<meta property=\"og:locale\" content=\"fr_FR\" \/>\n<meta property=\"og:type\" content=\"article\" \/>\n<meta property=\"og:title\" content=\"Sprawd\u017a gdzie kupi\u0107 - Producent bram i ogrodze\u0144 aluminiowych | Alfen\" \/>\n<meta property=\"og:description\" content=\"ALFEN \u27a4 Sprawd\u017a gdzie kupi\u0107 \u2714\ufe0f Innowacyjne rozwi\u0105zania i precyzyjne wykonanie \u2714\ufe0f Sprawd\u017a ofert\u0119 renomowanego producenta bram i ogrodze\u0144 Alfen!\" \/>\n<meta property=\"og:url\" content=\"https:\/\/www.alfen.pl\/fr\/sprawdz-gdzie-kupic\/\" \/>\n<meta property=\"og:site_name\" content=\"Alfen\" \/>\n<meta property=\"article:modified_time\" content=\"2023-06-05T10:27:39+00:00\" \/>\n<meta property=\"og:image\" content=\"https:\/\/www.alfen.pl\/wp-content\/uploads\/2023\/05\/n04-1_1.jpg\" \/>\n\t<meta property=\"og:image:width\" content=\"2123\" \/>\n\t<meta property=\"og:image:height\" content=\"1000\" \/>\n\t<meta property=\"og:image:type\" content=\"image\/jpeg\" \/>\n<meta name=\"twitter:card\" content=\"summary_large_image\" \/>\n<meta name=\"twitter:label1\" content=\"Dur\u00e9e de lecture estim\u00e9e\" \/>\n\t<meta name=\"twitter:data1\" content=\"1 minute\" \/>\n<script type=\"application\/ld+json\" class=\"yoast-schema-graph\">{\"@context\":\"https:\\\/\\\/schema.org\",\"@graph\":[{\"@type\":\"WebPage\",\"@id\":\"https:\\\/\\\/www.alfen.pl\\\/sprawdz-gdzie-kupic\\\/\",\"url\":\"https:\\\/\\\/www.alfen.pl\\\/sprawdz-gdzie-kupic\\\/\",\"name\":\"Sprawd\u017a gdzie kupi\u0107 - Producent bram i ogrodze\u0144 aluminiowych | Alfen\",\"isPartOf\":{\"@id\":\"https:\\\/\\\/www.alfen.pl\\\/#website\"},\"primaryImageOfPage\":{\"@id\":\"https:\\\/\\\/www.alfen.pl\\\/sprawdz-gdzie-kupic\\\/#primaryimage\"},\"image\":{\"@id\":\"https:\\\/\\\/www.alfen.pl\\\/sprawdz-gdzie-kupic\\\/#primaryimage\"},\"thumbnailUrl\":\"https:\\\/\\\/www.alfen.pl\\\/wp-content\\\/uploads\\\/2023\\\/05\\\/n04-1_1.jpg\",\"datePublished\":\"2022-07-19T16:42:30+00:00\",\"dateModified\":\"2023-06-05T10:27:39+00:00\",\"description\":\"ALFEN \u27a4 Sprawd\u017a gdzie kupi\u0107 \u2714\ufe0f Innowacyjne rozwi\u0105zania i precyzyjne wykonanie \u2714\ufe0f Sprawd\u017a ofert\u0119 renomowanego producenta bram i ogrodze\u0144 Alfen!\",\"breadcrumb\":{\"@id\":\"https:\\\/\\\/www.alfen.pl\\\/sprawdz-gdzie-kupic\\\/#breadcrumb\"},\"inLanguage\":\"fr-FR\",\"potentialAction\":[{\"@type\":\"ReadAction\",\"target\":[\"https:\\\/\\\/www.alfen.pl\\\/sprawdz-gdzie-kupic\\\/\"]}]},{\"@type\":\"ImageObject\",\"inLanguage\":\"fr-FR\",\"@id\":\"https:\\\/\\\/www.alfen.pl\\\/sprawdz-gdzie-kupic\\\/#primaryimage\",\"url\":\"https:\\\/\\\/www.alfen.pl\\\/wp-content\\\/uploads\\\/2023\\\/05\\\/n04-1_1.jpg\",\"contentUrl\":\"https:\\\/\\\/www.alfen.pl\\\/wp-content\\\/uploads\\\/2023\\\/05\\\/n04-1_1.jpg\",\"width\":2123,\"height\":1000},{\"@type\":\"BreadcrumbList\",\"@id\":\"https:\\\/\\\/www.alfen.pl\\\/sprawdz-gdzie-kupic\\\/#breadcrumb\",\"itemListElement\":[{\"@type\":\"ListItem\",\"position\":1,\"name\":\"Alfen\",\"item\":\"https:\\\/\\\/www.alfen.pl\\\/\"},{\"@type\":\"ListItem\",\"position\":2,\"name\":\"Sprawd\u017a gdzie kupi\u0107\"}]},{\"@type\":\"WebSite\",\"@id\":\"https:\\\/\\\/www.alfen.pl\\\/#website\",\"url\":\"https:\\\/\\\/www.alfen.pl\\\/\",\"name\":\"Alfen\",\"description\":\"Premium aluminum fences\",\"publisher\":{\"@id\":\"https:\\\/\\\/www.alfen.pl\\\/#organization\"},\"potentialAction\":[{\"@type\":\"SearchAction\",\"target\":{\"@type\":\"EntryPoint\",\"urlTemplate\":\"https:\\\/\\\/www.alfen.pl\\\/?s={search_term_string}\"},\"query-input\":{\"@type\":\"PropertyValueSpecification\",\"valueRequired\":true,\"valueName\":\"search_term_string\"}}],\"inLanguage\":\"fr-FR\"},{\"@type\":\"Organization\",\"@id\":\"https:\\\/\\\/www.alfen.pl\\\/#organization\",\"name\":\"Alfen\",\"url\":\"https:\\\/\\\/www.alfen.pl\\\/\",\"logo\":{\"@type\":\"ImageObject\",\"inLanguage\":\"fr-FR\",\"@id\":\"https:\\\/\\\/www.alfen.pl\\\/#\\\/schema\\\/logo\\\/image\\\/\",\"url\":\"https:\\\/\\\/www.alfen.pl\\\/wp-content\\\/uploads\\\/2023\\\/05\\\/logo-alfen-pn6g1u7a96jpxbbl1fnd7lrrq2do24o5l3xhqiompy.png\",\"contentUrl\":\"https:\\\/\\\/www.alfen.pl\\\/wp-content\\\/uploads\\\/2023\\\/05\\\/logo-alfen-pn6g1u7a96jpxbbl1fnd7lrrq2do24o5l3xhqiompy.png\",\"width\":150,\"height\":39,\"caption\":\"Alfen\"},\"image\":{\"@id\":\"https:\\\/\\\/www.alfen.pl\\\/#\\\/schema\\\/logo\\\/image\\\/\"}}]}<\/script>\n<!-- \/ Yoast SEO plugin. -->","yoast_head_json":{"title":"Sprawd\u017a gdzie kupi\u0107 - Producent bram i ogrodze\u0144 aluminiowych | Alfen","description":"ALFEN \u27a4 Sprawd\u017a gdzie kupi\u0107 \u2714\ufe0f Innowacyjne rozwi\u0105zania i precyzyjne wykonanie \u2714\ufe0f Sprawd\u017a ofert\u0119 renomowanego producenta bram i ogrodze\u0144 Alfen!","robots":{"index":"index","follow":"follow","max-snippet":"max-snippet:-1","max-image-preview":"max-image-preview:large","max-video-preview":"max-video-preview:-1"},"canonical":"https:\/\/www.alfen.pl\/fr\/sprawdz-gdzie-kupic\/","og_locale":"fr_FR","og_type":"article","og_title":"Sprawd\u017a gdzie kupi\u0107 - Producent bram i ogrodze\u0144 aluminiowych | Alfen","og_description":"ALFEN \u27a4 Sprawd\u017a gdzie kupi\u0107 \u2714\ufe0f Innowacyjne rozwi\u0105zania i precyzyjne wykonanie \u2714\ufe0f Sprawd\u017a ofert\u0119 renomowanego producenta bram i ogrodze\u0144 Alfen!","og_url":"https:\/\/www.alfen.pl\/fr\/sprawdz-gdzie-kupic\/","og_site_name":"Alfen","article_modified_time":"2023-06-05T10:27:39+00:00","og_image":[{"width":2123,"height":1000,"url":"https:\/\/www.alfen.pl\/wp-content\/uploads\/2023\/05\/n04-1_1.jpg","type":"image\/jpeg"}],"twitter_card":"summary_large_image","twitter_misc":{"Dur\u00e9e de lecture estim\u00e9e":"1 minute"},"schema":{"@context":"https:\/\/schema.org","@graph":[{"@type":"WebPage","@id":"https:\/\/www.alfen.pl\/sprawdz-gdzie-kupic\/","url":"https:\/\/www.alfen.pl\/sprawdz-gdzie-kupic\/","name":"Sprawd\u017a gdzie kupi\u0107 - Producent bram i ogrodze\u0144 aluminiowych | Alfen","isPartOf":{"@id":"https:\/\/www.alfen.pl\/#website"},"primaryImageOfPage":{"@id":"https:\/\/www.alfen.pl\/sprawdz-gdzie-kupic\/#primaryimage"},"image":{"@id":"https:\/\/www.alfen.pl\/sprawdz-gdzie-kupic\/#primaryimage"},"thumbnailUrl":"https:\/\/www.alfen.pl\/wp-content\/uploads\/2023\/05\/n04-1_1.jpg","datePublished":"2022-07-19T16:42:30+00:00","dateModified":"2023-06-05T10:27:39+00:00","description":"ALFEN \u27a4 Sprawd\u017a gdzie kupi\u0107 \u2714\ufe0f Innowacyjne rozwi\u0105zania i precyzyjne wykonanie \u2714\ufe0f Sprawd\u017a ofert\u0119 renomowanego producenta bram i ogrodze\u0144 Alfen!","breadcrumb":{"@id":"https:\/\/www.alfen.pl\/sprawdz-gdzie-kupic\/#breadcrumb"},"inLanguage":"fr-FR","potentialAction":[{"@type":"ReadAction","target":["https:\/\/www.alfen.pl\/sprawdz-gdzie-kupic\/"]}]},{"@type":"ImageObject","inLanguage":"fr-FR","@id":"https:\/\/www.alfen.pl\/sprawdz-gdzie-kupic\/#primaryimage","url":"https:\/\/www.alfen.pl\/wp-content\/uploads\/2023\/05\/n04-1_1.jpg","contentUrl":"https:\/\/www.alfen.pl\/wp-content\/uploads\/2023\/05\/n04-1_1.jpg","width":2123,"height":1000},{"@type":"BreadcrumbList","@id":"https:\/\/www.alfen.pl\/sprawdz-gdzie-kupic\/#breadcrumb","itemListElement":[{"@type":"ListItem","position":1,"name":"Alfen","item":"https:\/\/www.alfen.pl\/"},{"@type":"ListItem","position":2,"name":"Sprawd\u017a gdzie kupi\u0107"}]},{"@type":"WebSite","@id":"https:\/\/www.alfen.pl\/#website","url":"https:\/\/www.alfen.pl\/","name":"Alfen","description":"Cl\u00f4tures en aluminium de qualit\u00e9 sup\u00e9rieure","publisher":{"@id":"https:\/\/www.alfen.pl\/#organization"},"potentialAction":[{"@type":"SearchAction","target":{"@type":"EntryPoint","urlTemplate":"https:\/\/www.alfen.pl\/?s={search_term_string}"},"query-input":{"@type":"PropertyValueSpecification","valueRequired":true,"valueName":"search_term_string"}}],"inLanguage":"fr-FR"},{"@type":"Organization","@id":"https:\/\/www.alfen.pl\/#organization","name":"Alfen","url":"https:\/\/www.alfen.pl\/","logo":{"@type":"ImageObject","inLanguage":"fr-FR","@id":"https:\/\/www.alfen.pl\/#\/schema\/logo\/image\/","url":"https:\/\/www.alfen.pl\/wp-content\/uploads\/2023\/05\/logo-alfen-pn6g1u7a96jpxbbl1fnd7lrrq2do24o5l3xhqiompy.png","contentUrl":"https:\/\/www.alfen.pl\/wp-content\/uploads\/2023\/05\/logo-alfen-pn6g1u7a96jpxbbl1fnd7lrrq2do24o5l3xhqiompy.png","width":150,"height":39,"caption":"Alfen"},"image":{"@id":"https:\/\/www.alfen.pl\/#\/schema\/logo\/image\/"}}]}},"uagb_featured_image_src":{"full":["https:\/\/www.alfen.pl\/wp-content\/uploads\/2023\/05\/n04-1_1.jpg",2123,1000,false],"thumbnail":["https:\/\/www.alfen.pl\/wp-content\/uploads\/2023\/05\/n04-1_1-150x150.jpg",150,150,true],"medium":["https:\/\/www.alfen.pl\/wp-content\/uploads\/2023\/05\/n04-1_1-500x236.jpg",500,236,true],"medium_large":["https:\/\/www.alfen.pl\/wp-content\/uploads\/2023\/05\/n04-1_1-768x362.jpg",768,362,true],"large":["https:\/\/www.alfen.pl\/wp-content\/uploads\/2023\/05\/n04-1_1-1024x482.jpg",1024,482,true],"1536x1536":["https:\/\/www.alfen.pl\/wp-content\/uploads\/2023\/05\/n04-1_1-1536x724.jpg",1536,724,true],"2048x2048":["https:\/\/www.alfen.pl\/wp-content\/uploads\/2023\/05\/n04-1_1-2048x965.jpg",2048,965,true],"trp-custom-language-flag":["https:\/\/www.alfen.pl\/wp-content\/uploads\/2023\/05\/n04-1_1-18x8.jpg",18,8,true]},"uagb_author_info":{"display_name":"jakub","author_link":"https:\/\/www.alfen.pl\/fr\/author\/jakub\/"},"uagb_comment_info":0,"uagb_excerpt":"Zapraszamy do kontaktu z naszymi regionalnymi, starannie wyselekcjonowanymi dystrybutorami. Gwarantuje to Pa\u0144stwu nale\u017cyt\u0105 obs\u0142ug\u0119 na ka\u017cdym etapie realizacji inwestycji.","coauthors":[],"author_meta":{"author_link":"https:\/\/www.alfen.pl\/fr\/author\/jakub\/","display_name":"jakub"},"relative_dates":{"created":"Publi\u00e9 4 ans il y a","modified":"Mis \u00e0 jour 3 ans il y a"},"absolute_dates":{"created":"Publi\u00e9 le 19 juillet 2022","modified":"Mise \u00e0 jour le 5 juin 2023"},"absolute_dates_time":{"created":"Publi\u00e9 le 19 juillet 2022 18:42","modified":"Mise \u00e0 jour le 5 juin 2023 12:27"},"featured_img_caption":"","featured_img":"https:\/\/www.alfen.pl\/wp-content\/uploads\/2023\/05\/n04-1_1.jpg","series_order":"","_links":{"self":[{"href":"https:\/\/www.alfen.pl\/fr\/wp-json\/wp\/v2\/pages\/3560","targetHints":{"allow":["GET"]}}],"collection":[{"href":"https:\/\/www.alfen.pl\/fr\/wp-json\/wp\/v2\/pages"}],"about":[{"href":"https:\/\/www.alfen.pl\/fr\/wp-json\/wp\/v2\/types\/page"}],"author":[{"embeddable":true,"href":"https:\/\/www.alfen.pl\/fr\/wp-json\/wp\/v2\/users\/1"}],"replies":[{"embeddable":true,"href":"https:\/\/www.alfen.pl\/fr\/wp-json\/wp\/v2\/comments?post=3560"}],"version-history":[{"count":0,"href":"https:\/\/www.alfen.pl\/fr\/wp-json\/wp\/v2\/pages\/3560\/revisions"}],"wp:featuredmedia":[{"embeddable":true,"href":"https:\/\/www.alfen.pl\/fr\/wp-json\/wp\/v2\/media\/4391"}],"wp:attachment":[{"href":"https:\/\/www.alfen.pl\/fr\/wp-json\/wp\/v2\/media?parent=3560"}],"curies":[{"name":"wp","href":"https:\/\/api.w.org\/{rel}","templated":true}]}}