{"id":3561,"date":"2022-07-19T18:42:30","date_gmt":"2022-07-19T16:42:30","guid":{"rendered":"https:\/\/www.alfen.pl\/produkty\/"},"modified":"2023-06-05T12:00:01","modified_gmt":"2023-06-05T10:00:01","slug":"produkty","status":"publish","type":"page","link":"https:\/\/www.alfen.pl\/fr\/produkty\/","title":{"rendered":"Produits"},"content":{"rendered":"<div class=\"wp-block-advgb-columns advgb-columns-wrapper\" id=\"advgb-cols-bf12c787-403f-42fb-9f04-d7dd8aad7c0b\"><div class=\"advgb-columns-container\"><div class=\"advgb-columns advgb-columns-row advgb-is-mobile advgb-columns-2 layout-12-12 mbl-layout-stacked gutter-30 vgutter-30\">\n<div class=\"wp-block-advgb-column advgb-column\" id=\"advgb-col-f68a175d-1a15-49b5-ac8e-f5991625020c\"><div class=\"advgb-column-inner\" style=\"border-style:none;border-width:1px\">\n<div class=\"wp-block-group img-title-link\"><div class=\"wp-block-group__inner-container is-layout-constrained wp-block-group-is-layout-constrained\">\n<figure class=\"wp-block-image size-full\"><a href=\"\/fr\/grupa-n\/\"><img loading=\"lazy\" decoding=\"async\" width=\"800\" height=\"529\" src=\"https:\/\/www.alfen.pl\/wp-content\/uploads\/2023\/06\/grupa-n.jpg\" alt=\"\" class=\"wp-image-5026\" srcset=\"https:\/\/www.alfen.pl\/wp-content\/uploads\/2023\/06\/grupa-n.jpg 800w, https:\/\/www.alfen.pl\/wp-content\/uploads\/2023\/06\/grupa-n-454x300.jpg 454w, https:\/\/www.alfen.pl\/wp-content\/uploads\/2023\/06\/grupa-n-768x508.jpg 768w, https:\/\/www.alfen.pl\/wp-content\/uploads\/2023\/06\/grupa-n-18x12.jpg 18w\" sizes=\"auto, (max-width: 800px) 100vw, 800px\" \/><\/a><\/figure>\n\n\n\n<p>Cl\u00f4tures horizontales<\/p>\n<\/div><\/div>\n<\/div><\/div>\n\n\n\n<div class=\"wp-block-advgb-column advgb-column\" id=\"advgb-col-ebdcde92-bcf5-47ce-b8df-d315e5159649\"><div class=\"advgb-column-inner\" style=\"border-style:none;border-width:1px\">\n<div class=\"wp-block-group img-title-link\"><div class=\"wp-block-group__inner-container is-layout-constrained wp-block-group-is-layout-constrained\">\n<figure class=\"wp-block-image size-full\"><a href=\"https:\/\/www.alfen.pl\/fr\/grupa-f\/\"><img loading=\"lazy\" decoding=\"async\" width=\"800\" height=\"529\" src=\"https:\/\/www.alfen.pl\/wp-content\/uploads\/2023\/06\/grupa-f.jpg\" alt=\"\" class=\"wp-image-5028\" srcset=\"https:\/\/www.alfen.pl\/wp-content\/uploads\/2023\/06\/grupa-f.jpg 800w, https:\/\/www.alfen.pl\/wp-content\/uploads\/2023\/06\/grupa-f-454x300.jpg 454w, https:\/\/www.alfen.pl\/wp-content\/uploads\/2023\/06\/grupa-f-768x508.jpg 768w, https:\/\/www.alfen.pl\/wp-content\/uploads\/2023\/06\/grupa-f-18x12.jpg 18w\" sizes=\"auto, (max-width: 800px) 100vw, 800px\" \/><\/a><\/figure>\n\n\n\n<p>Larges cl\u00f4tures horizontales<\/p>\n<\/div><\/div>\n<\/div><\/div>\n<\/div><\/div><\/div>\n\n\n\n<div class=\"wp-block-advgb-columns advgb-columns-wrapper\" id=\"advgb-cols-56d4e3c2-035e-475e-aa03-cde30970fb39\"><div class=\"advgb-columns-container\"><div class=\"advgb-columns advgb-columns-row advgb-is-mobile advgb-columns-2 layout-12-12 mbl-layout-stacked gutter-30 vgutter-30\">\n<div class=\"wp-block-advgb-column advgb-column\" id=\"advgb-col-49f8b02f-ef7d-4b04-af00-1274efbc525d\"><div class=\"advgb-column-inner\" style=\"border-style:none;border-width:1px\">\n<div class=\"wp-block-group img-title-link\"><div class=\"wp-block-group__inner-container is-layout-constrained wp-block-group-is-layout-constrained\">\n<figure class=\"wp-block-image size-full\"><a href=\"https:\/\/www.alfen.pl\/fr\/grupa-r\/\"><img loading=\"lazy\" decoding=\"async\" width=\"800\" height=\"529\" src=\"https:\/\/www.alfen.pl\/wp-content\/uploads\/2023\/06\/grupa-r.jpg\" alt=\"\" class=\"wp-image-5032\" srcset=\"https:\/\/www.alfen.pl\/wp-content\/uploads\/2023\/06\/grupa-r.jpg 800w, https:\/\/www.alfen.pl\/wp-content\/uploads\/2023\/06\/grupa-r-454x300.jpg 454w, https:\/\/www.alfen.pl\/wp-content\/uploads\/2023\/06\/grupa-r-768x508.jpg 768w, https:\/\/www.alfen.pl\/wp-content\/uploads\/2023\/06\/grupa-r-18x12.jpg 18w\" sizes=\"auto, (max-width: 800px) 100vw, 800px\" \/><\/a><\/figure>\n\n\n\n<p>Cl\u00f4tures verticales<\/p>\n<\/div><\/div>\n<\/div><\/div>\n\n\n\n<div class=\"wp-block-advgb-column advgb-column\" id=\"advgb-col-b2b35fd1-466a-4988-b187-b55d9fd2fbca\"><div class=\"advgb-column-inner\" style=\"border-style:none;border-width:1px\">\n<div class=\"wp-block-group img-title-link\"><div class=\"wp-block-group__inner-container is-layout-constrained wp-block-group-is-layout-constrained\">\n<figure class=\"wp-block-image size-full\"><a href=\"https:\/\/www.alfen.pl\/fr\/grupa-c\/\"><img loading=\"lazy\" decoding=\"async\" width=\"800\" height=\"529\" src=\"https:\/\/www.alfen.pl\/wp-content\/uploads\/2023\/06\/grupa-c.jpg\" alt=\"\" class=\"wp-image-5033\" srcset=\"https:\/\/www.alfen.pl\/wp-content\/uploads\/2023\/06\/grupa-c.jpg 800w, https:\/\/www.alfen.pl\/wp-content\/uploads\/2023\/06\/grupa-c-454x300.jpg 454w, https:\/\/www.alfen.pl\/wp-content\/uploads\/2023\/06\/grupa-c-768x508.jpg 768w, https:\/\/www.alfen.pl\/wp-content\/uploads\/2023\/06\/grupa-c-18x12.jpg 18w\" sizes=\"auto, (max-width: 800px) 100vw, 800px\" \/><\/a><\/figure>\n\n\n\n<p>Cl\u00f4tures classiques<\/p>\n<\/div><\/div>\n<\/div><\/div>\n<\/div><\/div><\/div>\n\n\n\n<div class=\"wp-block-advgb-columns advgb-columns-wrapper\" id=\"advgb-cols-6a759af6-4421-4f32-a0e3-62fa922c3e13\"><div class=\"advgb-columns-container\"><div class=\"advgb-columns advgb-columns-row advgb-is-mobile advgb-columns-2 layout-12-12 mbl-layout-stacked gutter-30 vgutter-30\">\n<div class=\"wp-block-advgb-column advgb-column\" id=\"advgb-col-6aa3bce7-475f-4529-a581-91c5227e2d10\"><div class=\"advgb-column-inner\" style=\"border-style:none;border-width:1px\">\n<div class=\"wp-block-group img-title-link\"><div class=\"wp-block-group__inner-container is-layout-constrained wp-block-group-is-layout-constrained\">\n<figure class=\"wp-block-image size-full\"><a href=\"https:\/\/www.alfen.pl\/fr\/grupa-p\/\"><img loading=\"lazy\" decoding=\"async\" width=\"800\" height=\"529\" src=\"https:\/\/www.alfen.pl\/wp-content\/uploads\/2023\/06\/grupa-p.jpg\" alt=\"\" class=\"wp-image-5034\" srcset=\"https:\/\/www.alfen.pl\/wp-content\/uploads\/2023\/06\/grupa-p.jpg 800w, https:\/\/www.alfen.pl\/wp-content\/uploads\/2023\/06\/grupa-p-454x300.jpg 454w, https:\/\/www.alfen.pl\/wp-content\/uploads\/2023\/06\/grupa-p-768x508.jpg 768w, https:\/\/www.alfen.pl\/wp-content\/uploads\/2023\/06\/grupa-p-18x12.jpg 18w\" sizes=\"auto, (max-width: 800px) 100vw, 800px\" \/><\/a><\/figure>\n\n\n\n<p>Portes industrielles<\/p>\n<\/div><\/div>\n<\/div><\/div>\n\n\n\n<div class=\"wp-block-advgb-column advgb-column\" id=\"advgb-col-af3a508e-1ec6-406e-b44d-5382d5987514\"><div class=\"advgb-column-inner\" style=\"border-style:none;border-width:1px\">\n<div class=\"wp-block-group img-title-link\"><div class=\"wp-block-group__inner-container is-layout-constrained wp-block-group-is-layout-constrained\">\n<figure class=\"wp-block-image size-full\"><a href=\"https:\/\/www.alfen.pl\/fr\/balustrady\/\"><img loading=\"lazy\" decoding=\"async\" width=\"800\" height=\"529\" src=\"https:\/\/www.alfen.pl\/wp-content\/uploads\/2023\/06\/balustrada.jpg\" alt=\"\" class=\"wp-image-5035\" srcset=\"https:\/\/www.alfen.pl\/wp-content\/uploads\/2023\/06\/balustrada.jpg 800w, https:\/\/www.alfen.pl\/wp-content\/uploads\/2023\/06\/balustrada-454x300.jpg 454w, https:\/\/www.alfen.pl\/wp-content\/uploads\/2023\/06\/balustrada-768x508.jpg 768w, https:\/\/www.alfen.pl\/wp-content\/uploads\/2023\/06\/balustrada-18x12.jpg 18w\" sizes=\"auto, (max-width: 800px) 100vw, 800px\" \/><\/a><\/figure>\n\n\n\n<p>Balustrades<\/p>\n<\/div><\/div>\n<\/div><\/div>\n<\/div><\/div><\/div>\n\n\n\n<div class=\"wp-block-advgb-columns advgb-columns-wrapper\" id=\"advgb-cols-557eb015-3bc2-4587-af03-397fcc46f4c8\"><div class=\"advgb-columns-container\"><div class=\"advgb-columns advgb-columns-row advgb-is-mobile advgb-columns-2 layout-12-12 mbl-layout-stacked gutter-30 vgutter-30\">\n<div class=\"wp-block-advgb-column advgb-column\" id=\"advgb-col-75a53c06-4da6-49d1-96eb-da090ffeed17\"><div class=\"advgb-column-inner\" style=\"border-style:none;border-width:1px\">\n<div class=\"wp-block-group img-title-link\"><div class=\"wp-block-group__inner-container is-layout-constrained wp-block-group-is-layout-constrained\">\n<figure class=\"wp-block-image size-full\"><a href=\"https:\/\/www.alfen.pl\/fr\/grupa-p\/\"><img loading=\"lazy\" decoding=\"async\" width=\"800\" height=\"529\" src=\"https:\/\/www.alfen.pl\/wp-content\/uploads\/2023\/06\/grupa-p.jpg\" alt=\"\" class=\"wp-image-5034\" srcset=\"https:\/\/www.alfen.pl\/wp-content\/uploads\/2023\/06\/grupa-p.jpg 800w, https:\/\/www.alfen.pl\/wp-content\/uploads\/2023\/06\/grupa-p-454x300.jpg 454w, https:\/\/www.alfen.pl\/wp-content\/uploads\/2023\/06\/grupa-p-768x508.jpg 768w, https:\/\/www.alfen.pl\/wp-content\/uploads\/2023\/06\/grupa-p-18x12.jpg 18w\" sizes=\"auto, (max-width: 800px) 100vw, 800px\" \/><\/a><\/figure>\n\n\n\n<p>Guichets<\/p>\n<\/div><\/div>\n<\/div><\/div>\n\n\n\n<div class=\"wp-block-advgb-column advgb-column\" id=\"advgb-col-57e31000-e9da-40af-af69-05f70d9fc64a\"><div class=\"advgb-column-inner\" style=\"border-style:none;border-width:1px\">\n<div class=\"wp-block-group img-title-link\"><div class=\"wp-block-group__inner-container is-layout-constrained wp-block-group-is-layout-constrained\">\n<figure class=\"wp-block-image size-full\"><a href=\"https:\/\/www.alfen.pl\/fr\/balustrady\/\"><img loading=\"lazy\" decoding=\"async\" width=\"800\" height=\"529\" src=\"https:\/\/www.alfen.pl\/wp-content\/uploads\/2023\/06\/balustrada.jpg\" alt=\"\" class=\"wp-image-5035\" srcset=\"https:\/\/www.alfen.pl\/wp-content\/uploads\/2023\/06\/balustrada.jpg 800w, https:\/\/www.alfen.pl\/wp-content\/uploads\/2023\/06\/balustrada-454x300.jpg 454w, https:\/\/www.alfen.pl\/wp-content\/uploads\/2023\/06\/balustrada-768x508.jpg 768w, https:\/\/www.alfen.pl\/wp-content\/uploads\/2023\/06\/balustrada-18x12.jpg 18w\" sizes=\"auto, (max-width: 800px) 100vw, 800px\" \/><\/a><\/figure>\n\n\n\n<p>Portes<\/p>\n<\/div><\/div>\n<\/div><\/div>\n<\/div><\/div><\/div>\n<style class=\"advgb-styles-renderer\">#advgb-col-f68a175d-1a15-49b5-ac8e-f5991625020c>.advgb-column-inner{}@media screen and (max-width: 1023px) {#advgb-col-f68a175d-1a15-49b5-ac8e-f5991625020c>.advgb-column-inner{}}@media screen and (max-width: 767px) {#advgb-col-f68a175d-1a15-49b5-ac8e-f5991625020c>.advgb-column-inner{}}#advgb-col-ebdcde92-bcf5-47ce-b8df-d315e5159649>.advgb-column-inner{}@media screen and (max-width: 1023px) {#advgb-col-ebdcde92-bcf5-47ce-b8df-d315e5159649>.advgb-column-inner{}}@media screen and (max-width: 767px) {#advgb-col-ebdcde92-bcf5-47ce-b8df-d315e5159649>.advgb-column-inner{}}#advgb-cols-bf12c787-403f-42fb-9f04-d7dd8aad7c0b{margin-bottom:30px;}@media screen and (max-width: 1023px) {#advgb-cols-bf12c787-403f-42fb-9f04-d7dd8aad7c0b{}}@media screen and (max-width: 767px) {#advgb-cols-bf12c787-403f-42fb-9f04-d7dd8aad7c0b{margin-bottom:0px;}}#advgb-col-f68a175d-1a15-49b5-ac8e-f5991625020c>.advgb-column-inner{}@media screen and (max-width: 1023px) {#advgb-col-f68a175d-1a15-49b5-ac8e-f5991625020c>.advgb-column-inner{}}@media screen and (max-width: 767px) {#advgb-col-f68a175d-1a15-49b5-ac8e-f5991625020c>.advgb-column-inner{}}#advgb-col-ebdcde92-bcf5-47ce-b8df-d315e5159649>.advgb-column-inner{}@media screen and (max-width: 1023px) {#advgb-col-ebdcde92-bcf5-47ce-b8df-d315e5159649>.advgb-column-inner{}}@media screen and (max-width: 767px) {#advgb-col-ebdcde92-bcf5-47ce-b8df-d315e5159649>.advgb-column-inner{}}#advgb-col-49f8b02f-ef7d-4b04-af00-1274efbc525d>.advgb-column-inner{}@media screen and (max-width: 1023px) {#advgb-col-49f8b02f-ef7d-4b04-af00-1274efbc525d>.advgb-column-inner{}}@media screen and (max-width: 767px) {#advgb-col-49f8b02f-ef7d-4b04-af00-1274efbc525d>.advgb-column-inner{}}#advgb-col-b2b35fd1-466a-4988-b187-b55d9fd2fbca>.advgb-column-inner{}@media screen and (max-width: 1023px) {#advgb-col-b2b35fd1-466a-4988-b187-b55d9fd2fbca>.advgb-column-inner{}}@media screen and (max-width: 767px) {#advgb-col-b2b35fd1-466a-4988-b187-b55d9fd2fbca>.advgb-column-inner{}}#advgb-cols-56d4e3c2-035e-475e-aa03-cde30970fb39{margin-bottom:30px;}@media screen and (max-width: 1023px) {#advgb-cols-56d4e3c2-035e-475e-aa03-cde30970fb39{}}@media screen and (max-width: 767px) {#advgb-cols-56d4e3c2-035e-475e-aa03-cde30970fb39{margin-bottom:0px;}}#advgb-col-49f8b02f-ef7d-4b04-af00-1274efbc525d>.advgb-column-inner{}@media screen and (max-width: 1023px) {#advgb-col-49f8b02f-ef7d-4b04-af00-1274efbc525d>.advgb-column-inner{}}@media screen and (max-width: 767px) {#advgb-col-49f8b02f-ef7d-4b04-af00-1274efbc525d>.advgb-column-inner{}}#advgb-col-b2b35fd1-466a-4988-b187-b55d9fd2fbca>.advgb-column-inner{}@media screen and (max-width: 1023px) {#advgb-col-b2b35fd1-466a-4988-b187-b55d9fd2fbca>.advgb-column-inner{}}@media screen and (max-width: 767px) {#advgb-col-b2b35fd1-466a-4988-b187-b55d9fd2fbca>.advgb-column-inner{}}#advgb-col-6aa3bce7-475f-4529-a581-91c5227e2d10>.advgb-column-inner{}@media screen and (max-width: 1023px) {#advgb-col-6aa3bce7-475f-4529-a581-91c5227e2d10>.advgb-column-inner{}}@media screen and (max-width: 767px) {#advgb-col-6aa3bce7-475f-4529-a581-91c5227e2d10>.advgb-column-inner{}}#advgb-col-af3a508e-1ec6-406e-b44d-5382d5987514>.advgb-column-inner{}@media screen and (max-width: 1023px) {#advgb-col-af3a508e-1ec6-406e-b44d-5382d5987514>.advgb-column-inner{}}@media screen and (max-width: 767px) {#advgb-col-af3a508e-1ec6-406e-b44d-5382d5987514>.advgb-column-inner{}}#advgb-cols-6a759af6-4421-4f32-a0e3-62fa922c3e13{margin-bottom:30px;}@media screen and (max-width: 1023px) {#advgb-cols-6a759af6-4421-4f32-a0e3-62fa922c3e13{}}@media screen and (max-width: 767px) {#advgb-cols-6a759af6-4421-4f32-a0e3-62fa922c3e13{margin-bottom:0px;}}#advgb-col-6aa3bce7-475f-4529-a581-91c5227e2d10>.advgb-column-inner{}@media screen and (max-width: 1023px) {#advgb-col-6aa3bce7-475f-4529-a581-91c5227e2d10>.advgb-column-inner{}}@media screen and (max-width: 767px) {#advgb-col-6aa3bce7-475f-4529-a581-91c5227e2d10>.advgb-column-inner{}}#advgb-col-af3a508e-1ec6-406e-b44d-5382d5987514>.advgb-column-inner{}@media screen and (max-width: 1023px) {#advgb-col-af3a508e-1ec6-406e-b44d-5382d5987514>.advgb-column-inner{}}@media screen and (max-width: 767px) {#advgb-col-af3a508e-1ec6-406e-b44d-5382d5987514>.advgb-column-inner{}}#advgb-col-75a53c06-4da6-49d1-96eb-da090ffeed17>.advgb-column-inner{}@media screen and (max-width: 1023px) {#advgb-col-75a53c06-4da6-49d1-96eb-da090ffeed17>.advgb-column-inner{}}@media screen and (max-width: 767px) {#advgb-col-75a53c06-4da6-49d1-96eb-da090ffeed17>.advgb-column-inner{}}#advgb-col-57e31000-e9da-40af-af69-05f70d9fc64a>.advgb-column-inner{}@media screen and (max-width: 1023px) {#advgb-col-57e31000-e9da-40af-af69-05f70d9fc64a>.advgb-column-inner{}}@media screen and (max-width: 767px) {#advgb-col-57e31000-e9da-40af-af69-05f70d9fc64a>.advgb-column-inner{}}#advgb-cols-557eb015-3bc2-4587-af03-397fcc46f4c8{margin-bottom:30px;}@media screen and (max-width: 1023px) {#advgb-cols-557eb015-3bc2-4587-af03-397fcc46f4c8{}}@media screen and (max-width: 767px) {#advgb-cols-557eb015-3bc2-4587-af03-397fcc46f4c8{margin-bottom:0px;}}#advgb-col-75a53c06-4da6-49d1-96eb-da090ffeed17>.advgb-column-inner{}@media screen and (max-width: 1023px) {#advgb-col-75a53c06-4da6-49d1-96eb-da090ffeed17>.advgb-column-inner{}}@media screen and (max-width: 767px) {#advgb-col-75a53c06-4da6-49d1-96eb-da090ffeed17>.advgb-column-inner{}}#advgb-col-57e31000-e9da-40af-af69-05f70d9fc64a>.advgb-column-inner{}@media screen and (max-width: 1023px) {#advgb-col-57e31000-e9da-40af-af69-05f70d9fc64a>.advgb-column-inner{}}@media screen and (max-width: 767px) {#advgb-col-57e31000-e9da-40af-af69-05f70d9fc64a>.advgb-column-inner{}}<\/style>","protected":false},"excerpt":{"rendered":"","protected":false},"author":1,"featured_media":4393,"parent":0,"menu_order":0,"comment_status":"closed","ping_status":"closed","template":"","meta":{"inline_featured_image":false,"_uag_custom_page_level_css":"","advgb_blocks_editor_width":"","advgb_blocks_columns_visual_guide":"","footnotes":""},"class_list":["post-3561","page","type-page","status-publish","has-post-thumbnail","hentry"],"yoast_head":"<!-- This site is optimized with the Yoast SEO plugin v27.4 - https:\/\/yoast.com\/product\/yoast-seo-wordpress\/ -->\n<title>Produkty - Producent bram i ogrodze\u0144 aluminiowych | Alfen<\/title>\n<meta name=\"description\" content=\"ALFEN \u27a4 Produkty \u2714\ufe0f Innowacyjne rozwi\u0105zania i precyzyjne wykonanie \u2714\ufe0f Sprawd\u017a ofert\u0119 renomowanego producenta bram i ogrodze\u0144 Alfen!\" \/>\n<meta name=\"robots\" content=\"index, follow, max-snippet:-1, max-image-preview:large, max-video-preview:-1\" \/>\n<link rel=\"canonical\" href=\"https:\/\/www.alfen.pl\/fr\/produkty\/\" \/>\n<meta property=\"og:locale\" content=\"fr_FR\" \/>\n<meta property=\"og:type\" content=\"article\" \/>\n<meta property=\"og:title\" content=\"Produkty - Producent bram i ogrodze\u0144 aluminiowych | Alfen\" \/>\n<meta property=\"og:description\" content=\"ALFEN \u27a4 Produkty \u2714\ufe0f Innowacyjne rozwi\u0105zania i precyzyjne wykonanie \u2714\ufe0f Sprawd\u017a ofert\u0119 renomowanego producenta bram i ogrodze\u0144 Alfen!\" \/>\n<meta property=\"og:url\" content=\"https:\/\/www.alfen.pl\/fr\/produkty\/\" \/>\n<meta property=\"og:site_name\" content=\"Alfen\" \/>\n<meta property=\"article:modified_time\" content=\"2023-06-05T10:00:01+00:00\" \/>\n<meta property=\"og:image\" content=\"https:\/\/www.alfen.pl\/wp-content\/uploads\/2023\/06\/R06-main-perview.jpg\" \/>\n\t<meta property=\"og:image:width\" content=\"800\" \/>\n\t<meta property=\"og:image:height\" content=\"529\" \/>\n\t<meta property=\"og:image:type\" content=\"image\/jpeg\" \/>\n<meta name=\"twitter:card\" content=\"summary_large_image\" \/>\n<script type=\"application\/ld+json\" class=\"yoast-schema-graph\">{\"@context\":\"https:\\\/\\\/schema.org\",\"@graph\":[{\"@type\":\"WebPage\",\"@id\":\"https:\\\/\\\/www.alfen.pl\\\/produkty\\\/\",\"url\":\"https:\\\/\\\/www.alfen.pl\\\/produkty\\\/\",\"name\":\"Produkty - Producent bram i ogrodze\u0144 aluminiowych | Alfen\",\"isPartOf\":{\"@id\":\"https:\\\/\\\/www.alfen.pl\\\/#website\"},\"primaryImageOfPage\":{\"@id\":\"https:\\\/\\\/www.alfen.pl\\\/produkty\\\/#primaryimage\"},\"image\":{\"@id\":\"https:\\\/\\\/www.alfen.pl\\\/produkty\\\/#primaryimage\"},\"thumbnailUrl\":\"https:\\\/\\\/www.alfen.pl\\\/wp-content\\\/uploads\\\/2023\\\/05\\\/r06-main.jpg\",\"datePublished\":\"2022-07-19T16:42:30+00:00\",\"dateModified\":\"2023-06-05T10:00:01+00:00\",\"description\":\"ALFEN \u27a4 Produkty \u2714\ufe0f Innowacyjne rozwi\u0105zania i precyzyjne wykonanie \u2714\ufe0f Sprawd\u017a ofert\u0119 renomowanego producenta bram i ogrodze\u0144 Alfen!\",\"breadcrumb\":{\"@id\":\"https:\\\/\\\/www.alfen.pl\\\/produkty\\\/#breadcrumb\"},\"inLanguage\":\"fr-FR\",\"potentialAction\":[{\"@type\":\"ReadAction\",\"target\":[\"https:\\\/\\\/www.alfen.pl\\\/produkty\\\/\"]}]},{\"@type\":\"ImageObject\",\"inLanguage\":\"fr-FR\",\"@id\":\"https:\\\/\\\/www.alfen.pl\\\/produkty\\\/#primaryimage\",\"url\":\"https:\\\/\\\/www.alfen.pl\\\/wp-content\\\/uploads\\\/2023\\\/05\\\/r06-main.jpg\",\"contentUrl\":\"https:\\\/\\\/www.alfen.pl\\\/wp-content\\\/uploads\\\/2023\\\/05\\\/r06-main.jpg\",\"width\":1920,\"height\":1080},{\"@type\":\"BreadcrumbList\",\"@id\":\"https:\\\/\\\/www.alfen.pl\\\/produkty\\\/#breadcrumb\",\"itemListElement\":[{\"@type\":\"ListItem\",\"position\":1,\"name\":\"Alfen\",\"item\":\"https:\\\/\\\/www.alfen.pl\\\/\"},{\"@type\":\"ListItem\",\"position\":2,\"name\":\"Produkty\"}]},{\"@type\":\"WebSite\",\"@id\":\"https:\\\/\\\/www.alfen.pl\\\/#website\",\"url\":\"https:\\\/\\\/www.alfen.pl\\\/\",\"name\":\"Alfen\",\"description\":\"Premium aluminum fences\",\"publisher\":{\"@id\":\"https:\\\/\\\/www.alfen.pl\\\/#organization\"},\"potentialAction\":[{\"@type\":\"SearchAction\",\"target\":{\"@type\":\"EntryPoint\",\"urlTemplate\":\"https:\\\/\\\/www.alfen.pl\\\/?s={search_term_string}\"},\"query-input\":{\"@type\":\"PropertyValueSpecification\",\"valueRequired\":true,\"valueName\":\"search_term_string\"}}],\"inLanguage\":\"fr-FR\"},{\"@type\":\"Organization\",\"@id\":\"https:\\\/\\\/www.alfen.pl\\\/#organization\",\"name\":\"Alfen\",\"url\":\"https:\\\/\\\/www.alfen.pl\\\/\",\"logo\":{\"@type\":\"ImageObject\",\"inLanguage\":\"fr-FR\",\"@id\":\"https:\\\/\\\/www.alfen.pl\\\/#\\\/schema\\\/logo\\\/image\\\/\",\"url\":\"https:\\\/\\\/www.alfen.pl\\\/wp-content\\\/uploads\\\/2023\\\/05\\\/logo-alfen-pn6g1u7a96jpxbbl1fnd7lrrq2do24o5l3xhqiompy.png\",\"contentUrl\":\"https:\\\/\\\/www.alfen.pl\\\/wp-content\\\/uploads\\\/2023\\\/05\\\/logo-alfen-pn6g1u7a96jpxbbl1fnd7lrrq2do24o5l3xhqiompy.png\",\"width\":150,\"height\":39,\"caption\":\"Alfen\"},\"image\":{\"@id\":\"https:\\\/\\\/www.alfen.pl\\\/#\\\/schema\\\/logo\\\/image\\\/\"}}]}<\/script>\n<!-- \/ Yoast SEO plugin. -->","yoast_head_json":{"title":"Produkty - Producent bram i ogrodze\u0144 aluminiowych | Alfen","description":"ALFEN \u27a4 Produkty \u2714\ufe0f Innowacyjne rozwi\u0105zania i precyzyjne wykonanie \u2714\ufe0f Sprawd\u017a ofert\u0119 renomowanego producenta bram i ogrodze\u0144 Alfen!","robots":{"index":"index","follow":"follow","max-snippet":"max-snippet:-1","max-image-preview":"max-image-preview:large","max-video-preview":"max-video-preview:-1"},"canonical":"https:\/\/www.alfen.pl\/fr\/produkty\/","og_locale":"fr_FR","og_type":"article","og_title":"Produkty - Producent bram i ogrodze\u0144 aluminiowych | Alfen","og_description":"ALFEN \u27a4 Produkty \u2714\ufe0f Innowacyjne rozwi\u0105zania i precyzyjne wykonanie \u2714\ufe0f Sprawd\u017a ofert\u0119 renomowanego producenta bram i ogrodze\u0144 Alfen!","og_url":"https:\/\/www.alfen.pl\/fr\/produkty\/","og_site_name":"Alfen","article_modified_time":"2023-06-05T10:00:01+00:00","og_image":[{"width":800,"height":529,"url":"https:\/\/www.alfen.pl\/wp-content\/uploads\/2023\/06\/R06-main-perview.jpg","type":"image\/jpeg"}],"twitter_card":"summary_large_image","schema":{"@context":"https:\/\/schema.org","@graph":[{"@type":"WebPage","@id":"https:\/\/www.alfen.pl\/produkty\/","url":"https:\/\/www.alfen.pl\/produkty\/","name":"Produkty - Producent bram i ogrodze\u0144 aluminiowych | Alfen","isPartOf":{"@id":"https:\/\/www.alfen.pl\/#website"},"primaryImageOfPage":{"@id":"https:\/\/www.alfen.pl\/produkty\/#primaryimage"},"image":{"@id":"https:\/\/www.alfen.pl\/produkty\/#primaryimage"},"thumbnailUrl":"https:\/\/www.alfen.pl\/wp-content\/uploads\/2023\/05\/r06-main.jpg","datePublished":"2022-07-19T16:42:30+00:00","dateModified":"2023-06-05T10:00:01+00:00","description":"ALFEN \u27a4 Produkty \u2714\ufe0f Innowacyjne rozwi\u0105zania i precyzyjne wykonanie \u2714\ufe0f Sprawd\u017a ofert\u0119 renomowanego producenta bram i ogrodze\u0144 Alfen!","breadcrumb":{"@id":"https:\/\/www.alfen.pl\/produkty\/#breadcrumb"},"inLanguage":"fr-FR","potentialAction":[{"@type":"ReadAction","target":["https:\/\/www.alfen.pl\/produkty\/"]}]},{"@type":"ImageObject","inLanguage":"fr-FR","@id":"https:\/\/www.alfen.pl\/produkty\/#primaryimage","url":"https:\/\/www.alfen.pl\/wp-content\/uploads\/2023\/05\/r06-main.jpg","contentUrl":"https:\/\/www.alfen.pl\/wp-content\/uploads\/2023\/05\/r06-main.jpg","width":1920,"height":1080},{"@type":"BreadcrumbList","@id":"https:\/\/www.alfen.pl\/produkty\/#breadcrumb","itemListElement":[{"@type":"ListItem","position":1,"name":"Alfen","item":"https:\/\/www.alfen.pl\/"},{"@type":"ListItem","position":2,"name":"Produkty"}]},{"@type":"WebSite","@id":"https:\/\/www.alfen.pl\/#website","url":"https:\/\/www.alfen.pl\/","name":"Alfen","description":"Cl\u00f4tures en aluminium de qualit\u00e9 sup\u00e9rieure","publisher":{"@id":"https:\/\/www.alfen.pl\/#organization"},"potentialAction":[{"@type":"SearchAction","target":{"@type":"EntryPoint","urlTemplate":"https:\/\/www.alfen.pl\/?s={search_term_string}"},"query-input":{"@type":"PropertyValueSpecification","valueRequired":true,"valueName":"search_term_string"}}],"inLanguage":"fr-FR"},{"@type":"Organization","@id":"https:\/\/www.alfen.pl\/#organization","name":"Alfen","url":"https:\/\/www.alfen.pl\/","logo":{"@type":"ImageObject","inLanguage":"fr-FR","@id":"https:\/\/www.alfen.pl\/#\/schema\/logo\/image\/","url":"https:\/\/www.alfen.pl\/wp-content\/uploads\/2023\/05\/logo-alfen-pn6g1u7a96jpxbbl1fnd7lrrq2do24o5l3xhqiompy.png","contentUrl":"https:\/\/www.alfen.pl\/wp-content\/uploads\/2023\/05\/logo-alfen-pn6g1u7a96jpxbbl1fnd7lrrq2do24o5l3xhqiompy.png","width":150,"height":39,"caption":"Alfen"},"image":{"@id":"https:\/\/www.alfen.pl\/#\/schema\/logo\/image\/"}}]}},"uagb_featured_image_src":{"full":["https:\/\/www.alfen.pl\/wp-content\/uploads\/2023\/05\/r06-main.jpg",1920,1080,false],"thumbnail":["https:\/\/www.alfen.pl\/wp-content\/uploads\/2023\/05\/r06-main-150x150.jpg",150,150,true],"medium":["https:\/\/www.alfen.pl\/wp-content\/uploads\/2023\/05\/r06-main-500x281.jpg",500,281,true],"medium_large":["https:\/\/www.alfen.pl\/wp-content\/uploads\/2023\/05\/r06-main-768x432.jpg",768,432,true],"large":["https:\/\/www.alfen.pl\/wp-content\/uploads\/2023\/05\/r06-main-1024x576.jpg",1024,576,true],"1536x1536":["https:\/\/www.alfen.pl\/wp-content\/uploads\/2023\/05\/r06-main-1536x864.jpg",1536,864,true],"2048x2048":["https:\/\/www.alfen.pl\/wp-content\/uploads\/2023\/05\/r06-main.jpg",1920,1080,false],"trp-custom-language-flag":["https:\/\/www.alfen.pl\/wp-content\/uploads\/2023\/05\/r06-main-18x10.jpg",18,10,true]},"uagb_author_info":{"display_name":"jakub","author_link":"https:\/\/www.alfen.pl\/fr\/author\/jakub\/"},"uagb_comment_info":0,"uagb_excerpt":null,"coauthors":[],"author_meta":{"author_link":"https:\/\/www.alfen.pl\/fr\/author\/jakub\/","display_name":"jakub"},"relative_dates":{"created":"Publi\u00e9 4 ans il y a","modified":"Mis \u00e0 jour 3 ans il y a"},"absolute_dates":{"created":"Publi\u00e9 le 19 juillet 2022","modified":"Mise \u00e0 jour le 5 juin 2023"},"absolute_dates_time":{"created":"Publi\u00e9 le 19 juillet 2022 18:42","modified":"Mise \u00e0 jour le 5 juin 2023 12:00"},"featured_img_caption":"","featured_img":"https:\/\/www.alfen.pl\/wp-content\/uploads\/2023\/05\/r06-main.jpg","series_order":"","_links":{"self":[{"href":"https:\/\/www.alfen.pl\/fr\/wp-json\/wp\/v2\/pages\/3561","targetHints":{"allow":["GET"]}}],"collection":[{"href":"https:\/\/www.alfen.pl\/fr\/wp-json\/wp\/v2\/pages"}],"about":[{"href":"https:\/\/www.alfen.pl\/fr\/wp-json\/wp\/v2\/types\/page"}],"author":[{"embeddable":true,"href":"https:\/\/www.alfen.pl\/fr\/wp-json\/wp\/v2\/users\/1"}],"replies":[{"embeddable":true,"href":"https:\/\/www.alfen.pl\/fr\/wp-json\/wp\/v2\/comments?post=3561"}],"version-history":[{"count":0,"href":"https:\/\/www.alfen.pl\/fr\/wp-json\/wp\/v2\/pages\/3561\/revisions"}],"wp:featuredmedia":[{"embeddable":true,"href":"https:\/\/www.alfen.pl\/fr\/wp-json\/wp\/v2\/media\/4393"}],"wp:attachment":[{"href":"https:\/\/www.alfen.pl\/fr\/wp-json\/wp\/v2\/media?parent=3561"}],"curies":[{"name":"wp","href":"https:\/\/api.w.org\/{rel}","templated":true}]}}