{"id":3563,"date":"2022-07-19T18:42:30","date_gmt":"2022-07-19T16:42:30","guid":{"rendered":"https:\/\/www.alfen.pl\/grupa-p\/"},"modified":"2023-10-07T16:17:55","modified_gmt":"2023-10-07T14:17:55","slug":"grupa-p","status":"publish","type":"page","link":"https:\/\/www.alfen.pl\/fr\/grupa-p\/","title":{"rendered":"Portes industrielles"},"content":{"rendered":"<div class=\"wp-block-advgb-container advgb-blocks-container\">\n<div class=\"wp-block-advgb-columns advgb-columns-wrapper flip-box-vertical\" id=\"advgb-cols-6a7a23ee-72fa-4bc2-9eb2-c71e830703f7\"><div class=\"advgb-columns-container\"><div class=\"advgb-columns advgb-columns-row advgb-is-mobile advgb-columns-2 layout-12-12 mbl-layout-stacked vgutter-10\">\n<div class=\"wp-block-advgb-column advgb-column\" id=\"advgb-col-199d7d11-e8c3-4797-a776-452d4c84e6d3\"><div class=\"advgb-column-inner\" style=\"border-style:none;border-width:1px\">\n<div class=\"wp-block-advgb-image advgb-image-block full-width advgb-img-ebe2d13b-892b-47fd-ba80-eebefe2fbdae\" style=\"background-image:url(https:\/\/www.alfen.pl\/wp-content\/uploads\/2023\/05\/p01.jpg);background-position:50% 48%;height:300px;width:500px;justify-content:flex-end;align-items:flex-start\" data-image=\"https:\/\/www.alfen.pl\/wp-content\/uploads\/2023\/05\/p01.jpg\"><a class=\"advgb-image-overlay\" style=\"background-color:#000\" target=\"_blank\" rel=\"noopener noreferrer\"><\/a><h4 class=\"advgb-image-title\" style=\"color:#fff\">Mod\u00e8le P01<\/h4><\/div>\n\n\n\n<div class=\"wp-block-group has-background\" style=\"background-color:#1f1e1c\"><div class=\"wp-block-group__inner-container is-layout-constrained wp-block-group-is-layout-constrained\">\n<h3 class=\"wp-block-heading has-white-color has-text-color\" style=\"font-size:24px;font-style:normal;font-weight:800\">Mod\u00e8le P01<\/h3>\n\n\n\n<p class=\"has-white-color has-text-color\" style=\"font-size:16px\">- mod\u00e8le construit avec des ailerons verticaux de 30x30mm,<br>\u200d<br>- possibilit\u00e9 d'espacement entre les lames - fabriqu\u00e9 dans n'importe quelle taille,<br>\u200d<br>- la dimension maximale de la porte coulissante est de 5800mm entre les poteaux.<\/p>\n\n\n\n<div class=\"wp-block-group\"><div class=\"wp-block-group__inner-container is-layout-constrained wp-block-group-is-layout-constrained\">\n<div class=\"wp-block-group\"><div class=\"wp-block-group__inner-container is-layout-constrained wp-block-group-is-layout-constrained\">\n<figure class=\"wp-block-gallery has-nested-images columns-1 wp-block-gallery-1 is-layout-flex wp-block-gallery-is-layout-flex\">\n<figure class=\"wp-block-image size-large\"><a href=\"https:\/\/www.alfen.pl\/wp-content\/uploads\/2023\/05\/p01.jpg\"><img loading=\"lazy\" decoding=\"async\" width=\"1024\" height=\"576\" data-id=\"4406\" src=\"https:\/\/www.alfen.pl\/wp-content\/uploads\/2023\/05\/p01-1024x576.jpg\" alt=\"\" class=\"wp-image-4406\" srcset=\"https:\/\/www.alfen.pl\/wp-content\/uploads\/2023\/05\/p01-1024x576.jpg 1024w, https:\/\/www.alfen.pl\/wp-content\/uploads\/2023\/05\/p01-500x281.jpg 500w, https:\/\/www.alfen.pl\/wp-content\/uploads\/2023\/05\/p01-768x432.jpg 768w, https:\/\/www.alfen.pl\/wp-content\/uploads\/2023\/05\/p01-1536x864.jpg 1536w, https:\/\/www.alfen.pl\/wp-content\/uploads\/2023\/05\/p01-18x10.jpg 18w, https:\/\/www.alfen.pl\/wp-content\/uploads\/2023\/05\/p01.jpg 1920w\" sizes=\"auto, (max-width: 1024px) 100vw, 1024px\" \/><\/a><\/figure>\n\n\n\n<figure class=\"wp-block-image size-large\"><a href=\"https:\/\/www.alfen.pl\/wp-content\/uploads\/2023\/06\/p01-brama-dwuskrzydlowa.png\"><img loading=\"lazy\" decoding=\"async\" width=\"1024\" height=\"563\" data-id=\"4700\" src=\"https:\/\/www.alfen.pl\/wp-content\/uploads\/2023\/06\/p01-brama-dwuskrzydlowa-1024x563.png\" alt=\"\" class=\"wp-image-4700\" srcset=\"https:\/\/www.alfen.pl\/wp-content\/uploads\/2023\/06\/p01-brama-dwuskrzydlowa-1024x563.png 1024w, https:\/\/www.alfen.pl\/wp-content\/uploads\/2023\/06\/p01-brama-dwuskrzydlowa-500x275.png 500w, https:\/\/www.alfen.pl\/wp-content\/uploads\/2023\/06\/p01-brama-dwuskrzydlowa-768x422.png 768w, https:\/\/www.alfen.pl\/wp-content\/uploads\/2023\/06\/p01-brama-dwuskrzydlowa-18x10.png 18w, https:\/\/www.alfen.pl\/wp-content\/uploads\/2023\/06\/p01-brama-dwuskrzydlowa.png 1455w\" sizes=\"auto, (max-width: 1024px) 100vw, 1024px\" \/><\/a><\/figure>\n\n\n\n<figure class=\"wp-block-image size-large\"><a href=\"https:\/\/www.alfen.pl\/wp-content\/uploads\/2023\/06\/p01-brama-przesuwna.png\"><img loading=\"lazy\" decoding=\"async\" width=\"1024\" height=\"327\" data-id=\"4701\" src=\"https:\/\/www.alfen.pl\/wp-content\/uploads\/2023\/06\/p01-brama-przesuwna-1024x327.png\" alt=\"\" class=\"wp-image-4701\" srcset=\"https:\/\/www.alfen.pl\/wp-content\/uploads\/2023\/06\/p01-brama-przesuwna-1024x327.png 1024w, https:\/\/www.alfen.pl\/wp-content\/uploads\/2023\/06\/p01-brama-przesuwna-500x160.png 500w, https:\/\/www.alfen.pl\/wp-content\/uploads\/2023\/06\/p01-brama-przesuwna-768x245.png 768w, https:\/\/www.alfen.pl\/wp-content\/uploads\/2023\/06\/p01-brama-przesuwna-1536x491.png 1536w, https:\/\/www.alfen.pl\/wp-content\/uploads\/2023\/06\/p01-brama-przesuwna-18x6.png 18w, https:\/\/www.alfen.pl\/wp-content\/uploads\/2023\/06\/p01-brama-przesuwna.png 1877w\" sizes=\"auto, (max-width: 1024px) 100vw, 1024px\" \/><\/a><\/figure>\n\n\n\n<figure class=\"wp-block-image size-full\"><a href=\"https:\/\/www.alfen.pl\/wp-content\/uploads\/2023\/06\/p01-furtka.png\"><img loading=\"lazy\" decoding=\"async\" width=\"561\" height=\"800\" data-id=\"4702\" src=\"https:\/\/www.alfen.pl\/wp-content\/uploads\/2023\/06\/p01-furtka.png\" alt=\"\" class=\"wp-image-4702\" srcset=\"https:\/\/www.alfen.pl\/wp-content\/uploads\/2023\/06\/p01-furtka.png 561w, https:\/\/www.alfen.pl\/wp-content\/uploads\/2023\/06\/p01-furtka-210x300.png 210w, https:\/\/www.alfen.pl\/wp-content\/uploads\/2023\/06\/p01-furtka-8x12.png 8w\" sizes=\"auto, (max-width: 561px) 100vw, 561px\" \/><\/a><\/figure>\n<\/figure>\n\n\n\n<div class=\"wp-block-buttons is-layout-flex wp-block-buttons-is-layout-flex\">\n<div class=\"wp-block-button has-custom-font-size is-style-outline is-style-outline--2\" style=\"font-size:16px\"><a class=\"wp-block-button__link has-white-color has-text-color wp-element-button\" style=\"border-radius:1px\">Voir la galerie<\/a><\/div>\n<\/div>\n<\/div><\/div>\n<\/div><\/div>\n<\/div><\/div>\n<\/div><\/div>\n\n\n\n<div class=\"wp-block-advgb-column advgb-column\" id=\"advgb-col-094d2f9d-6be1-4f40-9432-0779c09897f9\"><div class=\"advgb-column-inner\" style=\"border-style:none;border-width:1px\"><\/div><\/div>\n<\/div><\/div><\/div>\n<\/div>\n<style class=\"advgb-styles-renderer\">.advgb-img-ebe2d13b-892b-47fd-ba80-eebefe2fbdae.advgb-image-block .advgb-image-overlay{opacity:0.4 !important;}.advgb-img-ebe2d13b-892b-47fd-ba80-eebefe2fbdae.advgb-image-block:hover .advgb-image-overlay{opacity:0.2 !important;}#advgb-col-199d7d11-e8c3-4797-a776-452d4c84e6d3>.advgb-column-inner{}@media screen and (max-width: 1023px) {#advgb-col-199d7d11-e8c3-4797-a776-452d4c84e6d3>.advgb-column-inner{}}@media screen and (max-width: 767px) {#advgb-col-199d7d11-e8c3-4797-a776-452d4c84e6d3>.advgb-column-inner{}}.advgb-img-ebe2d13b-892b-47fd-ba80-eebefe2fbdae.advgb-image-block .advgb-image-overlay{opacity:0.4 !important;}.advgb-img-ebe2d13b-892b-47fd-ba80-eebefe2fbdae.advgb-image-block:hover .advgb-image-overlay{opacity:0.2 !important;}#advgb-col-094d2f9d-6be1-4f40-9432-0779c09897f9>.advgb-column-inner{}@media screen and (max-width: 1023px) {#advgb-col-094d2f9d-6be1-4f40-9432-0779c09897f9>.advgb-column-inner{}}@media screen and (max-width: 767px) {#advgb-col-094d2f9d-6be1-4f40-9432-0779c09897f9>.advgb-column-inner{}}#advgb-cols-6a7a23ee-72fa-4bc2-9eb2-c71e830703f7{}@media screen and (max-width: 1023px) {#advgb-cols-6a7a23ee-72fa-4bc2-9eb2-c71e830703f7{}}@media screen and (max-width: 767px) {#advgb-cols-6a7a23ee-72fa-4bc2-9eb2-c71e830703f7{}}#advgb-col-199d7d11-e8c3-4797-a776-452d4c84e6d3>.advgb-column-inner{}@media screen and (max-width: 1023px) {#advgb-col-199d7d11-e8c3-4797-a776-452d4c84e6d3>.advgb-column-inner{}}@media screen and (max-width: 767px) {#advgb-col-199d7d11-e8c3-4797-a776-452d4c84e6d3>.advgb-column-inner{}}.advgb-img-ebe2d13b-892b-47fd-ba80-eebefe2fbdae.advgb-image-block .advgb-image-overlay{opacity:0.4 !important;}.advgb-img-ebe2d13b-892b-47fd-ba80-eebefe2fbdae.advgb-image-block:hover .advgb-image-overlay{opacity:0.2 !important;}#advgb-col-094d2f9d-6be1-4f40-9432-0779c09897f9>.advgb-column-inner{}@media screen and (max-width: 1023px) {#advgb-col-094d2f9d-6be1-4f40-9432-0779c09897f9>.advgb-column-inner{}}@media screen and (max-width: 767px) {#advgb-col-094d2f9d-6be1-4f40-9432-0779c09897f9>.advgb-column-inner{}}#advgb-cols-6a7a23ee-72fa-4bc2-9eb2-c71e830703f7{}@media screen and (max-width: 1023px) {#advgb-cols-6a7a23ee-72fa-4bc2-9eb2-c71e830703f7{}}@media screen and (max-width: 767px) {#advgb-cols-6a7a23ee-72fa-4bc2-9eb2-c71e830703f7{}}#advgb-col-199d7d11-e8c3-4797-a776-452d4c84e6d3>.advgb-column-inner{}@media screen and (max-width: 1023px) {#advgb-col-199d7d11-e8c3-4797-a776-452d4c84e6d3>.advgb-column-inner{}}@media screen and (max-width: 767px) {#advgb-col-199d7d11-e8c3-4797-a776-452d4c84e6d3>.advgb-column-inner{}}.advgb-img-ebe2d13b-892b-47fd-ba80-eebefe2fbdae.advgb-image-block .advgb-image-overlay{opacity:0.4 !important;}.advgb-img-ebe2d13b-892b-47fd-ba80-eebefe2fbdae.advgb-image-block:hover .advgb-image-overlay{opacity:0.2 !important;}#advgb-col-094d2f9d-6be1-4f40-9432-0779c09897f9>.advgb-column-inner{}@media screen and (max-width: 1023px) {#advgb-col-094d2f9d-6be1-4f40-9432-0779c09897f9>.advgb-column-inner{}}@media screen and (max-width: 767px) {#advgb-col-094d2f9d-6be1-4f40-9432-0779c09897f9>.advgb-column-inner{}}<\/style>","protected":false},"excerpt":{"rendered":"<p>Modele w te grupie dedykowane s\u0105 do obiekt\u00f3w przemys\u0142owych i handlowych. W ofercie dost\u0119pne s\u0105 jedynie bramy i furtki. Zbudowane s\u0105 z profili kwadratowych w uk\u0142adzie pionowym &#8211; lamele maj\u0105 rozmiar 30x30mm. W po\u0142\u0105czeniu z panelami 3D stanowi\u0105 estetyczne ogrodzenie posesji komercyjnych. Zastosowanie aluminium sprawia, \u017ce bramy s\u0105 lekkie, dzi\u0119ki czemu do ich otwierania mo\u017cna stosowa\u0107  szybkie i bezpieczne nap\u0119dy 24V.<\/p>","protected":false},"author":1,"featured_media":4406,"parent":0,"menu_order":0,"comment_status":"closed","ping_status":"closed","template":"","meta":{"inline_featured_image":false,"_uag_custom_page_level_css":"","advgb_blocks_editor_width":"","advgb_blocks_columns_visual_guide":"","footnotes":""},"class_list":["post-3563","page","type-page","status-publish","has-post-thumbnail","hentry"],"yoast_head":"<!-- This site is optimized with the Yoast SEO plugin v27.4 - https:\/\/yoast.com\/product\/yoast-seo-wordpress\/ -->\n<title>Bramy przemys\u0142owe - Producent bram i ogrodze\u0144 aluminiowych | Alfen<\/title>\n<meta name=\"description\" content=\"ALFEN \u27a4 Bramy przemys\u0142owe \u2714\ufe0f Innowacyjne rozwi\u0105zania i precyzyjne wykonanie \u2714\ufe0f Sprawd\u017a ofert\u0119 renomowanego producenta bram i ogrodze\u0144 Alfen!\" \/>\n<meta name=\"robots\" content=\"index, follow, max-snippet:-1, max-image-preview:large, max-video-preview:-1\" \/>\n<link rel=\"canonical\" href=\"https:\/\/www.alfen.pl\/fr\/grupa-p\/\" \/>\n<meta property=\"og:locale\" content=\"fr_FR\" \/>\n<meta property=\"og:type\" content=\"article\" \/>\n<meta property=\"og:title\" content=\"Bramy przemys\u0142owe - Producent bram i ogrodze\u0144 aluminiowych | Alfen\" \/>\n<meta property=\"og:description\" content=\"ALFEN \u27a4 Bramy przemys\u0142owe \u2714\ufe0f Innowacyjne rozwi\u0105zania i precyzyjne wykonanie \u2714\ufe0f Sprawd\u017a ofert\u0119 renomowanego producenta bram i ogrodze\u0144 Alfen!\" \/>\n<meta property=\"og:url\" content=\"https:\/\/www.alfen.pl\/fr\/grupa-p\/\" \/>\n<meta property=\"og:site_name\" content=\"Alfen\" \/>\n<meta property=\"article:modified_time\" content=\"2023-10-07T14:17:55+00:00\" \/>\n<meta property=\"og:image\" content=\"https:\/\/www.alfen.pl\/wp-content\/uploads\/2023\/05\/p01.jpg\" \/>\n\t<meta property=\"og:image:width\" content=\"1920\" \/>\n\t<meta property=\"og:image:height\" content=\"1080\" \/>\n\t<meta property=\"og:image:type\" content=\"image\/jpeg\" \/>\n<meta name=\"twitter:card\" content=\"summary_large_image\" \/>\n<meta name=\"twitter:label1\" content=\"Dur\u00e9e de lecture estim\u00e9e\" \/>\n\t<meta name=\"twitter:data1\" content=\"2 minutes\" \/>\n<script type=\"application\/ld+json\" class=\"yoast-schema-graph\">{\"@context\":\"https:\\\/\\\/schema.org\",\"@graph\":[{\"@type\":\"WebPage\",\"@id\":\"https:\\\/\\\/www.alfen.pl\\\/grupa-p\\\/\",\"url\":\"https:\\\/\\\/www.alfen.pl\\\/grupa-p\\\/\",\"name\":\"Bramy przemys\u0142owe - Producent bram i ogrodze\u0144 aluminiowych | Alfen\",\"isPartOf\":{\"@id\":\"https:\\\/\\\/www.alfen.pl\\\/#website\"},\"primaryImageOfPage\":{\"@id\":\"https:\\\/\\\/www.alfen.pl\\\/grupa-p\\\/#primaryimage\"},\"image\":{\"@id\":\"https:\\\/\\\/www.alfen.pl\\\/grupa-p\\\/#primaryimage\"},\"thumbnailUrl\":\"https:\\\/\\\/www.alfen.pl\\\/wp-content\\\/uploads\\\/2023\\\/05\\\/p01.jpg\",\"datePublished\":\"2022-07-19T16:42:30+00:00\",\"dateModified\":\"2023-10-07T14:17:55+00:00\",\"description\":\"ALFEN \u27a4 Bramy przemys\u0142owe \u2714\ufe0f Innowacyjne rozwi\u0105zania i precyzyjne wykonanie \u2714\ufe0f Sprawd\u017a ofert\u0119 renomowanego producenta bram i ogrodze\u0144 Alfen!\",\"breadcrumb\":{\"@id\":\"https:\\\/\\\/www.alfen.pl\\\/grupa-p\\\/#breadcrumb\"},\"inLanguage\":\"fr-FR\",\"potentialAction\":[{\"@type\":\"ReadAction\",\"target\":[\"https:\\\/\\\/www.alfen.pl\\\/grupa-p\\\/\"]}]},{\"@type\":\"ImageObject\",\"inLanguage\":\"fr-FR\",\"@id\":\"https:\\\/\\\/www.alfen.pl\\\/grupa-p\\\/#primaryimage\",\"url\":\"https:\\\/\\\/www.alfen.pl\\\/wp-content\\\/uploads\\\/2023\\\/05\\\/p01.jpg\",\"contentUrl\":\"https:\\\/\\\/www.alfen.pl\\\/wp-content\\\/uploads\\\/2023\\\/05\\\/p01.jpg\",\"width\":1920,\"height\":1080},{\"@type\":\"BreadcrumbList\",\"@id\":\"https:\\\/\\\/www.alfen.pl\\\/grupa-p\\\/#breadcrumb\",\"itemListElement\":[{\"@type\":\"ListItem\",\"position\":1,\"name\":\"Alfen\",\"item\":\"https:\\\/\\\/www.alfen.pl\\\/\"},{\"@type\":\"ListItem\",\"position\":2,\"name\":\"Bramy przemys\u0142owe\"}]},{\"@type\":\"WebSite\",\"@id\":\"https:\\\/\\\/www.alfen.pl\\\/#website\",\"url\":\"https:\\\/\\\/www.alfen.pl\\\/\",\"name\":\"Alfen\",\"description\":\"Premium aluminum fences\",\"publisher\":{\"@id\":\"https:\\\/\\\/www.alfen.pl\\\/#organization\"},\"potentialAction\":[{\"@type\":\"SearchAction\",\"target\":{\"@type\":\"EntryPoint\",\"urlTemplate\":\"https:\\\/\\\/www.alfen.pl\\\/?s={search_term_string}\"},\"query-input\":{\"@type\":\"PropertyValueSpecification\",\"valueRequired\":true,\"valueName\":\"search_term_string\"}}],\"inLanguage\":\"fr-FR\"},{\"@type\":\"Organization\",\"@id\":\"https:\\\/\\\/www.alfen.pl\\\/#organization\",\"name\":\"Alfen\",\"url\":\"https:\\\/\\\/www.alfen.pl\\\/\",\"logo\":{\"@type\":\"ImageObject\",\"inLanguage\":\"fr-FR\",\"@id\":\"https:\\\/\\\/www.alfen.pl\\\/#\\\/schema\\\/logo\\\/image\\\/\",\"url\":\"https:\\\/\\\/www.alfen.pl\\\/wp-content\\\/uploads\\\/2023\\\/05\\\/logo-alfen-pn6g1u7a96jpxbbl1fnd7lrrq2do24o5l3xhqiompy.png\",\"contentUrl\":\"https:\\\/\\\/www.alfen.pl\\\/wp-content\\\/uploads\\\/2023\\\/05\\\/logo-alfen-pn6g1u7a96jpxbbl1fnd7lrrq2do24o5l3xhqiompy.png\",\"width\":150,\"height\":39,\"caption\":\"Alfen\"},\"image\":{\"@id\":\"https:\\\/\\\/www.alfen.pl\\\/#\\\/schema\\\/logo\\\/image\\\/\"}}]}<\/script>\n<!-- \/ Yoast SEO plugin. -->","yoast_head_json":{"title":"Bramy przemys\u0142owe - Producent bram i ogrodze\u0144 aluminiowych | Alfen","description":"ALFEN \u27a4 Bramy przemys\u0142owe \u2714\ufe0f Innowacyjne rozwi\u0105zania i precyzyjne wykonanie \u2714\ufe0f Sprawd\u017a ofert\u0119 renomowanego producenta bram i ogrodze\u0144 Alfen!","robots":{"index":"index","follow":"follow","max-snippet":"max-snippet:-1","max-image-preview":"max-image-preview:large","max-video-preview":"max-video-preview:-1"},"canonical":"https:\/\/www.alfen.pl\/fr\/grupa-p\/","og_locale":"fr_FR","og_type":"article","og_title":"Bramy przemys\u0142owe - Producent bram i ogrodze\u0144 aluminiowych | Alfen","og_description":"ALFEN \u27a4 Bramy przemys\u0142owe \u2714\ufe0f Innowacyjne rozwi\u0105zania i precyzyjne wykonanie \u2714\ufe0f Sprawd\u017a ofert\u0119 renomowanego producenta bram i ogrodze\u0144 Alfen!","og_url":"https:\/\/www.alfen.pl\/fr\/grupa-p\/","og_site_name":"Alfen","article_modified_time":"2023-10-07T14:17:55+00:00","og_image":[{"width":1920,"height":1080,"url":"https:\/\/www.alfen.pl\/wp-content\/uploads\/2023\/05\/p01.jpg","type":"image\/jpeg"}],"twitter_card":"summary_large_image","twitter_misc":{"Dur\u00e9e de lecture estim\u00e9e":"2 minutes"},"schema":{"@context":"https:\/\/schema.org","@graph":[{"@type":"WebPage","@id":"https:\/\/www.alfen.pl\/grupa-p\/","url":"https:\/\/www.alfen.pl\/grupa-p\/","name":"Bramy przemys\u0142owe - Producent bram i ogrodze\u0144 aluminiowych | Alfen","isPartOf":{"@id":"https:\/\/www.alfen.pl\/#website"},"primaryImageOfPage":{"@id":"https:\/\/www.alfen.pl\/grupa-p\/#primaryimage"},"image":{"@id":"https:\/\/www.alfen.pl\/grupa-p\/#primaryimage"},"thumbnailUrl":"https:\/\/www.alfen.pl\/wp-content\/uploads\/2023\/05\/p01.jpg","datePublished":"2022-07-19T16:42:30+00:00","dateModified":"2023-10-07T14:17:55+00:00","description":"ALFEN \u27a4 Bramy przemys\u0142owe \u2714\ufe0f Innowacyjne rozwi\u0105zania i precyzyjne wykonanie \u2714\ufe0f Sprawd\u017a ofert\u0119 renomowanego producenta bram i ogrodze\u0144 Alfen!","breadcrumb":{"@id":"https:\/\/www.alfen.pl\/grupa-p\/#breadcrumb"},"inLanguage":"fr-FR","potentialAction":[{"@type":"ReadAction","target":["https:\/\/www.alfen.pl\/grupa-p\/"]}]},{"@type":"ImageObject","inLanguage":"fr-FR","@id":"https:\/\/www.alfen.pl\/grupa-p\/#primaryimage","url":"https:\/\/www.alfen.pl\/wp-content\/uploads\/2023\/05\/p01.jpg","contentUrl":"https:\/\/www.alfen.pl\/wp-content\/uploads\/2023\/05\/p01.jpg","width":1920,"height":1080},{"@type":"BreadcrumbList","@id":"https:\/\/www.alfen.pl\/grupa-p\/#breadcrumb","itemListElement":[{"@type":"ListItem","position":1,"name":"Alfen","item":"https:\/\/www.alfen.pl\/"},{"@type":"ListItem","position":2,"name":"Bramy przemys\u0142owe"}]},{"@type":"WebSite","@id":"https:\/\/www.alfen.pl\/#website","url":"https:\/\/www.alfen.pl\/","name":"Alfen","description":"Cl\u00f4tures en aluminium de qualit\u00e9 sup\u00e9rieure","publisher":{"@id":"https:\/\/www.alfen.pl\/#organization"},"potentialAction":[{"@type":"SearchAction","target":{"@type":"EntryPoint","urlTemplate":"https:\/\/www.alfen.pl\/?s={search_term_string}"},"query-input":{"@type":"PropertyValueSpecification","valueRequired":true,"valueName":"search_term_string"}}],"inLanguage":"fr-FR"},{"@type":"Organization","@id":"https:\/\/www.alfen.pl\/#organization","name":"Alfen","url":"https:\/\/www.alfen.pl\/","logo":{"@type":"ImageObject","inLanguage":"fr-FR","@id":"https:\/\/www.alfen.pl\/#\/schema\/logo\/image\/","url":"https:\/\/www.alfen.pl\/wp-content\/uploads\/2023\/05\/logo-alfen-pn6g1u7a96jpxbbl1fnd7lrrq2do24o5l3xhqiompy.png","contentUrl":"https:\/\/www.alfen.pl\/wp-content\/uploads\/2023\/05\/logo-alfen-pn6g1u7a96jpxbbl1fnd7lrrq2do24o5l3xhqiompy.png","width":150,"height":39,"caption":"Alfen"},"image":{"@id":"https:\/\/www.alfen.pl\/#\/schema\/logo\/image\/"}}]}},"uagb_featured_image_src":{"full":["https:\/\/www.alfen.pl\/wp-content\/uploads\/2023\/05\/p01.jpg",1920,1080,false],"thumbnail":["https:\/\/www.alfen.pl\/wp-content\/uploads\/2023\/05\/p01-150x150.jpg",150,150,true],"medium":["https:\/\/www.alfen.pl\/wp-content\/uploads\/2023\/05\/p01-500x281.jpg",500,281,true],"medium_large":["https:\/\/www.alfen.pl\/wp-content\/uploads\/2023\/05\/p01-768x432.jpg",768,432,true],"large":["https:\/\/www.alfen.pl\/wp-content\/uploads\/2023\/05\/p01-1024x576.jpg",1024,576,true],"1536x1536":["https:\/\/www.alfen.pl\/wp-content\/uploads\/2023\/05\/p01-1536x864.jpg",1536,864,true],"2048x2048":["https:\/\/www.alfen.pl\/wp-content\/uploads\/2023\/05\/p01.jpg",1920,1080,false],"trp-custom-language-flag":["https:\/\/www.alfen.pl\/wp-content\/uploads\/2023\/05\/p01-18x10.jpg",18,10,true]},"uagb_author_info":{"display_name":"jakub","author_link":"https:\/\/www.alfen.pl\/fr\/author\/jakub\/"},"uagb_comment_info":0,"uagb_excerpt":"Modele w te grupie dedykowane s\u0105 do obiekt\u00f3w przemys\u0142owych i handlowych. W ofercie dost\u0119pne s\u0105 jedynie bramy i furtki. Zbudowane s\u0105 z profili kwadratowych w uk\u0142adzie pionowym - lamele maj\u0105 rozmiar 30x30mm. W po\u0142\u0105czeniu z panelami 3D stanowi\u0105 estetyczne ogrodzenie posesji komercyjnych. Zastosowanie aluminium sprawia, \u017ce bramy s\u0105 lekkie, dzi\u0119ki czemu do ich otwierania mo\u017cna\u2026","coauthors":[],"author_meta":{"author_link":"https:\/\/www.alfen.pl\/fr\/author\/jakub\/","display_name":"jakub"},"relative_dates":{"created":"Publi\u00e9 4 ans il y a","modified":"Mis \u00e0 jour 3 ans il y a"},"absolute_dates":{"created":"Publi\u00e9 le 19 juillet 2022","modified":"Mise \u00e0 jour le 7 octobre 2023"},"absolute_dates_time":{"created":"Publi\u00e9 le 19 juillet 2022 18:42","modified":"Mise \u00e0 jour le 7 octobre 2023 16:17"},"featured_img_caption":"","featured_img":"https:\/\/www.alfen.pl\/wp-content\/uploads\/2023\/05\/p01.jpg","series_order":"","_links":{"self":[{"href":"https:\/\/www.alfen.pl\/fr\/wp-json\/wp\/v2\/pages\/3563","targetHints":{"allow":["GET"]}}],"collection":[{"href":"https:\/\/www.alfen.pl\/fr\/wp-json\/wp\/v2\/pages"}],"about":[{"href":"https:\/\/www.alfen.pl\/fr\/wp-json\/wp\/v2\/types\/page"}],"author":[{"embeddable":true,"href":"https:\/\/www.alfen.pl\/fr\/wp-json\/wp\/v2\/users\/1"}],"replies":[{"embeddable":true,"href":"https:\/\/www.alfen.pl\/fr\/wp-json\/wp\/v2\/comments?post=3563"}],"version-history":[{"count":1,"href":"https:\/\/www.alfen.pl\/fr\/wp-json\/wp\/v2\/pages\/3563\/revisions"}],"predecessor-version":[{"id":5402,"href":"https:\/\/www.alfen.pl\/fr\/wp-json\/wp\/v2\/pages\/3563\/revisions\/5402"}],"wp:featuredmedia":[{"embeddable":true,"href":"https:\/\/www.alfen.pl\/fr\/wp-json\/wp\/v2\/media\/4406"}],"wp:attachment":[{"href":"https:\/\/www.alfen.pl\/fr\/wp-json\/wp\/v2\/media?parent=3563"}],"curies":[{"name":"wp","href":"https:\/\/api.w.org\/{rel}","templated":true}]}}