{"id":3564,"date":"2022-07-19T18:42:31","date_gmt":"2022-07-19T16:42:31","guid":{"rendered":"https:\/\/www.alfen.pl\/balustrady\/"},"modified":"2024-08-14T09:09:46","modified_gmt":"2024-08-14T07:09:46","slug":"balustrady","status":"publish","type":"page","link":"https:\/\/www.alfen.pl\/fr\/balustrady\/","title":{"rendered":"Balustrades"},"content":{"rendered":"<div class=\"wp-block-advgb-container advgb-blocks-container\">\n<figure class=\"wp-block-image size-full\"><img loading=\"lazy\" decoding=\"async\" width=\"1920\" height=\"1080\" src=\"https:\/\/www.alfen.pl\/wp-content\/uploads\/2022\/07\/Alfen-B01.jpg\" alt=\"\" class=\"wp-image-3649\" srcset=\"https:\/\/www.alfen.pl\/wp-content\/uploads\/2022\/07\/Alfen-B01.jpg 1920w, https:\/\/www.alfen.pl\/wp-content\/uploads\/2022\/07\/Alfen-B01-500x281.jpg 500w, https:\/\/www.alfen.pl\/wp-content\/uploads\/2022\/07\/Alfen-B01-1024x576.jpg 1024w, https:\/\/www.alfen.pl\/wp-content\/uploads\/2022\/07\/Alfen-B01-768x432.jpg 768w, https:\/\/www.alfen.pl\/wp-content\/uploads\/2022\/07\/Alfen-B01-1536x864.jpg 1536w\" sizes=\"auto, (max-width: 1920px) 100vw, 1920px\" \/><\/figure>\n\n\n\n<div style=\"height:72px\" aria-hidden=\"true\" class=\"wp-block-spacer\"><\/div>\n\n\n\n<h2 class=\"wp-block-heading\" style=\"font-size:30px\">Balustrade de balcon - design et qualit\u00e9 pour les ann\u00e9es \u00e0 venir<\/h2>\n\n\n\n<div style=\"height:9px\" aria-hidden=\"true\" class=\"wp-block-spacer\"><\/div>\n\n\n\n<p style=\"font-size:16px\">Tout le monde a eu l'occasion de voir des milliers de garde-corps de balcons de styles diff\u00e9rents au cours de sa vie. Il suffit de jeter un coup d'\u0153il dans n'importe quel immeuble pour voir des dizaines de constructions de ce type. D'une part, elles ont une fonction pratique - cl\u00f4turer l'espace du balcon - et d'autre part, elles constituent une d\u00e9coration remarquable. Concilier ces r\u00f4les n'est pas facile, mais c'est possible si vous choisissez des balustrades en aluminium de bonne qualit\u00e9, con\u00e7ues et fabriqu\u00e9es par des sp\u00e9cialistes. Voici les mod\u00e8les que nous proposons \u00e0 nos clients.<\/p>\n\n\n\n<p style=\"font-size:16px\">Nous sommes convaincus que les produits ne d\u00e9cevront pas les attentes des personnes les plus exigeantes. Ils n'orneront pas seulement la structure ext\u00e9rieure du b\u00e2timent, mais prot\u00e9geront \u00e9galement la zone des balcons o\u00f9 se d\u00e9placent adultes et enfants. La balustrade de balcon de notre offre sera un achat pour de nombreuses ann\u00e9es. Il sortira victorieux des \"duels\" difficiles avec la m\u00e9t\u00e9o, qu'il s'agisse de temp\u00e9ratures extr\u00eames, de chutes de neige ou de pluie. Avez-vous besoin d'informations d\u00e9taill\u00e9es ? Appelez-nous.<\/p>\n\n\n\n<div style=\"height:15px\" aria-hidden=\"true\" class=\"wp-block-spacer\"><\/div>\n\n\n\n<h2 class=\"wp-block-heading\" style=\"font-size:30px\">Des balustrades fabriqu\u00e9es avec pr\u00e9cision, \u00e0 partir des meilleurs mat\u00e9riaux.<\/h2>\n\n\n\n<div style=\"height:9px\" aria-hidden=\"true\" class=\"wp-block-spacer\"><\/div>\n\n\n\n<p style=\"font-size:16px\">Comment savoir si une balustrade de balcon est de qualit\u00e9 sup\u00e9rieure ? Tout d'abord, les mat\u00e9riaux utilis\u00e9s dans la production sont importants. Seuls les meilleurs mat\u00e9riaux, r\u00e9sisteront de mani\u00e8re ad\u00e9quate aux dommages ou aux d\u00e9formations. Le mat\u00e9riau doit \u00eatre correctement prot\u00e9g\u00e9 afin qu'il reste insensible aux conditions climatiques. Toutes les balustrades en aluminium de notre gamme r\u00e9pondent \u00e0 ces exigences. Vous pouvez nous faire confiance en la mati\u00e8re, car nous produisons des cl\u00f4tures depuis plusieurs d\u00e9cennies. Nous sommes des sp\u00e9cialistes exp\u00e9riment\u00e9s.<\/p>\n\n\n\n<p style=\"font-size:16px\">Lors du choix du produit id\u00e9al, il convient de pr\u00eater attention aux d\u00e9tails structurels tels que les joints des \u00e9l\u00e9ments. Seules les balustrades con\u00e7ues avec pr\u00e9cision et ensuite fabriqu\u00e9es seront suffisamment stables. \u00c9tant donn\u00e9 les hauteurs consid\u00e9rables auxquelles les balustrades en aluminium sont souvent install\u00e9es, cela rev\u00eat une importance consid\u00e9rable. Nous sommes en mesure de garantir des param\u00e8tres satisfaisants parce que nous avons d\u00e9velopp\u00e9 un syst\u00e8me de profil\u00e9s en aluminium brevet\u00e9 aux propri\u00e9t\u00e9s sup\u00e9rieures \u00e0 la moyenne. Nous vous invitons \u00e0 acheter ou \u00e0 nous contacter !<\/p>\n<\/div>","protected":false},"excerpt":{"rendered":"<p>Les mod\u00e8les de ce groupe sont caract\u00e9ris\u00e9s par une disposition horizontale des lamelles. Ils sont construits \u00e0 partir de profil\u00e9s rectangulaires ou en forme de parall\u00e9logramme. La taille des lamelles varie de 50 mm \u00e0 200 mm. Gr\u00e2ce au large \u00e9ventail de possibilit\u00e9s de configuration (taille, forme, disposition et espacement des lamelles), les mod\u00e8les de ce groupe s'adaptent aussi bien aux conceptions architecturales tr\u00e8s modernes qu'aux maisons classiques.<\/p>","protected":false},"author":1,"featured_media":4393,"parent":0,"menu_order":0,"comment_status":"closed","ping_status":"closed","template":"","meta":{"inline_featured_image":false,"_uag_custom_page_level_css":"","advgb_blocks_editor_width":"","advgb_blocks_columns_visual_guide":"","footnotes":""},"class_list":["post-3564","page","type-page","status-publish","has-post-thumbnail","hentry"],"yoast_head":"<!-- This site is optimized with the Yoast SEO plugin v27.4 - https:\/\/yoast.com\/product\/yoast-seo-wordpress\/ -->\n<title>Balustrada balkonowa | Alfen<\/title>\n<meta name=\"description\" content=\"Odkryj estetyczne i trwa\u0142e balustrady Alfen. Stw\u00f3rz bezpieczn\u0105 przestrze\u0144 dla siebie i bliskich. Oferujemy wiele wzor\u00f3w i opcji dostosowania do Twoich potrzeb.\" \/>\n<meta name=\"robots\" content=\"index, follow, max-snippet:-1, max-image-preview:large, max-video-preview:-1\" \/>\n<link rel=\"canonical\" href=\"https:\/\/www.alfen.pl\/fr\/balustrady\/\" \/>\n<meta property=\"og:locale\" content=\"fr_FR\" \/>\n<meta property=\"og:type\" content=\"article\" \/>\n<meta property=\"og:title\" content=\"Balustrada balkonowa | Alfen\" \/>\n<meta property=\"og:description\" content=\"Odkryj estetyczne i trwa\u0142e balustrady Alfen. Stw\u00f3rz bezpieczn\u0105 przestrze\u0144 dla siebie i bliskich. Oferujemy wiele wzor\u00f3w i opcji dostosowania do Twoich potrzeb.\" \/>\n<meta property=\"og:url\" content=\"https:\/\/www.alfen.pl\/fr\/balustrady\/\" \/>\n<meta property=\"og:site_name\" content=\"Alfen\" \/>\n<meta property=\"article:modified_time\" content=\"2024-08-14T07:09:46+00:00\" \/>\n<meta property=\"og:image\" content=\"https:\/\/www.alfen.pl\/wp-content\/uploads\/2023\/05\/r06-main.jpg\" \/>\n\t<meta property=\"og:image:width\" content=\"1920\" \/>\n\t<meta property=\"og:image:height\" content=\"1080\" \/>\n\t<meta property=\"og:image:type\" content=\"image\/jpeg\" \/>\n<meta name=\"twitter:card\" content=\"summary_large_image\" \/>\n<meta name=\"twitter:label1\" content=\"Dur\u00e9e de lecture estim\u00e9e\" \/>\n\t<meta name=\"twitter:data1\" content=\"2 minutes\" \/>\n<script type=\"application\/ld+json\" class=\"yoast-schema-graph\">{\"@context\":\"https:\\\/\\\/schema.org\",\"@graph\":[{\"@type\":\"WebPage\",\"@id\":\"https:\\\/\\\/www.alfen.pl\\\/balustrady\\\/\",\"url\":\"https:\\\/\\\/www.alfen.pl\\\/balustrady\\\/\",\"name\":\"Balustrada balkonowa | Alfen\",\"isPartOf\":{\"@id\":\"https:\\\/\\\/www.alfen.pl\\\/#website\"},\"primaryImageOfPage\":{\"@id\":\"https:\\\/\\\/www.alfen.pl\\\/balustrady\\\/#primaryimage\"},\"image\":{\"@id\":\"https:\\\/\\\/www.alfen.pl\\\/balustrady\\\/#primaryimage\"},\"thumbnailUrl\":\"https:\\\/\\\/www.alfen.pl\\\/wp-content\\\/uploads\\\/2023\\\/05\\\/r06-main.jpg\",\"datePublished\":\"2022-07-19T16:42:31+00:00\",\"dateModified\":\"2024-08-14T07:09:46+00:00\",\"description\":\"Odkryj estetyczne i trwa\u0142e balustrady Alfen. Stw\u00f3rz bezpieczn\u0105 przestrze\u0144 dla siebie i bliskich. Oferujemy wiele wzor\u00f3w i opcji dostosowania do Twoich potrzeb.\",\"breadcrumb\":{\"@id\":\"https:\\\/\\\/www.alfen.pl\\\/balustrady\\\/#breadcrumb\"},\"inLanguage\":\"fr-FR\",\"potentialAction\":[{\"@type\":\"ReadAction\",\"target\":[\"https:\\\/\\\/www.alfen.pl\\\/balustrady\\\/\"]}]},{\"@type\":\"ImageObject\",\"inLanguage\":\"fr-FR\",\"@id\":\"https:\\\/\\\/www.alfen.pl\\\/balustrady\\\/#primaryimage\",\"url\":\"https:\\\/\\\/www.alfen.pl\\\/wp-content\\\/uploads\\\/2023\\\/05\\\/r06-main.jpg\",\"contentUrl\":\"https:\\\/\\\/www.alfen.pl\\\/wp-content\\\/uploads\\\/2023\\\/05\\\/r06-main.jpg\",\"width\":1920,\"height\":1080},{\"@type\":\"BreadcrumbList\",\"@id\":\"https:\\\/\\\/www.alfen.pl\\\/balustrady\\\/#breadcrumb\",\"itemListElement\":[{\"@type\":\"ListItem\",\"position\":1,\"name\":\"Alfen\",\"item\":\"https:\\\/\\\/www.alfen.pl\\\/\"},{\"@type\":\"ListItem\",\"position\":2,\"name\":\"Balustrady\"}]},{\"@type\":\"WebSite\",\"@id\":\"https:\\\/\\\/www.alfen.pl\\\/#website\",\"url\":\"https:\\\/\\\/www.alfen.pl\\\/\",\"name\":\"Alfen\",\"description\":\"Premium aluminum fences\",\"publisher\":{\"@id\":\"https:\\\/\\\/www.alfen.pl\\\/#organization\"},\"potentialAction\":[{\"@type\":\"SearchAction\",\"target\":{\"@type\":\"EntryPoint\",\"urlTemplate\":\"https:\\\/\\\/www.alfen.pl\\\/?s={search_term_string}\"},\"query-input\":{\"@type\":\"PropertyValueSpecification\",\"valueRequired\":true,\"valueName\":\"search_term_string\"}}],\"inLanguage\":\"fr-FR\"},{\"@type\":\"Organization\",\"@id\":\"https:\\\/\\\/www.alfen.pl\\\/#organization\",\"name\":\"Alfen\",\"url\":\"https:\\\/\\\/www.alfen.pl\\\/\",\"logo\":{\"@type\":\"ImageObject\",\"inLanguage\":\"fr-FR\",\"@id\":\"https:\\\/\\\/www.alfen.pl\\\/#\\\/schema\\\/logo\\\/image\\\/\",\"url\":\"https:\\\/\\\/www.alfen.pl\\\/wp-content\\\/uploads\\\/2023\\\/05\\\/logo-alfen-pn6g1u7a96jpxbbl1fnd7lrrq2do24o5l3xhqiompy.png\",\"contentUrl\":\"https:\\\/\\\/www.alfen.pl\\\/wp-content\\\/uploads\\\/2023\\\/05\\\/logo-alfen-pn6g1u7a96jpxbbl1fnd7lrrq2do24o5l3xhqiompy.png\",\"width\":150,\"height\":39,\"caption\":\"Alfen\"},\"image\":{\"@id\":\"https:\\\/\\\/www.alfen.pl\\\/#\\\/schema\\\/logo\\\/image\\\/\"}}]}<\/script>\n<!-- \/ Yoast SEO plugin. -->","yoast_head_json":{"title":"Balustrada balkonowa | Alfen","description":"Odkryj estetyczne i trwa\u0142e balustrady Alfen. Stw\u00f3rz bezpieczn\u0105 przestrze\u0144 dla siebie i bliskich. Oferujemy wiele wzor\u00f3w i opcji dostosowania do Twoich potrzeb.","robots":{"index":"index","follow":"follow","max-snippet":"max-snippet:-1","max-image-preview":"max-image-preview:large","max-video-preview":"max-video-preview:-1"},"canonical":"https:\/\/www.alfen.pl\/fr\/balustrady\/","og_locale":"fr_FR","og_type":"article","og_title":"Balustrada balkonowa | Alfen","og_description":"Odkryj estetyczne i trwa\u0142e balustrady Alfen. Stw\u00f3rz bezpieczn\u0105 przestrze\u0144 dla siebie i bliskich. Oferujemy wiele wzor\u00f3w i opcji dostosowania do Twoich potrzeb.","og_url":"https:\/\/www.alfen.pl\/fr\/balustrady\/","og_site_name":"Alfen","article_modified_time":"2024-08-14T07:09:46+00:00","og_image":[{"width":1920,"height":1080,"url":"https:\/\/www.alfen.pl\/wp-content\/uploads\/2023\/05\/r06-main.jpg","type":"image\/jpeg"}],"twitter_card":"summary_large_image","twitter_misc":{"Dur\u00e9e de lecture estim\u00e9e":"2 minutes"},"schema":{"@context":"https:\/\/schema.org","@graph":[{"@type":"WebPage","@id":"https:\/\/www.alfen.pl\/balustrady\/","url":"https:\/\/www.alfen.pl\/balustrady\/","name":"Balustrada balkonowa | Alfen","isPartOf":{"@id":"https:\/\/www.alfen.pl\/#website"},"primaryImageOfPage":{"@id":"https:\/\/www.alfen.pl\/balustrady\/#primaryimage"},"image":{"@id":"https:\/\/www.alfen.pl\/balustrady\/#primaryimage"},"thumbnailUrl":"https:\/\/www.alfen.pl\/wp-content\/uploads\/2023\/05\/r06-main.jpg","datePublished":"2022-07-19T16:42:31+00:00","dateModified":"2024-08-14T07:09:46+00:00","description":"Odkryj estetyczne i trwa\u0142e balustrady Alfen. Stw\u00f3rz bezpieczn\u0105 przestrze\u0144 dla siebie i bliskich. Oferujemy wiele wzor\u00f3w i opcji dostosowania do Twoich potrzeb.","breadcrumb":{"@id":"https:\/\/www.alfen.pl\/balustrady\/#breadcrumb"},"inLanguage":"fr-FR","potentialAction":[{"@type":"ReadAction","target":["https:\/\/www.alfen.pl\/balustrady\/"]}]},{"@type":"ImageObject","inLanguage":"fr-FR","@id":"https:\/\/www.alfen.pl\/balustrady\/#primaryimage","url":"https:\/\/www.alfen.pl\/wp-content\/uploads\/2023\/05\/r06-main.jpg","contentUrl":"https:\/\/www.alfen.pl\/wp-content\/uploads\/2023\/05\/r06-main.jpg","width":1920,"height":1080},{"@type":"BreadcrumbList","@id":"https:\/\/www.alfen.pl\/balustrady\/#breadcrumb","itemListElement":[{"@type":"ListItem","position":1,"name":"Alfen","item":"https:\/\/www.alfen.pl\/"},{"@type":"ListItem","position":2,"name":"Balustrady"}]},{"@type":"WebSite","@id":"https:\/\/www.alfen.pl\/#website","url":"https:\/\/www.alfen.pl\/","name":"Alfen","description":"Cl\u00f4tures en aluminium de qualit\u00e9 sup\u00e9rieure","publisher":{"@id":"https:\/\/www.alfen.pl\/#organization"},"potentialAction":[{"@type":"SearchAction","target":{"@type":"EntryPoint","urlTemplate":"https:\/\/www.alfen.pl\/?s={search_term_string}"},"query-input":{"@type":"PropertyValueSpecification","valueRequired":true,"valueName":"search_term_string"}}],"inLanguage":"fr-FR"},{"@type":"Organization","@id":"https:\/\/www.alfen.pl\/#organization","name":"Alfen","url":"https:\/\/www.alfen.pl\/","logo":{"@type":"ImageObject","inLanguage":"fr-FR","@id":"https:\/\/www.alfen.pl\/#\/schema\/logo\/image\/","url":"https:\/\/www.alfen.pl\/wp-content\/uploads\/2023\/05\/logo-alfen-pn6g1u7a96jpxbbl1fnd7lrrq2do24o5l3xhqiompy.png","contentUrl":"https:\/\/www.alfen.pl\/wp-content\/uploads\/2023\/05\/logo-alfen-pn6g1u7a96jpxbbl1fnd7lrrq2do24o5l3xhqiompy.png","width":150,"height":39,"caption":"Alfen"},"image":{"@id":"https:\/\/www.alfen.pl\/#\/schema\/logo\/image\/"}}]}},"uagb_featured_image_src":{"full":["https:\/\/www.alfen.pl\/wp-content\/uploads\/2023\/05\/r06-main.jpg",1920,1080,false],"thumbnail":["https:\/\/www.alfen.pl\/wp-content\/uploads\/2023\/05\/r06-main-150x150.jpg",150,150,true],"medium":["https:\/\/www.alfen.pl\/wp-content\/uploads\/2023\/05\/r06-main-500x281.jpg",500,281,true],"medium_large":["https:\/\/www.alfen.pl\/wp-content\/uploads\/2023\/05\/r06-main-768x432.jpg",768,432,true],"large":["https:\/\/www.alfen.pl\/wp-content\/uploads\/2023\/05\/r06-main-1024x576.jpg",1024,576,true],"1536x1536":["https:\/\/www.alfen.pl\/wp-content\/uploads\/2023\/05\/r06-main-1536x864.jpg",1536,864,true],"2048x2048":["https:\/\/www.alfen.pl\/wp-content\/uploads\/2023\/05\/r06-main.jpg",1920,1080,false],"trp-custom-language-flag":["https:\/\/www.alfen.pl\/wp-content\/uploads\/2023\/05\/r06-main-18x10.jpg",18,10,true]},"uagb_author_info":{"display_name":"jakub","author_link":"https:\/\/www.alfen.pl\/fr\/author\/jakub\/"},"uagb_comment_info":0,"uagb_excerpt":"Modele w te grupie charakteryzuj\u0105 si\u0119 poziomym uk\u0142adem lameli. Zbudowane s\u0105 z profili o kszta\u0142cie prostok\u0105ta lub r\u00f3wnoleg\u0142oboku. Lamele maj\u0105 rozmiar od 50mm do 200mm. Dzi\u0119ki szerokim mo\u017cliwo\u015bciom konfiguracji (rozmiar, kszta\u0142t, u\u0142o\u017cenie oraz odst\u0119p mi\u0119dzy lamelami), modele z tej grupy mo\u017cna dopasowa\u0107 zar\u00f3wno do bardzo nowoczesnych projekt\u00f3w architektonicznych jak i klasycznych dom\u00f3w.","coauthors":[],"author_meta":{"author_link":"https:\/\/www.alfen.pl\/fr\/author\/jakub\/","display_name":"jakub"},"relative_dates":{"created":"Publi\u00e9 4 ans il y a","modified":"Mis \u00e0 jour 2 ans il y a"},"absolute_dates":{"created":"Publi\u00e9 le 19 juillet 2022","modified":"Mise \u00e0 jour le 14 ao\u00fbt 2024"},"absolute_dates_time":{"created":"Publi\u00e9 le 19 juillet 2022 18:42","modified":"Mise \u00e0 jour le 14 ao\u00fbt 2024 09:09"},"featured_img_caption":"","featured_img":"https:\/\/www.alfen.pl\/wp-content\/uploads\/2023\/05\/r06-main.jpg","series_order":"","_links":{"self":[{"href":"https:\/\/www.alfen.pl\/fr\/wp-json\/wp\/v2\/pages\/3564","targetHints":{"allow":["GET"]}}],"collection":[{"href":"https:\/\/www.alfen.pl\/fr\/wp-json\/wp\/v2\/pages"}],"about":[{"href":"https:\/\/www.alfen.pl\/fr\/wp-json\/wp\/v2\/types\/page"}],"author":[{"embeddable":true,"href":"https:\/\/www.alfen.pl\/fr\/wp-json\/wp\/v2\/users\/1"}],"replies":[{"embeddable":true,"href":"https:\/\/www.alfen.pl\/fr\/wp-json\/wp\/v2\/comments?post=3564"}],"version-history":[{"count":1,"href":"https:\/\/www.alfen.pl\/fr\/wp-json\/wp\/v2\/pages\/3564\/revisions"}],"predecessor-version":[{"id":5659,"href":"https:\/\/www.alfen.pl\/fr\/wp-json\/wp\/v2\/pages\/3564\/revisions\/5659"}],"wp:featuredmedia":[{"embeddable":true,"href":"https:\/\/www.alfen.pl\/fr\/wp-json\/wp\/v2\/media\/4393"}],"wp:attachment":[{"href":"https:\/\/www.alfen.pl\/fr\/wp-json\/wp\/v2\/media?parent=3564"}],"curies":[{"name":"wp","href":"https:\/\/api.w.org\/{rel}","templated":true}]}}