{"id":3564,"date":"2022-07-19T18:42:31","date_gmt":"2022-07-19T16:42:31","guid":{"rendered":"https:\/\/www.alfen.pl\/balustrady\/"},"modified":"2024-08-14T09:09:46","modified_gmt":"2024-08-14T07:09:46","slug":"balustrady","status":"publish","type":"page","link":"https:\/\/www.alfen.pl\/sk\/balustrady\/","title":{"rendered":"Z\u00e1bradlia"},"content":{"rendered":"<div class=\"wp-block-advgb-container advgb-blocks-container\">\n<figure class=\"wp-block-image size-full\"><img loading=\"lazy\" decoding=\"async\" width=\"1920\" height=\"1080\" src=\"https:\/\/www.alfen.pl\/wp-content\/uploads\/2022\/07\/Alfen-B01.jpg\" alt=\"\" class=\"wp-image-3649\" srcset=\"https:\/\/www.alfen.pl\/wp-content\/uploads\/2022\/07\/Alfen-B01.jpg 1920w, https:\/\/www.alfen.pl\/wp-content\/uploads\/2022\/07\/Alfen-B01-500x281.jpg 500w, https:\/\/www.alfen.pl\/wp-content\/uploads\/2022\/07\/Alfen-B01-1024x576.jpg 1024w, https:\/\/www.alfen.pl\/wp-content\/uploads\/2022\/07\/Alfen-B01-768x432.jpg 768w, https:\/\/www.alfen.pl\/wp-content\/uploads\/2022\/07\/Alfen-B01-1536x864.jpg 1536w\" sizes=\"auto, (max-width: 1920px) 100vw, 1920px\" \/><\/figure>\n\n\n\n<div style=\"height:72px\" aria-hidden=\"true\" class=\"wp-block-spacer\"><\/div>\n\n\n\n<h2 class=\"wp-block-heading\" style=\"font-size:30px\">Balk\u00f3nov\u00e9 z\u00e1bradlie - dizajn a kvalita na dlh\u00e9 roky<\/h2>\n\n\n\n<div style=\"height:9px\" aria-hidden=\"true\" class=\"wp-block-spacer\"><\/div>\n\n\n\n<p style=\"font-size:16px\">Ka\u017ed\u00fd mal po\u010das svojho \u017eivota mo\u017enos\u0165 vidie\u0165 tis\u00edce balk\u00f3nov\u00fdch z\u00e1bradl\u00ed r\u00f4znych \u0161t\u00fdlov. Sta\u010d\u00ed sa pozrie\u0165 do ktor\u00e9hoko\u013evek panel\u00e1ku, aby ste videli desiatky tak\u00fdchto kon\u0161trukci\u00ed. Na jednej strane maj\u00fa praktick\u00fa funkciu - ohradenie priestoru balk\u00f3na - a na druhej strane s\u00fa v\u00fdraznou dekor\u00e1ciou. Zladi\u0165 tieto \u00falohy nie je jednoduch\u00e9, ale je to mo\u017en\u00e9, ak si vyberiete hlin\u00edkov\u00e9 z\u00e1bradlie spr\u00e1vnej kvality, ktor\u00e9 navrhli a vyrobili odborn\u00edci. Pr\u00e1ve tak\u00e9to modely pon\u00fakame na\u0161im z\u00e1kazn\u00edkom.<\/p>\n\n\n\n<p style=\"font-size:16px\">Sme presved\u010den\u00ed, \u017ee tieto v\u00fdrobky nesklam\u00fa o\u010dak\u00e1vania ani t\u00fdch najn\u00e1ro\u010dnej\u0161\u00edch \u013eud\u00ed. Bud\u00fa nielen zdobi\u0165 vonkaj\u0161iu kon\u0161trukciu budovy, ale aj chr\u00e1ni\u0165 priestor balk\u00f3na, kde sa pohybuj\u00fa dospel\u00ed a deti. Balk\u00f3nov\u00e9 z\u00e1bradlie z na\u0161ej ponuky si k\u00fapite na dlh\u00e9 roky. Z \u0165a\u017ek\u00fdch \"s\u00fabojov\" s po\u010das\u00edm, od extr\u00e9mnych tepl\u00f4t a\u017e po sne\u017eenie \u010di d\u00e1\u017e\u010f, vyjde v\u00ed\u0165azne. Potrebujete podrobn\u00e9 inform\u00e1cie? Sta\u010d\u00ed n\u00e1m zavola\u0165.<\/p>\n\n\n\n<div style=\"height:15px\" aria-hidden=\"true\" class=\"wp-block-spacer\"><\/div>\n\n\n\n<h2 class=\"wp-block-heading\" style=\"font-size:30px\">Prec\u00edzne vyroben\u00e9 z\u00e1bradlia z najlep\u0161\u00edch materi\u00e1lov<\/h2>\n\n\n\n<div style=\"height:9px\" aria-hidden=\"true\" class=\"wp-block-spacer\"><\/div>\n\n\n\n<p style=\"font-size:16px\">Ako zist\u00edte, \u010di je balk\u00f3nov\u00e9 z\u00e1bradlie na vysokej \u00farovni? V prvom rade s\u00fa d\u00f4le\u017eit\u00e9 materi\u00e1ly pou\u017eit\u00e9 pri v\u00fdrobe. Len tie najlep\u0161ie materi\u00e1ly dostato\u010dne odol\u00e1vaj\u00fa po\u0161kodeniu alebo deform\u00e1cii. Materi\u00e1l by mal by\u0165 primerane chr\u00e1nen\u00fd, aby zostal necitliv\u00fd na poveternostn\u00e9 podmienky. Ka\u017ed\u00e9 hlin\u00edkov\u00e9 z\u00e1bradlie v na\u0161om sortimente sp\u013a\u0148a tieto po\u017eiadavky. V tejto veci n\u00e1m m\u00f4\u017eete d\u00f4verova\u0165, preto\u017ee ploty vyr\u00e1bame u\u017e nieko\u013eko desa\u0165ro\u010d\u00ed. Sme sk\u00fasen\u00ed odborn\u00edci.<\/p>\n\n\n\n<p style=\"font-size:16px\">Pri v\u00fdbere ide\u00e1lneho v\u00fdrobku je potrebn\u00e9 venova\u0165 pozornos\u0165 kon\u0161truk\u010dn\u00fdm detailom, ako s\u00fa spoje prvkov. Len prec\u00edzne navrhnut\u00e9 a n\u00e1sledne vyroben\u00e9 z\u00e1bradlia s\u00fa dostato\u010dne stabiln\u00e9. Vzh\u013eadom na zna\u010dn\u00fa v\u00fd\u0161ku, v ktorej sa hlin\u00edkov\u00e9 z\u00e1bradlia \u010dasto in\u0161taluj\u00fa, je to ve\u013emi d\u00f4le\u017eit\u00e9. Sme schopn\u00ed zaru\u010di\u0165 vyhovuj\u00face parametre, preto\u017ee sme vyvinuli vlastn\u00fd syst\u00e9m hlin\u00edkov\u00fdch profilov s nadpriemern\u00fdmi vlastnos\u0165ami. Poz\u00fdvame v\u00e1s na n\u00e1kup alebo n\u00e1s kontaktujte!<\/p>\n<\/div>","protected":false},"excerpt":{"rendered":"<p>Modely tejto skupiny sa vyzna\u010duj\u00fa horizont\u00e1lnym usporiadan\u00edm lamiel. Vyr\u00e1baj\u00fa sa z profilov v tvare obd\u013a\u017enika alebo rovnobe\u017en\u00edka. Lamely maj\u00fa ve\u013ekos\u0165 od 50 mm do 200 mm. V\u010faka \u0161irokej \u0161k\u00e1le mo\u017enost\u00ed konfigur\u00e1cie (ve\u013ekos\u0165, tvar, usporiadanie a rozstupy medzi lamelami) mo\u017eno modely tejto skupiny prisp\u00f4sobi\u0165 ve\u013emi modern\u00fdm architektonick\u00fdm n\u00e1vrhom aj klasick\u00fdm domom.<\/p>","protected":false},"author":1,"featured_media":4393,"parent":0,"menu_order":0,"comment_status":"closed","ping_status":"closed","template":"","meta":{"inline_featured_image":false,"_uag_custom_page_level_css":"","advgb_blocks_editor_width":"","advgb_blocks_columns_visual_guide":"","footnotes":""},"class_list":["post-3564","page","type-page","status-publish","has-post-thumbnail","hentry"],"yoast_head":"<!-- This site is optimized with the Yoast SEO plugin v27.4 - https:\/\/yoast.com\/product\/yoast-seo-wordpress\/ -->\n<title>Balustrada balkonowa | Alfen<\/title>\n<meta name=\"description\" content=\"Odkryj estetyczne i trwa\u0142e balustrady Alfen. Stw\u00f3rz bezpieczn\u0105 przestrze\u0144 dla siebie i bliskich. Oferujemy wiele wzor\u00f3w i opcji dostosowania do Twoich potrzeb.\" \/>\n<meta name=\"robots\" content=\"index, follow, max-snippet:-1, max-image-preview:large, max-video-preview:-1\" \/>\n<link rel=\"canonical\" href=\"https:\/\/www.alfen.pl\/sk\/balustrady\/\" \/>\n<meta property=\"og:locale\" content=\"sk_SK\" \/>\n<meta property=\"og:type\" content=\"article\" \/>\n<meta property=\"og:title\" content=\"Balustrada balkonowa | Alfen\" \/>\n<meta property=\"og:description\" content=\"Odkryj estetyczne i trwa\u0142e balustrady Alfen. Stw\u00f3rz bezpieczn\u0105 przestrze\u0144 dla siebie i bliskich. Oferujemy wiele wzor\u00f3w i opcji dostosowania do Twoich potrzeb.\" \/>\n<meta property=\"og:url\" content=\"https:\/\/www.alfen.pl\/sk\/balustrady\/\" \/>\n<meta property=\"og:site_name\" content=\"Alfen\" \/>\n<meta property=\"article:modified_time\" content=\"2024-08-14T07:09:46+00:00\" \/>\n<meta property=\"og:image\" content=\"https:\/\/www.alfen.pl\/wp-content\/uploads\/2023\/05\/r06-main.jpg\" \/>\n\t<meta property=\"og:image:width\" content=\"1920\" \/>\n\t<meta property=\"og:image:height\" content=\"1080\" \/>\n\t<meta property=\"og:image:type\" content=\"image\/jpeg\" \/>\n<meta name=\"twitter:card\" content=\"summary_large_image\" \/>\n<meta name=\"twitter:label1\" content=\"Predpokladan\u00fd \u010das \u010d\u00edtania\" \/>\n\t<meta name=\"twitter:data1\" content=\"2 min\u00faty\" \/>\n<script type=\"application\/ld+json\" class=\"yoast-schema-graph\">{\"@context\":\"https:\\\/\\\/schema.org\",\"@graph\":[{\"@type\":\"WebPage\",\"@id\":\"https:\\\/\\\/www.alfen.pl\\\/balustrady\\\/\",\"url\":\"https:\\\/\\\/www.alfen.pl\\\/balustrady\\\/\",\"name\":\"Balustrada balkonowa | Alfen\",\"isPartOf\":{\"@id\":\"https:\\\/\\\/www.alfen.pl\\\/#website\"},\"primaryImageOfPage\":{\"@id\":\"https:\\\/\\\/www.alfen.pl\\\/balustrady\\\/#primaryimage\"},\"image\":{\"@id\":\"https:\\\/\\\/www.alfen.pl\\\/balustrady\\\/#primaryimage\"},\"thumbnailUrl\":\"https:\\\/\\\/www.alfen.pl\\\/wp-content\\\/uploads\\\/2023\\\/05\\\/r06-main.jpg\",\"datePublished\":\"2022-07-19T16:42:31+00:00\",\"dateModified\":\"2024-08-14T07:09:46+00:00\",\"description\":\"Odkryj estetyczne i trwa\u0142e balustrady Alfen. Stw\u00f3rz bezpieczn\u0105 przestrze\u0144 dla siebie i bliskich. Oferujemy wiele wzor\u00f3w i opcji dostosowania do Twoich potrzeb.\",\"breadcrumb\":{\"@id\":\"https:\\\/\\\/www.alfen.pl\\\/balustrady\\\/#breadcrumb\"},\"inLanguage\":\"sk-SK\",\"potentialAction\":[{\"@type\":\"ReadAction\",\"target\":[\"https:\\\/\\\/www.alfen.pl\\\/balustrady\\\/\"]}]},{\"@type\":\"ImageObject\",\"inLanguage\":\"sk-SK\",\"@id\":\"https:\\\/\\\/www.alfen.pl\\\/balustrady\\\/#primaryimage\",\"url\":\"https:\\\/\\\/www.alfen.pl\\\/wp-content\\\/uploads\\\/2023\\\/05\\\/r06-main.jpg\",\"contentUrl\":\"https:\\\/\\\/www.alfen.pl\\\/wp-content\\\/uploads\\\/2023\\\/05\\\/r06-main.jpg\",\"width\":1920,\"height\":1080},{\"@type\":\"BreadcrumbList\",\"@id\":\"https:\\\/\\\/www.alfen.pl\\\/balustrady\\\/#breadcrumb\",\"itemListElement\":[{\"@type\":\"ListItem\",\"position\":1,\"name\":\"Alfen\",\"item\":\"https:\\\/\\\/www.alfen.pl\\\/\"},{\"@type\":\"ListItem\",\"position\":2,\"name\":\"Balustrady\"}]},{\"@type\":\"WebSite\",\"@id\":\"https:\\\/\\\/www.alfen.pl\\\/#website\",\"url\":\"https:\\\/\\\/www.alfen.pl\\\/\",\"name\":\"Alfen\",\"description\":\"Premium aluminum fences\",\"publisher\":{\"@id\":\"https:\\\/\\\/www.alfen.pl\\\/#organization\"},\"potentialAction\":[{\"@type\":\"SearchAction\",\"target\":{\"@type\":\"EntryPoint\",\"urlTemplate\":\"https:\\\/\\\/www.alfen.pl\\\/?s={search_term_string}\"},\"query-input\":{\"@type\":\"PropertyValueSpecification\",\"valueRequired\":true,\"valueName\":\"search_term_string\"}}],\"inLanguage\":\"sk-SK\"},{\"@type\":\"Organization\",\"@id\":\"https:\\\/\\\/www.alfen.pl\\\/#organization\",\"name\":\"Alfen\",\"url\":\"https:\\\/\\\/www.alfen.pl\\\/\",\"logo\":{\"@type\":\"ImageObject\",\"inLanguage\":\"sk-SK\",\"@id\":\"https:\\\/\\\/www.alfen.pl\\\/#\\\/schema\\\/logo\\\/image\\\/\",\"url\":\"https:\\\/\\\/www.alfen.pl\\\/wp-content\\\/uploads\\\/2023\\\/05\\\/logo-alfen-pn6g1u7a96jpxbbl1fnd7lrrq2do24o5l3xhqiompy.png\",\"contentUrl\":\"https:\\\/\\\/www.alfen.pl\\\/wp-content\\\/uploads\\\/2023\\\/05\\\/logo-alfen-pn6g1u7a96jpxbbl1fnd7lrrq2do24o5l3xhqiompy.png\",\"width\":150,\"height\":39,\"caption\":\"Alfen\"},\"image\":{\"@id\":\"https:\\\/\\\/www.alfen.pl\\\/#\\\/schema\\\/logo\\\/image\\\/\"}}]}<\/script>\n<!-- \/ Yoast SEO plugin. -->","yoast_head_json":{"title":"Balustrada balkonowa | Alfen","description":"Odkryj estetyczne i trwa\u0142e balustrady Alfen. Stw\u00f3rz bezpieczn\u0105 przestrze\u0144 dla siebie i bliskich. Oferujemy wiele wzor\u00f3w i opcji dostosowania do Twoich potrzeb.","robots":{"index":"index","follow":"follow","max-snippet":"max-snippet:-1","max-image-preview":"max-image-preview:large","max-video-preview":"max-video-preview:-1"},"canonical":"https:\/\/www.alfen.pl\/sk\/balustrady\/","og_locale":"sk_SK","og_type":"article","og_title":"Balustrada balkonowa | Alfen","og_description":"Odkryj estetyczne i trwa\u0142e balustrady Alfen. Stw\u00f3rz bezpieczn\u0105 przestrze\u0144 dla siebie i bliskich. Oferujemy wiele wzor\u00f3w i opcji dostosowania do Twoich potrzeb.","og_url":"https:\/\/www.alfen.pl\/sk\/balustrady\/","og_site_name":"Alfen","article_modified_time":"2024-08-14T07:09:46+00:00","og_image":[{"width":1920,"height":1080,"url":"https:\/\/www.alfen.pl\/wp-content\/uploads\/2023\/05\/r06-main.jpg","type":"image\/jpeg"}],"twitter_card":"summary_large_image","twitter_misc":{"Predpokladan\u00fd \u010das \u010d\u00edtania":"2 min\u00faty"},"schema":{"@context":"https:\/\/schema.org","@graph":[{"@type":"WebPage","@id":"https:\/\/www.alfen.pl\/balustrady\/","url":"https:\/\/www.alfen.pl\/balustrady\/","name":"Balustrada balkonowa | Alfen","isPartOf":{"@id":"https:\/\/www.alfen.pl\/#website"},"primaryImageOfPage":{"@id":"https:\/\/www.alfen.pl\/balustrady\/#primaryimage"},"image":{"@id":"https:\/\/www.alfen.pl\/balustrady\/#primaryimage"},"thumbnailUrl":"https:\/\/www.alfen.pl\/wp-content\/uploads\/2023\/05\/r06-main.jpg","datePublished":"2022-07-19T16:42:31+00:00","dateModified":"2024-08-14T07:09:46+00:00","description":"Odkryj estetyczne i trwa\u0142e balustrady Alfen. Stw\u00f3rz bezpieczn\u0105 przestrze\u0144 dla siebie i bliskich. Oferujemy wiele wzor\u00f3w i opcji dostosowania do Twoich potrzeb.","breadcrumb":{"@id":"https:\/\/www.alfen.pl\/balustrady\/#breadcrumb"},"inLanguage":"sk-SK","potentialAction":[{"@type":"ReadAction","target":["https:\/\/www.alfen.pl\/balustrady\/"]}]},{"@type":"ImageObject","inLanguage":"sk-SK","@id":"https:\/\/www.alfen.pl\/balustrady\/#primaryimage","url":"https:\/\/www.alfen.pl\/wp-content\/uploads\/2023\/05\/r06-main.jpg","contentUrl":"https:\/\/www.alfen.pl\/wp-content\/uploads\/2023\/05\/r06-main.jpg","width":1920,"height":1080},{"@type":"BreadcrumbList","@id":"https:\/\/www.alfen.pl\/balustrady\/#breadcrumb","itemListElement":[{"@type":"ListItem","position":1,"name":"Alfen","item":"https:\/\/www.alfen.pl\/"},{"@type":"ListItem","position":2,"name":"Balustrady"}]},{"@type":"WebSite","@id":"https:\/\/www.alfen.pl\/#website","url":"https:\/\/www.alfen.pl\/","name":"Alfen","description":"Pr\u00e9miov\u00e9 hlin\u00edkov\u00e9 ploty","publisher":{"@id":"https:\/\/www.alfen.pl\/#organization"},"potentialAction":[{"@type":"SearchAction","target":{"@type":"EntryPoint","urlTemplate":"https:\/\/www.alfen.pl\/?s={search_term_string}"},"query-input":{"@type":"PropertyValueSpecification","valueRequired":true,"valueName":"search_term_string"}}],"inLanguage":"sk-SK"},{"@type":"Organization","@id":"https:\/\/www.alfen.pl\/#organization","name":"Alfen","url":"https:\/\/www.alfen.pl\/","logo":{"@type":"ImageObject","inLanguage":"sk-SK","@id":"https:\/\/www.alfen.pl\/#\/schema\/logo\/image\/","url":"https:\/\/www.alfen.pl\/wp-content\/uploads\/2023\/05\/logo-alfen-pn6g1u7a96jpxbbl1fnd7lrrq2do24o5l3xhqiompy.png","contentUrl":"https:\/\/www.alfen.pl\/wp-content\/uploads\/2023\/05\/logo-alfen-pn6g1u7a96jpxbbl1fnd7lrrq2do24o5l3xhqiompy.png","width":150,"height":39,"caption":"Alfen"},"image":{"@id":"https:\/\/www.alfen.pl\/#\/schema\/logo\/image\/"}}]}},"uagb_featured_image_src":{"full":["https:\/\/www.alfen.pl\/wp-content\/uploads\/2023\/05\/r06-main.jpg",1920,1080,false],"thumbnail":["https:\/\/www.alfen.pl\/wp-content\/uploads\/2023\/05\/r06-main-150x150.jpg",150,150,true],"medium":["https:\/\/www.alfen.pl\/wp-content\/uploads\/2023\/05\/r06-main-500x281.jpg",500,281,true],"medium_large":["https:\/\/www.alfen.pl\/wp-content\/uploads\/2023\/05\/r06-main-768x432.jpg",768,432,true],"large":["https:\/\/www.alfen.pl\/wp-content\/uploads\/2023\/05\/r06-main-1024x576.jpg",1024,576,true],"1536x1536":["https:\/\/www.alfen.pl\/wp-content\/uploads\/2023\/05\/r06-main-1536x864.jpg",1536,864,true],"2048x2048":["https:\/\/www.alfen.pl\/wp-content\/uploads\/2023\/05\/r06-main.jpg",1920,1080,false],"trp-custom-language-flag":["https:\/\/www.alfen.pl\/wp-content\/uploads\/2023\/05\/r06-main-18x10.jpg",18,10,true]},"uagb_author_info":{"display_name":"jakub","author_link":"https:\/\/www.alfen.pl\/sk\/author\/jakub\/"},"uagb_comment_info":0,"uagb_excerpt":"Modele w te grupie charakteryzuj\u0105 si\u0119 poziomym uk\u0142adem lameli. Zbudowane s\u0105 z profili o kszta\u0142cie prostok\u0105ta lub r\u00f3wnoleg\u0142oboku. Lamele maj\u0105 rozmiar od 50mm do 200mm. Dzi\u0119ki szerokim mo\u017cliwo\u015bciom konfiguracji (rozmiar, kszta\u0142t, u\u0142o\u017cenie oraz odst\u0119p mi\u0119dzy lamelami), modele z tej grupy mo\u017cna dopasowa\u0107 zar\u00f3wno do bardzo nowoczesnych projekt\u00f3w architektonicznych jak i klasycznych dom\u00f3w.","coauthors":[],"author_meta":{"author_link":"https:\/\/www.alfen.pl\/sk\/author\/jakub\/","display_name":"jakub"},"relative_dates":{"created":"Posted 4 roky ago","modified":"Updated 2 roky ago"},"absolute_dates":{"created":"Posted on 19 j\u00fala 2022","modified":"Updated on 14 augusta 2024"},"absolute_dates_time":{"created":"Posted on 19 j\u00fala 2022 18:42","modified":"Updated on 14 augusta 2024 09:09"},"featured_img_caption":"","featured_img":"https:\/\/www.alfen.pl\/wp-content\/uploads\/2023\/05\/r06-main.jpg","series_order":"","_links":{"self":[{"href":"https:\/\/www.alfen.pl\/sk\/wp-json\/wp\/v2\/pages\/3564","targetHints":{"allow":["GET"]}}],"collection":[{"href":"https:\/\/www.alfen.pl\/sk\/wp-json\/wp\/v2\/pages"}],"about":[{"href":"https:\/\/www.alfen.pl\/sk\/wp-json\/wp\/v2\/types\/page"}],"author":[{"embeddable":true,"href":"https:\/\/www.alfen.pl\/sk\/wp-json\/wp\/v2\/users\/1"}],"replies":[{"embeddable":true,"href":"https:\/\/www.alfen.pl\/sk\/wp-json\/wp\/v2\/comments?post=3564"}],"version-history":[{"count":1,"href":"https:\/\/www.alfen.pl\/sk\/wp-json\/wp\/v2\/pages\/3564\/revisions"}],"predecessor-version":[{"id":5659,"href":"https:\/\/www.alfen.pl\/sk\/wp-json\/wp\/v2\/pages\/3564\/revisions\/5659"}],"wp:featuredmedia":[{"embeddable":true,"href":"https:\/\/www.alfen.pl\/sk\/wp-json\/wp\/v2\/media\/4393"}],"wp:attachment":[{"href":"https:\/\/www.alfen.pl\/sk\/wp-json\/wp\/v2\/media?parent=3564"}],"curies":[{"name":"wp","href":"https:\/\/api.w.org\/{rel}","templated":true}]}}