{"id":5774,"date":"2025-07-25T11:39:40","date_gmt":"2025-07-25T09:39:40","guid":{"rendered":"https:\/\/www.alfen.pl\/?page_id=5774"},"modified":"2025-09-15T09:13:20","modified_gmt":"2025-09-15T07:13:20","slug":"bramy-przesuwne-z-napedem","status":"publish","type":"page","link":"https:\/\/www.alfen.pl\/sk\/bramy-przesuwne-z-napedem\/","title":{"rendered":"Bramy przesuwne z nap\u0119dem"},"content":{"rendered":"<h2 class=\"wp-block-heading offer-page__heading\">Zastosowanie Bram Przesuwnych w Codziennym \u017byciu<\/h2>\n\n\n\n<p>Rozumiemy, jak wa\u017cna jest codzienna wygoda i funkcjonalno\u015b\u0107, dlatego w Alfen Ogrodzenia Aluminiowe tworzymy rozwi\u0105zania, kt\u00f3re u\u0142atwiaj\u0105 \u017cycie i dobrze si\u0119 prezentuj\u0105. Oferujemy <strong>bramy przesuwne<\/strong> z <strong>nap\u0119dem<\/strong>, kt\u00f3re \u015bwietnie wpisuj\u0105 si\u0119 w nowoczesne podej\u015bcie do aran\u017cacji przestrzeni. Nasze <strong>bramy przesuwne<\/strong> to odpowiednie rozwi\u0105zanie dla os\u00f3b ceni\u0105cych sobie oszcz\u0119dno\u015b\u0107 miejsca. Dzi\u0119ki nim mo\u017cesz parkowa\u0107 pojazd blisko bramy bez obawy o uszkodzenia, co jest szczeg\u00f3lnie istotne na mniejszych posesjach. Bezpiecze\u0144stwo jest dla nas priorytetem, dlatego nasze bramy s\u0105 bezpieczne i odporne na niekorzystne warunki atmosferyczne.<\/p>\n\n\n\n<p>Wyposa\u017cenie <strong>bram przesuwnych<\/strong> w <strong>nap\u0119d<\/strong> eliminuje potrzeb\u0119 wychodzenia z samochodu, co znacz\u0105co podnosi Tw\u00f3j komfort u\u017cytkowania. Dzi\u0119ki zaawansowanemu technologicznie systemowi otwierania za pomoc\u0105 pilota mo\u017cesz cieszy\u0107 si\u0119 niezak\u0142\u00f3conym dost\u0119pem do swojej posesji niezale\u017cnie od pogody. W Alfen ogrodzenia aluminiowe dbamy o najwy\u017csz\u0105 jako\u015b\u0107 naszych produkt\u00f3w, ich malowanie oraz estetyk\u0119 wykonania. Dba\u0142o\u015b\u0107 o szczeg\u00f3\u0142y i innowacyjne podej\u015bcie sprawiaj\u0105, \u017ce nasze <strong>bramy przesuwne<\/strong> z <strong>nap\u0119dem<\/strong> stanowi\u0105 przewag\u0119 konkurencyjn\u0105 i spe\u0142ni\u0105 oczekiwania najbardziej wymagaj\u0105cych u\u017cytkownik\u00f3w.<\/p>\n\n\n\n<h2 class=\"wp-block-heading offer-page__heading\">Indywidualne Dopasowanie Modeli do Wymaga\u0144 Klienta<\/h2>\n\n\n\n<p>W Alfen zdajemy sobie spraw\u0119, \u017ce ka\u017cde ogrodzenie wymaga indywidualnego podej\u015bcia. Dlatego oferujemy <strong>bramy przesuwne<\/strong> z <strong>nap\u0119dem<\/strong>, kt\u00f3re mo\u017cna dostosowa\u0107 do Twoich potrzeb. Personalizacja naszych produkt\u00f3w to klucz do stworzenia odpowiedniej <strong>bramy przesuwnej<\/strong>, kt\u00f3ra harmonijnie wpisze si\u0119 w styl Twojej posesji. Mo\u017cesz wybiera\u0107 spo\u015br\u00f3d szerokiej gamy wzor\u00f3w i kolor\u00f3w, co pozwoli Ci na stworzenie rozwi\u0105zania, kt\u00f3re idealnie pasuje do Twojego gustu i przestrzeni.<\/p>\n\n\n\n<p>Nasze <strong>bramy przesuwne<\/strong> z <strong>nap\u0119dem<\/strong> mo\u017cna dostosowa\u0107 nie tylko pod k\u0105tem estetyki, ale r\u00f3wnie\u017c funkcjonalno\u015bci. Wsp\u00f3\u0142pracujemy z Tob\u0105 na ka\u017cdym etapie, aby zapewni\u0107, \u017ce Twoja brama jest idealnie dopasowana do specyfikacji technicznych i u\u017cytkowych Twojej posesji. Dzi\u0119ki naszemu zaanga\u017cowaniu w ka\u017cdy detal otrzymujesz produkt, kt\u00f3ry nie tylko spe\u0142nia Twoje oczekiwania, lecz tak\u017ce staje si\u0119 integralnym elementem Twojego codziennego \u017cycia. Skorzystaj z naszej oferty, aby zyska\u0107 rozwi\u0105zanie, kt\u00f3re \u0142\u0105czy jako\u015b\u0107, estetyk\u0119 i technologi\u0119.<\/p>\n\n\n\n<h2 class=\"wp-block-heading offer-page__heading\">Odporno\u015b\u0107 i Trwa\u0142o\u015b\u0107 Bram Przesuwnych<\/h2>\n\n\n\n<p>Nasza firma oferuje <strong>bramy przesuwne<\/strong> z <strong>nap\u0119dem<\/strong>, kt\u00f3re charakteryzuj\u0105 si\u0119 wyj\u0105tkow\u0105 odporno\u015bci\u0105 i trwa\u0142o\u015bci\u0105. Wykorzystujemy materia\u0142y najwy\u017cszej jako\u015bci, co zapewnia d\u0142ugowieczno\u015b\u0107 naszych bram. Aluminium, z kt\u00f3rego wykonujemy nasze produkty, jest lekkie, ale jednocze\u015bnie bardzo wytrzyma\u0142e, co czyni je idealnym materia\u0142em do zewn\u0119trznych zastosowa\u0144. Dzi\u0119ki temu nasze <strong>bramy przesuwne<\/strong> zachowuj\u0105 sw\u00f3j wygl\u0105d i funkcjonalno\u015b\u0107 przez d\u0142ugie lata. Nasze <strong>bramy z nap\u0119dem<\/strong> s\u0105 odporne na dzia\u0142anie niekorzystnych warunk\u00f3w atmosferycznych, takich jak deszcz, wiatr czy \u015bnieg. Specjalna warstwa ochronna zabezpiecza je przed korozj\u0105, co jest kluczowe dla ich d\u0142ugoterminowej estetyki oraz dzia\u0142ania.<\/p>\n\n\n\n<p>Dzi\u0119ki tym w\u0142a\u015bciwo\u015bciom mo\u017cesz cieszy\u0107 si\u0119 niezawodno\u015bci\u0105 i elegancj\u0105 <strong>bramy przesuwnej<\/strong>, kt\u00f3ra rewelacyjnie wpisuje si\u0119 w aran\u017cacj\u0119 Twojej posesji. Skorzystaj z naszej oferty i zyskaj produkt, kt\u00f3ry \u0142\u0105czy w sobie solidno\u015b\u0107, nowoczesny design i technologiczn\u0105 innowacyjno\u015b\u0107. Co wi\u0119cej, bramy przesuwne Alfen wyposa\u017cone s\u0105 w wysokiej klasy automatyk\u0119, kt\u00f3ra zapewnia p\u0142ynne i ciche otwieranie oraz zamykanie \u2013 nawet w intensywnie u\u017cytkowanych warunkach. System nap\u0119du posiada funkcje bezpiecze\u0144stwa, takie jak detekcja przeszk\u00f3d i automatyczne zatrzymanie, co zwi\u0119ksza komfort oraz ochron\u0119 u\u017cytkownik\u00f3w. Dodatkowo bramy s\u0105 kompatybilne z nowoczesnymi systemami smart home, umo\u017cliwiaj\u0105c sterowanie za pomoc\u0105 aplikacji mobilnej lub pilota.<\/p>\n\n\n\n<h2 class=\"wp-block-heading offer-page__heading\">Komfort U\u017cytkowania Przez Ca\u0142y Rok<\/h2>\n\n\n\n<p>Alfen ogrodzenia aluminiowe oferuje <strong>bramy przesuwne<\/strong> z <strong>nap\u0119dem<\/strong>, kt\u00f3re zapewniaj\u0105 komfort u\u017cytkowania przez ca\u0142y rok. Dzi\u0119ki zaawansowanemu systemowi nap\u0119dowemu mo\u017cesz cieszy\u0107 si\u0119 bezproblemowym dzia\u0142aniem, niezale\u017cnie od panuj\u0105cych warunk\u00f3w atmosferycznych. Zastosowanie nowoczesnej technologii powoduje, \u017ce otwieranie i zamykanie bramy jest szybkie i \u0142atwe. Niezale\u017cnie od tego, czy pada deszcz, \u015bnieg, czy wieje silny wiatr, Twoja <strong>brama przesuwna<\/strong> dzia\u0142a bez zarzutu, zapewniaj\u0105c wygod\u0119 i bezpiecze\u0144stwo.<\/p>\n\n\n\n<p>Jednym z najwi\u0119kszych atut\u00f3w naszych <strong>bram z nap\u0119dem<\/strong> jest zdalne sterowanie za pomoc\u0105 pilota. Ta funkcja pozwala na otwarcie bramy bez konieczno\u015bci wychodzenia z samochodu, co jest szczeg\u00f3lnie wa\u017cne podczas niekorzystnej pogody. Pilot umo\u017cliwia r\u00f3wnie\u017c kontrol\u0119 z wi\u0119kszej odleg\u0142o\u015bci, co zwi\u0119ksza wygod\u0119 codziennego u\u017cytkowania. Skorzystaj z naszej oferty <strong>bram przesuwnych<\/strong> i do\u015bwiadcz komfortu, kt\u00f3ry idzie w parze z nowoczesn\u0105 technologi\u0105. Wybieraj\u0105c Alfen ogrodzenia aluminiowe, zyskujesz niezawodno\u015b\u0107 i wysok\u0105 jako\u015b\u0107 na lata.<\/p>\n\n\n\n<div class=\"offer-page__nav\">\n\t<p class=\"title\">Sprawd\u017a r\u00f3wnie\u017c<\/p>\n\t<ul>\n\t\t<li><a href=\"https:\/\/www.alfen.pl\/sk\/bramy-dwuskrzydlowe\/\">Bramy dwuskrzyd\u0142owe<\/a><\/li>\n\t\t<li><a href=\"https:\/\/www.alfen.pl\/sk\/bramy-lamane\/\">Bramy \u0142amane<\/a><\/li>\n\t\t<li><a href=\"https:\/\/www.alfen.pl\/sk\/bramy-przesuwne-bez-przeciwwagi\/\">Bramy przesuwne bez przeciwwagi<\/a><\/li>\n\t<\/ul>\n<\/div>","protected":false},"excerpt":{"rendered":"<p>&nbsp;<\/p>","protected":false},"author":21,"featured_media":4404,"parent":0,"menu_order":0,"comment_status":"closed","ping_status":"closed","template":"","meta":{"inline_featured_image":false,"_uag_custom_page_level_css":"","advgb_blocks_editor_width":"","advgb_blocks_columns_visual_guide":"","footnotes":""},"class_list":["post-5774","page","type-page","status-publish","has-post-thumbnail","hentry"],"yoast_head":"<!-- This site is optimized with the Yoast SEO plugin v27.4 - https:\/\/yoast.com\/product\/yoast-seo-wordpress\/ -->\n<title>Bramy przesuwne z nap\u0119dem - Producent bram i ogrodze\u0144 aluminiowych | Alfen<\/title>\n<meta name=\"description\" content=\"Brama przesuwna z nap\u0119dem \u2013 komfort i bezpiecze\u0144stwo u\u017cytkowania. Odpowiednie do ka\u017cdej posesji, dost\u0119pne w wielu stylach. Sprawd\u017a nasze rozwi\u0105zania!\" \/>\n<meta name=\"robots\" content=\"index, follow, max-snippet:-1, max-image-preview:large, max-video-preview:-1\" \/>\n<link rel=\"canonical\" href=\"https:\/\/www.alfen.pl\/sk\/bramy-przesuwne-z-napedem\/\" \/>\n<meta property=\"og:locale\" content=\"sk_SK\" \/>\n<meta property=\"og:type\" content=\"article\" \/>\n<meta property=\"og:title\" content=\"Bramy przesuwne z nap\u0119dem - Producent bram i ogrodze\u0144 aluminiowych | Alfen\" \/>\n<meta property=\"og:description\" content=\"Brama przesuwna z nap\u0119dem \u2013 komfort i bezpiecze\u0144stwo u\u017cytkowania. Odpowiednie do ka\u017cdej posesji, dost\u0119pne w wielu stylach. Sprawd\u017a nasze rozwi\u0105zania!\" \/>\n<meta property=\"og:url\" content=\"https:\/\/www.alfen.pl\/sk\/bramy-przesuwne-z-napedem\/\" \/>\n<meta property=\"og:site_name\" content=\"Alfen\" \/>\n<meta property=\"article:modified_time\" content=\"2025-09-15T07:13:20+00:00\" \/>\n<meta property=\"og:image\" content=\"https:\/\/www.alfen.pl\/wp-content\/uploads\/2023\/05\/R06-Brama-main.jpg\" \/>\n\t<meta property=\"og:image:width\" content=\"1920\" \/>\n\t<meta property=\"og:image:height\" content=\"1080\" \/>\n\t<meta property=\"og:image:type\" content=\"image\/jpeg\" \/>\n<meta name=\"twitter:card\" content=\"summary_large_image\" \/>\n<meta name=\"twitter:label1\" content=\"Predpokladan\u00fd \u010das \u010d\u00edtania\" \/>\n\t<meta name=\"twitter:data1\" content=\"5 min\u00fat\" \/>\n<script type=\"application\/ld+json\" class=\"yoast-schema-graph\">{\"@context\":\"https:\\\/\\\/schema.org\",\"@graph\":[{\"@type\":\"WebPage\",\"@id\":\"https:\\\/\\\/www.alfen.pl\\\/bramy-przesuwne-z-napedem\\\/\",\"url\":\"https:\\\/\\\/www.alfen.pl\\\/bramy-przesuwne-z-napedem\\\/\",\"name\":\"Bramy przesuwne z nap\u0119dem - Producent bram i ogrodze\u0144 aluminiowych | Alfen\",\"isPartOf\":{\"@id\":\"https:\\\/\\\/www.alfen.pl\\\/#website\"},\"primaryImageOfPage\":{\"@id\":\"https:\\\/\\\/www.alfen.pl\\\/bramy-przesuwne-z-napedem\\\/#primaryimage\"},\"image\":{\"@id\":\"https:\\\/\\\/www.alfen.pl\\\/bramy-przesuwne-z-napedem\\\/#primaryimage\"},\"thumbnailUrl\":\"https:\\\/\\\/www.alfen.pl\\\/wp-content\\\/uploads\\\/2023\\\/05\\\/R06-Brama-main.jpg\",\"datePublished\":\"2025-07-25T09:39:40+00:00\",\"dateModified\":\"2025-09-15T07:13:20+00:00\",\"description\":\"Brama przesuwna z nap\u0119dem \u2013 komfort i bezpiecze\u0144stwo u\u017cytkowania. Odpowiednie do ka\u017cdej posesji, dost\u0119pne w wielu stylach. Sprawd\u017a nasze rozwi\u0105zania!\",\"breadcrumb\":{\"@id\":\"https:\\\/\\\/www.alfen.pl\\\/bramy-przesuwne-z-napedem\\\/#breadcrumb\"},\"inLanguage\":\"sk-SK\",\"potentialAction\":[{\"@type\":\"ReadAction\",\"target\":[\"https:\\\/\\\/www.alfen.pl\\\/bramy-przesuwne-z-napedem\\\/\"]}]},{\"@type\":\"ImageObject\",\"inLanguage\":\"sk-SK\",\"@id\":\"https:\\\/\\\/www.alfen.pl\\\/bramy-przesuwne-z-napedem\\\/#primaryimage\",\"url\":\"https:\\\/\\\/www.alfen.pl\\\/wp-content\\\/uploads\\\/2023\\\/05\\\/R06-Brama-main.jpg\",\"contentUrl\":\"https:\\\/\\\/www.alfen.pl\\\/wp-content\\\/uploads\\\/2023\\\/05\\\/R06-Brama-main.jpg\",\"width\":1920,\"height\":1080},{\"@type\":\"BreadcrumbList\",\"@id\":\"https:\\\/\\\/www.alfen.pl\\\/bramy-przesuwne-z-napedem\\\/#breadcrumb\",\"itemListElement\":[{\"@type\":\"ListItem\",\"position\":1,\"name\":\"Alfen\",\"item\":\"https:\\\/\\\/www.alfen.pl\\\/\"},{\"@type\":\"ListItem\",\"position\":2,\"name\":\"Bramy przesuwne z nap\u0119dem\"}]},{\"@type\":\"WebSite\",\"@id\":\"https:\\\/\\\/www.alfen.pl\\\/#website\",\"url\":\"https:\\\/\\\/www.alfen.pl\\\/\",\"name\":\"Alfen\",\"description\":\"Premium aluminum fences\",\"publisher\":{\"@id\":\"https:\\\/\\\/www.alfen.pl\\\/#organization\"},\"potentialAction\":[{\"@type\":\"SearchAction\",\"target\":{\"@type\":\"EntryPoint\",\"urlTemplate\":\"https:\\\/\\\/www.alfen.pl\\\/?s={search_term_string}\"},\"query-input\":{\"@type\":\"PropertyValueSpecification\",\"valueRequired\":true,\"valueName\":\"search_term_string\"}}],\"inLanguage\":\"sk-SK\"},{\"@type\":\"Organization\",\"@id\":\"https:\\\/\\\/www.alfen.pl\\\/#organization\",\"name\":\"Alfen\",\"url\":\"https:\\\/\\\/www.alfen.pl\\\/\",\"logo\":{\"@type\":\"ImageObject\",\"inLanguage\":\"sk-SK\",\"@id\":\"https:\\\/\\\/www.alfen.pl\\\/#\\\/schema\\\/logo\\\/image\\\/\",\"url\":\"https:\\\/\\\/www.alfen.pl\\\/wp-content\\\/uploads\\\/2023\\\/05\\\/logo-alfen-pn6g1u7a96jpxbbl1fnd7lrrq2do24o5l3xhqiompy.png\",\"contentUrl\":\"https:\\\/\\\/www.alfen.pl\\\/wp-content\\\/uploads\\\/2023\\\/05\\\/logo-alfen-pn6g1u7a96jpxbbl1fnd7lrrq2do24o5l3xhqiompy.png\",\"width\":150,\"height\":39,\"caption\":\"Alfen\"},\"image\":{\"@id\":\"https:\\\/\\\/www.alfen.pl\\\/#\\\/schema\\\/logo\\\/image\\\/\"}}]}<\/script>\n<!-- \/ Yoast SEO plugin. -->","yoast_head_json":{"title":"Bramy przesuwne z nap\u0119dem - Producent bram i ogrodze\u0144 aluminiowych | Alfen","description":"Brama przesuwna z nap\u0119dem \u2013 komfort i bezpiecze\u0144stwo u\u017cytkowania. Odpowiednie do ka\u017cdej posesji, dost\u0119pne w wielu stylach. Sprawd\u017a nasze rozwi\u0105zania!","robots":{"index":"index","follow":"follow","max-snippet":"max-snippet:-1","max-image-preview":"max-image-preview:large","max-video-preview":"max-video-preview:-1"},"canonical":"https:\/\/www.alfen.pl\/sk\/bramy-przesuwne-z-napedem\/","og_locale":"sk_SK","og_type":"article","og_title":"Bramy przesuwne z nap\u0119dem - Producent bram i ogrodze\u0144 aluminiowych | Alfen","og_description":"Brama przesuwna z nap\u0119dem \u2013 komfort i bezpiecze\u0144stwo u\u017cytkowania. Odpowiednie do ka\u017cdej posesji, dost\u0119pne w wielu stylach. Sprawd\u017a nasze rozwi\u0105zania!","og_url":"https:\/\/www.alfen.pl\/sk\/bramy-przesuwne-z-napedem\/","og_site_name":"Alfen","article_modified_time":"2025-09-15T07:13:20+00:00","og_image":[{"width":1920,"height":1080,"url":"https:\/\/www.alfen.pl\/wp-content\/uploads\/2023\/05\/R06-Brama-main.jpg","type":"image\/jpeg"}],"twitter_card":"summary_large_image","twitter_misc":{"Predpokladan\u00fd \u010das \u010d\u00edtania":"5 min\u00fat"},"schema":{"@context":"https:\/\/schema.org","@graph":[{"@type":"WebPage","@id":"https:\/\/www.alfen.pl\/bramy-przesuwne-z-napedem\/","url":"https:\/\/www.alfen.pl\/bramy-przesuwne-z-napedem\/","name":"Bramy przesuwne z nap\u0119dem - Producent bram i ogrodze\u0144 aluminiowych | Alfen","isPartOf":{"@id":"https:\/\/www.alfen.pl\/#website"},"primaryImageOfPage":{"@id":"https:\/\/www.alfen.pl\/bramy-przesuwne-z-napedem\/#primaryimage"},"image":{"@id":"https:\/\/www.alfen.pl\/bramy-przesuwne-z-napedem\/#primaryimage"},"thumbnailUrl":"https:\/\/www.alfen.pl\/wp-content\/uploads\/2023\/05\/R06-Brama-main.jpg","datePublished":"2025-07-25T09:39:40+00:00","dateModified":"2025-09-15T07:13:20+00:00","description":"Brama przesuwna z nap\u0119dem \u2013 komfort i bezpiecze\u0144stwo u\u017cytkowania. Odpowiednie do ka\u017cdej posesji, dost\u0119pne w wielu stylach. Sprawd\u017a nasze rozwi\u0105zania!","breadcrumb":{"@id":"https:\/\/www.alfen.pl\/bramy-przesuwne-z-napedem\/#breadcrumb"},"inLanguage":"sk-SK","potentialAction":[{"@type":"ReadAction","target":["https:\/\/www.alfen.pl\/bramy-przesuwne-z-napedem\/"]}]},{"@type":"ImageObject","inLanguage":"sk-SK","@id":"https:\/\/www.alfen.pl\/bramy-przesuwne-z-napedem\/#primaryimage","url":"https:\/\/www.alfen.pl\/wp-content\/uploads\/2023\/05\/R06-Brama-main.jpg","contentUrl":"https:\/\/www.alfen.pl\/wp-content\/uploads\/2023\/05\/R06-Brama-main.jpg","width":1920,"height":1080},{"@type":"BreadcrumbList","@id":"https:\/\/www.alfen.pl\/bramy-przesuwne-z-napedem\/#breadcrumb","itemListElement":[{"@type":"ListItem","position":1,"name":"Alfen","item":"https:\/\/www.alfen.pl\/"},{"@type":"ListItem","position":2,"name":"Bramy przesuwne z nap\u0119dem"}]},{"@type":"WebSite","@id":"https:\/\/www.alfen.pl\/#website","url":"https:\/\/www.alfen.pl\/","name":"Alfen","description":"Pr\u00e9miov\u00e9 hlin\u00edkov\u00e9 ploty","publisher":{"@id":"https:\/\/www.alfen.pl\/#organization"},"potentialAction":[{"@type":"SearchAction","target":{"@type":"EntryPoint","urlTemplate":"https:\/\/www.alfen.pl\/?s={search_term_string}"},"query-input":{"@type":"PropertyValueSpecification","valueRequired":true,"valueName":"search_term_string"}}],"inLanguage":"sk-SK"},{"@type":"Organization","@id":"https:\/\/www.alfen.pl\/#organization","name":"Alfen","url":"https:\/\/www.alfen.pl\/","logo":{"@type":"ImageObject","inLanguage":"sk-SK","@id":"https:\/\/www.alfen.pl\/#\/schema\/logo\/image\/","url":"https:\/\/www.alfen.pl\/wp-content\/uploads\/2023\/05\/logo-alfen-pn6g1u7a96jpxbbl1fnd7lrrq2do24o5l3xhqiompy.png","contentUrl":"https:\/\/www.alfen.pl\/wp-content\/uploads\/2023\/05\/logo-alfen-pn6g1u7a96jpxbbl1fnd7lrrq2do24o5l3xhqiompy.png","width":150,"height":39,"caption":"Alfen"},"image":{"@id":"https:\/\/www.alfen.pl\/#\/schema\/logo\/image\/"}}]}},"uagb_featured_image_src":{"full":["https:\/\/www.alfen.pl\/wp-content\/uploads\/2023\/05\/R06-Brama-main.jpg",1920,1080,false],"thumbnail":["https:\/\/www.alfen.pl\/wp-content\/uploads\/2023\/05\/R06-Brama-main-150x150.jpg",150,150,true],"medium":["https:\/\/www.alfen.pl\/wp-content\/uploads\/2023\/05\/R06-Brama-main-500x281.jpg",500,281,true],"medium_large":["https:\/\/www.alfen.pl\/wp-content\/uploads\/2023\/05\/R06-Brama-main-768x432.jpg",768,432,true],"large":["https:\/\/www.alfen.pl\/wp-content\/uploads\/2023\/05\/R06-Brama-main-1024x576.jpg",1024,576,true],"1536x1536":["https:\/\/www.alfen.pl\/wp-content\/uploads\/2023\/05\/R06-Brama-main-1536x864.jpg",1536,864,true],"2048x2048":["https:\/\/www.alfen.pl\/wp-content\/uploads\/2023\/05\/R06-Brama-main.jpg",1920,1080,false],"trp-custom-language-flag":["https:\/\/www.alfen.pl\/wp-content\/uploads\/2023\/05\/R06-Brama-main-18x10.jpg",18,10,true]},"uagb_author_info":{"display_name":"iCEA Prime","author_link":"https:\/\/www.alfen.pl\/sk\/author\/icea\/"},"uagb_comment_info":0,"uagb_excerpt":"&nbsp;","coauthors":[],"author_meta":{"author_link":"https:\/\/www.alfen.pl\/sk\/author\/icea\/","display_name":"iCEA Prime"},"relative_dates":{"created":"Posted 9 mesiacov ago","modified":"Updated 7 mesiacov ago"},"absolute_dates":{"created":"Posted on 25 j\u00fala 2025","modified":"Updated on 15 septembra 2025"},"absolute_dates_time":{"created":"Posted on 25 j\u00fala 2025 11:39","modified":"Updated on 15 septembra 2025 09:13"},"featured_img_caption":"","featured_img":"https:\/\/www.alfen.pl\/wp-content\/uploads\/2023\/05\/R06-Brama-main.jpg","series_order":"","_links":{"self":[{"href":"https:\/\/www.alfen.pl\/sk\/wp-json\/wp\/v2\/pages\/5774","targetHints":{"allow":["GET"]}}],"collection":[{"href":"https:\/\/www.alfen.pl\/sk\/wp-json\/wp\/v2\/pages"}],"about":[{"href":"https:\/\/www.alfen.pl\/sk\/wp-json\/wp\/v2\/types\/page"}],"author":[{"embeddable":true,"href":"https:\/\/www.alfen.pl\/sk\/wp-json\/wp\/v2\/users\/21"}],"replies":[{"embeddable":true,"href":"https:\/\/www.alfen.pl\/sk\/wp-json\/wp\/v2\/comments?post=5774"}],"version-history":[{"count":5,"href":"https:\/\/www.alfen.pl\/sk\/wp-json\/wp\/v2\/pages\/5774\/revisions"}],"predecessor-version":[{"id":5835,"href":"https:\/\/www.alfen.pl\/sk\/wp-json\/wp\/v2\/pages\/5774\/revisions\/5835"}],"wp:featuredmedia":[{"embeddable":true,"href":"https:\/\/www.alfen.pl\/sk\/wp-json\/wp\/v2\/media\/4404"}],"wp:attachment":[{"href":"https:\/\/www.alfen.pl\/sk\/wp-json\/wp\/v2\/media?parent=5774"}],"curies":[{"name":"wp","href":"https:\/\/api.w.org\/{rel}","templated":true}]}}